{"id":12205,"date":"2023-12-20T23:24:09","date_gmt":"2023-12-20T22:24:09","guid":{"rendered":"http:\/\/wav.wearevillage.org\/?page_id=12205"},"modified":"2023-12-20T23:24:09","modified_gmt":"2023-12-20T22:24:09","slug":"allgemeine-geschaeftsbedingungen-2","status":"publish","type":"page","link":"http:\/\/wav.wearevillage.org\/allgemeine-geschaeftsbedingungen\/","title":{"rendered":"Allgemeine Gesch\u00e4ftsbedingungen"},"content":{"rendered":"<div class=\"wpb-content-wrapper\"><div class=\"vc_row wpb_row vc_row-fluid\"><div class=\"wpb_column vc_column_container vc_col-sm-12\"><div class=\"vc_column-inner\"><div class=\"wpb_wrapper\">\n\t<div class=\"wpb_text_column wpb_content_element\" >\n\t\t<div class=\"wpb_wrapper\">\n\t\t\t<h2>Allgemeine Gesch\u00e4ftsbedingungen<\/h2>\n<p><strong>\u00a71 Allgemeines<\/strong><br \/>\nVertragspartner f\u00fcr die Events, Klassen, Seminare, Workshops Festivals und Trainings, die von we are village \/ village.berlin angeboten werden, sind je nach Angebot zur Zeit zwei Tr\u00e4ger. Dazu geh\u00f6ren we are village | queer matters ggmbh und der Stretch Village e.V.. Beide sind ans\u00e4\u00dfig in der Kurf\u00fcrstenstra\u00dfe 31-32, 10785 Berlin, Deutschland. Allen Leistungen im Rahmen der Veranstaltungen von we.are.village beim Veranstaltungsort village.berlin liegen diese Allgemeinen Gesch\u00e4ftsbedingungen zugrunde. Mit der Anmeldung erkennen Teilnehmende diese Allgemeinen Teilnahmebedingungen an. Sie gelten auch f\u00fcr alle k\u00fcnftigen Gesch\u00e4ftsbeziehungen, auch wenn sie nicht nochmals ausdr\u00fccklich vereinbart werden.<\/p>\n<p><strong>\u00a72 Anmeldung<\/strong><br \/>\nDie Anmeldungen zu den Veranstaltungen kann elektronisch (0nline) oder schriftlich per E-Mail erfolgen. Da die Teilnehmeranzahl f\u00fcr Veranstaltungen begrenzt ist, werden Anmeldungen in der Reihenfolge ihres Einganges ber\u00fccksichtigt. Mit der Zusendung der Anmeldebest\u00e4tigung erfolgt bei kostenpflichtigen Veranstaltungen auch die Zusendung der Rechnung, die sofort und ohne jeglichen Abzug zu begleichen ist.<strong><br \/>\n<\/strong><\/p>\n<p><strong>Online-Anmeldungen und Zahlungen per Kreditkarte<\/strong><br \/>\nOnline-Anmeldungen erfordern eine sofortige Zahlung per Kreditkarte (via PayPal) oder per \u00dcberweisung. We are village \/ village.berlin versichert den vertraulichen Umgang mit allen erlangten Daten der Karteninhaber:innen. Unter dem eigenen Nutzerkonto k\u00f6nnen Karteninhaber:innen Auskunft \u00fcber mindestens 90 Tage zur\u00fcckliegende Onlineanmeldungen- oder zahlungen einsehen.<br \/>\nW\u00e4hrend des Zahlungsvorgangs werden die Daten der Karteninhaber:innen \u00fcber SSL-Technologie verschl\u00fcsselt \u00fcbertragen. Abbuchungen auf dem Kreditkartenkonto erfolgen unter dem Namen des jeweiligen Rechtstr\u00e4gers \u2013 siehe oben. Nach erfolgter Zahlung per Kreditkarte erhalten Teilnehmende sofort die Anmeldebest\u00e4tigung und die Zugangsdaten zum Event sowie einen Zahlungsbeleg mit einer Transaktionskennung per E-Mail zugesandt. Diese sollten von Teilnehmenden an einem sicheren Ort einfach zug\u00e4nglich aufbewahrt werden. Sollte innerhalb von 24 Stunden keine Best\u00e4tigung per E-Mail eingetroffen sein, werden Reklamationen unter <a href=\"mailto:info@wearevillage.org\" target=\"_new\" rel=\"noopener\">info@wearevillage.org<\/a>\u00a0innerhalb von m\u00f6glichst zwei Arbeitstagen bearbeitet.<\/p>\n<p><strong>\u00a73\u00a0Abmeldung<\/strong><br \/>\nAbmeldungen oder Umbuchungen auf einen anderen Termin m\u00fcssen stets schriftlich und elektronisch (per email an <a href=\"mailto:info@wearevillage.org\" target=\"_new\" rel=\"noopener\">info@wearevillage.org<\/a>) erfolgen.<br \/>\nMelden sich Teilnehmende von einer Veranstaltung ab, ohne Ersatzteilnehmende zu stellen, werden Veranstaltungsteilnahmekosten wie folgt gutgeschrieben:<br \/>\nBis 1 Monat vor Beginn: 100%.\u00a0Danach ist keine Erstattung mehr m\u00f6glich.<br \/>\nBei jeder Abmeldung oder Umbuchung f\u00e4llt eine Bearbeitungsgeb\u00fchr von 25 Euro an.<\/p>\n<p><strong>\u00a74 Ausfall, Verlegung<\/strong><\/p>\n<ol>\n<li>We are village \/ village.berlin ist berechtigt, Veranstaltungen r\u00e4umlich zu verlegen. Aus wichtigem Grund \u2013 u.a. bei Erkrankungen der Veranstaltungsleitenden oder bei zu geringer Teilnehmer:innenzahl, sowie in F\u00e4llen h\u00f6herer Gewalt kann die Veranstaltung zeitlich verlegt oder gegen volle Erstattung bereits gezahlter Geb\u00fchren abgesagt werden.<\/li>\n<li>In unseren Workshops & Events wird viel mit k\u00f6rperlicher Bewegung gearbeitet. Falls Du schwerwiegende k\u00f6rperliche Einschr\u00e4nkungen hast, kl\u00e4re bitte mit Deinem Arzt, worauf Du bei einer Teilnahme achten solltest. In der Regel werden vor Beginn von l\u00e4ngeren Workshops oder Events Frageb\u00f6gen verschickt und manchmal werden Telefoninterviews gef\u00fchrt. Sollten wir zu dem Ergebnis kommen, dass der von Dir gew\u00e4hlte Workshop nicht in deine jetzige Lebenssituation passt, behalten wir uns Deine Teilnahme vor. In diesem Fall werden wir Dir gegen Erstattung des bereits \u00fcberwiesenen Betrages entweder einen anderen Workshop aus unserem Programm oder ein anderes Angebot empfehlen, welches Dich besser unterst\u00fctzen k\u00f6nnte.<\/li>\n<\/ol>\n<p><strong>\u00a75 Haftung<\/strong><br \/>\nWe are village \/ village.berlin (und somit der entsprechende f\u00fcr das jeweilige Event verantwortliche Rechtstr\u00e4ger) haftet gegen\u00fcber den Teilnehmenden f\u00fcr s\u00e4mtliche sich ergebende Sch\u00e4den, gleich aus welcher Rechtsgrundlage nur nach Ma\u00dfgabe der folgenden Vorschriften:<\/p>\n<ol>\n<li>We are village \/ village.berlin haftet in den F\u00e4llen des Vorsatzes oder der groben Fahrl\u00e4ssigkeit einschlie\u00dflich von Vorsatz oder grober Fahrl\u00e4ssigkeit der Vertreter oder Erf\u00fcllungsgehilfen aller Rechtstr\u00e4ger nach den gesetzlichen Bestimmungen. Im \u00dcbrigen haftet we are village \/ village.berlin nur nach dem Produkthaftungsgesetz, wegen der Verletzung des Lebens, des K\u00f6rpers oder der Gesundheit, wegen der schuldhaften Verletzung wesentlicher Vertragspflichten oder soweit we are village \/ village.berlin eine Garantie f\u00fcr die Beschaffenheit der Leistung \u00fcbernommen hat. Der Schadensersatzanspruch f\u00fcr die Verletzung wesentlicher Vertragspflichten ist jedoch auf den vertragstypischen, vorhersehbaren Schaden begrenzt. Dies gilt gegen\u00fcber Teilnehmemden, die Unternehmer:innen sind, auch in F\u00e4llen grober Fahrl\u00e4ssigkeit. Die Haftung f\u00fcr Sch\u00e4den durch die Leistung von we are village \/ village.berlin an Rechtsg\u00fctern des Kunden, z.B. Sch\u00e4den an anderen Sachen, sind jedoch ganz ausgeschlossen. Die Regelungen der S\u00e4tze 3 und 4 dieses Absatzes gelten nicht, soweit Vorsatz oder grobe Fahrl\u00e4ssigkeit vorliegt oder wegen der Verletzung des Lebens, des K\u00f6rpers oder der Gesundheit gehaftet wird oder soweit we are village \/ village.berlin eine Garantie f\u00fcr die Beschaffenheit der Leistung \u00fcbernommen hat.<\/li>\n<li>Die Regelung des vorstehenden Absatzes erstreckt sich auf Schadensersatz neben der Leistung und Schadensersatz statt der Leistung, gleich aus welchem Rechtsgrund, insbesondere wegen M\u00e4ngeln, der Verletzung von Pflichten aus dem Schuldverh\u00e4ltnis oder aus unerlaubter Handlung. Sie gilt auch f\u00fcr den Anspruch auf Ersatz vergeblicher Aufwendungen. Die Haftung f\u00fcr Verzug bestimmt sich jedoch nach Absatz 3, die Haftung f\u00fcr Unm\u00f6glichkeit nach Absatz 4.<\/li>\n<li>We are village \/ village.berlin haftet bei der Verz\u00f6gerung der Leistung in F\u00e4llen des Vorsatzes oder der groben Fahrl\u00e4ssigkeit einschlie\u00dflich von Vorsatz oder grober Fahrl\u00e4ssigkeit der Vertreter oder Erf\u00fcllungsgehilfen von we are village \/ village.berlin nach den gesetzlichen Bestimmungen. In anderen F\u00e4llen der Verz\u00f6gerung der Leistung wird die Haftung von we are village \/ village.berlin f\u00fcr den Schadensersatz neben und statt der Leistung auf 50 % des Wertes des von der Verz\u00f6gerung betroffenen Teils der Leistung begrenzt. Weitergehende Anspr\u00fcche des Kunden sind \u2013 auch nach Ablauf einer we are village \/ village.berlin gesetzten Frist zur Leistung \u2013 ausgeschlossen. Die vorstehende Begrenzung gilt jedoch nicht bei Haftung wegen der Verletzung des Lebens, des K\u00f6rpers oder der Gesundheit.<\/li>\n<li>Soweit die Leistung unm\u00f6glich ist, sind Teilnehmende berechtigt, Schadensersatz nach den gesetzlichen Bestimmungen zu verlangen. Jedoch beschr\u00e4nkt sich der Anspruch der Teilnehmenden auf Schadensersatz neben oder statt der Leistung und auf Ersatz vergeblicher Aufwendungen auf 10 % des Wertes desjenigen Teils der Leistung, die wegen der Unm\u00f6glichkeit nicht erbracht werden kann. Weitergehende Anspr\u00fcche des Teilnehmers wegen Unm\u00f6glichkeit der Leistung sind ausgeschlossen. Diese Beschr\u00e4nkung gilt nicht, soweit in F\u00e4llen des Vorsatzes, der groben Fahrl\u00e4ssigkeit oder wegen der Verletzung des Lebens, des K\u00f6rpers oder der Gesundheit gehaftet wird. Das Recht des Teilnehmers zum R\u00fccktritt vom Vertrag bleibt unber\u00fchrt.<\/li>\n<\/ol>\n<p><strong>\u00a76 Sonstiges<\/strong><\/p>\n<ol>\n<li>Das Vertragsverh\u00e4ltnis unterliegt ausschlie\u00dflich deutschem Recht. Bei Teilnehmern, die den Vertrag nicht zu beruflichen oder gewerblichen Zwecken abschlie\u00dfen, gilt diese Rechtswahl nur insoweit, als nicht der gew\u00e4hrte Schutz durch zwingende Bestimmungen des Staates, in dem der Verbraucher seinen gew\u00f6hnlichen Aufenthalt hat, entzogen wird.<\/li>\n<li>Gerichtsstand f\u00fcr s\u00e4mtliche Streitigkeiten ist Berlin, soweit der Kunde Kaufmann, juristische Person des \u00f6ffentlichen Rechts oder \u00f6ffentlich-rechtliches Sonderverm\u00f6gen ist oder der Kunde keinen allgemeinen Gerichtsstand in Deutschland hat oder Wohnsitz oder gew\u00f6hnlicher Aufenthalt im Zeitpunkt der Klageerhebung nicht bekannt sind.<\/li>\n<\/ol>\n\n\t\t<\/div>\n\t<\/div>\n<\/div><\/div><\/div><\/div>\n<\/div>","protected":false},"excerpt":{"rendered":"Allgemeine Gesch\u00e4ftsbedingungen \u00a71 Allgemeines Vertragspartner f\u00fcr die Events, Klassen, Seminare, Workshops Festivals und Trainings, die von we are village \/ village.berlin angeboten werden, sind je\u2026","protected":false},"author":72,"featured_media":0,"parent":0,"menu_order":0,"comment_status":"closed","ping_status":"closed","template":"","meta":{"pmpro_default_level":"","inline_featured_image":false,"footnotes":""},"class_list":["post-12205","page","type-page","status-publish","hentry","pmpro-has-access"],"wpml_current_locale":"de_DE","wpml_translations":{"en_US":{"locale":"en_US","id":12208,"slug":"terms-and-conditions","post_title":"Terms and Conditions","href":"http:\/\/wav.wearevillage.org\/en\/terms-and-conditions\/"}},"app_access":{"can_access":true,"restrict_message":null},"language":{"code":"de","locale":"","name":"","is_rtl":false},"_links":{"self":[{"href":"http:\/\/wav.wearevillage.org\/wp-json\/wp\/v2\/pages\/12205","targetHints":{"allow":["GET"]}}],"collection":[{"href":"http:\/\/wav.wearevillage.org\/wp-json\/wp\/v2\/pages"}],"about":[{"href":"http:\/\/wav.wearevillage.org\/wp-json\/wp\/v2\/types\/page"}],"author":[{"embeddable":true,"href":"http:\/\/wav.wearevillage.org\/wp-json\/wp\/v2\/users\/72"}],"replies":[{"embeddable":true,"href":"http:\/\/wav.wearevillage.org\/wp-json\/wp\/v2\/comments?post=12205"}],"version-history":[{"count":3,"href":"http:\/\/wav.wearevillage.org\/wp-json\/wp\/v2\/pages\/12205\/revisions"}],"predecessor-version":[{"id":29113,"href":"http:\/\/wav.wearevillage.org\/wp-json\/wp\/v2\/pages\/12205\/revisions\/29113"}],"wp:attachment":[{"href":"http:\/\/wav.wearevillage.org\/wp-json\/wp\/v2\/media?parent=12205"}],"curies":[{"name":"wp","href":"https:\/\/api.w.org\/{rel}","templated":true}]}}