{"id":36068,"date":"2025-12-07T12:09:19","date_gmt":"2025-12-07T11:09:19","guid":{"rendered":"http:\/\/wav.wearevillage.org\/?page_id=36068"},"modified":"2026-02-20T10:08:25","modified_gmt":"2026-02-20T09:08:25","slug":"konfliktbearbeitung","status":"publish","type":"page","link":"http:\/\/wav.wearevillage.org\/solutions\/","title":{"rendered":"Konfliktbearbeitung"},"content":{"rendered":"<div class=\"wpb-content-wrapper\"><div data-vc-full-width=\"true\" data-vc-full-width-temp=\"true\" data-vc-full-width-init=\"false\" class=\"vc_row wpb_row vc_row-fluid vc_custom_1771577773558 vc_row-has-fill vc_row-o-equal-height vc_row-o-content-middle vc_row-flex\"><div class=\"wpb_column vc_column_container vc_col-sm-10\"><div class=\"vc_column-inner\"><div class=\"wpb_wrapper\"><div class=\"vc_empty_space\"   style=\"height: 60px\"><span class=\"vc_empty_space_inner\"><\/span><\/div><h1 style=\"color: #000000;text-align: left\" class=\"vc_custom_heading vc_do_custom_heading vc_custom_1771574617526\" >solutions<\/h1><div class=\"vc_empty_space\"   style=\"height: 60px\"><span class=\"vc_empty_space_inner\"><\/span><\/div><\/div><\/div><\/div><div class=\"wpb_column vc_column_container vc_col-sm-2 vc_hidden-sm vc_hidden-xs\"><div class=\"vc_column-inner\"><div class=\"wpb_wrapper\">\n\t<div  class=\"wpb_single_image wpb_content_element vc_align_left wpb_content_element\">\n\t\t\n\t\t<figure class=\"wpb_wrapper vc_figure\">\n\t\t\t<div class=\"vc_single_image-wrapper   vc_box_border_grey\"><img loading=\"lazy\" decoding=\"async\" width=\"300\" height=\"300\" src=\"http:\/\/wav.wearevillage.org\/wp-content\/uploads\/2024\/12\/we-are-village-black-square-300x300.png\" class=\"vc_single_image-img attachment-medium\" alt=\"\" title=\"we-are-village-black square\" srcset=\"http:\/\/wav.wearevillage.org\/wp-content\/uploads\/2024\/12\/we-are-village-black-square-300x300.png 300w, http:\/\/wav.wearevillage.org\/wp-content\/uploads\/2024\/12\/we-are-village-black-square-150x150.png 150w, http:\/\/wav.wearevillage.org\/wp-content\/uploads\/2024\/12\/we-are-village-black-square-100x100.png 100w, http:\/\/wav.wearevillage.org\/wp-content\/uploads\/2024\/12\/we-are-village-black-square.png 349w\" sizes=\"auto, (max-width: 300px) 100vw, 300px\" \/><\/div>\n\t\t<\/figure>\n\t<\/div>\n<\/div><\/div><\/div><\/div><div class=\"vc_row-full-width vc_clearfix\"><\/div><div data-vc-full-width=\"true\" data-vc-full-width-temp=\"true\" data-vc-full-width-init=\"false\" data-vc-stretch-content=\"true\" class=\"vc_row wpb_row vc_row-fluid vc_row-no-padding\"><div class=\"wpb_column vc_column_container vc_col-sm-4 vc_hidden-sm vc_hidden-xs\"><div class=\"vc_column-inner\"><div class=\"wpb_wrapper\">\n\t<div  class=\"wpb_single_image wpb_content_element vc_align_left wpb_content_element\">\n\t\t\n\t\t<figure class=\"wpb_wrapper vc_figure\">\n\t\t\t<div class=\"vc_single_image-wrapper   vc_box_border_grey\"><img loading=\"lazy\" decoding=\"async\" width=\"2043\" height=\"1027\" src=\"http:\/\/wav.wearevillage.org\/wp-content\/uploads\/2025\/12\/conflict-counseling-2.png\" class=\"vc_single_image-img attachment-full\" alt=\"\" title=\"conflict-counseling (2)\" srcset=\"http:\/\/wav.wearevillage.org\/wp-content\/uploads\/2025\/12\/conflict-counseling-2.png 2043w, http:\/\/wav.wearevillage.org\/wp-content\/uploads\/2025\/12\/conflict-counseling-2-300x151.png 300w, http:\/\/wav.wearevillage.org\/wp-content\/uploads\/2025\/12\/conflict-counseling-2-1024x515.png 1024w, http:\/\/wav.wearevillage.org\/wp-content\/uploads\/2025\/12\/conflict-counseling-2-150x75.png 150w, http:\/\/wav.wearevillage.org\/wp-content\/uploads\/2025\/12\/conflict-counseling-2-768x386.png 768w, http:\/\/wav.wearevillage.org\/wp-content\/uploads\/2025\/12\/conflict-counseling-2-1536x772.png 1536w, http:\/\/wav.wearevillage.org\/wp-content\/uploads\/2025\/12\/conflict-counseling-2-624x314.png 624w, http:\/\/wav.wearevillage.org\/wp-content\/uploads\/2025\/12\/conflict-counseling-2-390x196.png 390w, http:\/\/wav.wearevillage.org\/wp-content\/uploads\/2025\/12\/conflict-counseling-2-600x302.png 600w\" sizes=\"auto, (max-width: 2043px) 100vw, 2043px\" \/><\/div>\n\t\t<\/figure>\n\t<\/div>\n<\/div><\/div><\/div><div class=\"wpb_column vc_column_container vc_col-sm-4 vc_hidden-sm vc_hidden-xs\"><div class=\"vc_column-inner\"><div class=\"wpb_wrapper\">\n\t<div  class=\"wpb_single_image wpb_content_element vc_align_left wpb_content_element\">\n\t\t\n\t\t<figure class=\"wpb_wrapper vc_figure\">\n\t\t\t<div class=\"vc_single_image-wrapper   vc_box_border_grey\"><img loading=\"lazy\" decoding=\"async\" width=\"2043\" height=\"1027\" src=\"http:\/\/wav.wearevillage.org\/wp-content\/uploads\/2025\/12\/conflict-counseling.png\" class=\"vc_single_image-img attachment-full\" alt=\"\" title=\"conflict-counseling\" srcset=\"http:\/\/wav.wearevillage.org\/wp-content\/uploads\/2025\/12\/conflict-counseling.png 2043w, http:\/\/wav.wearevillage.org\/wp-content\/uploads\/2025\/12\/conflict-counseling-300x151.png 300w, http:\/\/wav.wearevillage.org\/wp-content\/uploads\/2025\/12\/conflict-counseling-1024x515.png 1024w, http:\/\/wav.wearevillage.org\/wp-content\/uploads\/2025\/12\/conflict-counseling-150x75.png 150w, http:\/\/wav.wearevillage.org\/wp-content\/uploads\/2025\/12\/conflict-counseling-768x386.png 768w, http:\/\/wav.wearevillage.org\/wp-content\/uploads\/2025\/12\/conflict-counseling-1536x772.png 1536w, http:\/\/wav.wearevillage.org\/wp-content\/uploads\/2025\/12\/conflict-counseling-624x314.png 624w, http:\/\/wav.wearevillage.org\/wp-content\/uploads\/2025\/12\/conflict-counseling-390x196.png 390w, http:\/\/wav.wearevillage.org\/wp-content\/uploads\/2025\/12\/conflict-counseling-600x302.png 600w\" sizes=\"auto, (max-width: 2043px) 100vw, 2043px\" \/><\/div>\n\t\t<\/figure>\n\t<\/div>\n<\/div><\/div><\/div><div class=\"wpb_column vc_column_container vc_col-sm-4 vc_hidden-sm vc_hidden-xs\"><div class=\"vc_column-inner\"><div class=\"wpb_wrapper\">\n\t<div  class=\"wpb_single_image wpb_content_element vc_align_left wpb_content_element\">\n\t\t\n\t\t<figure class=\"wpb_wrapper vc_figure\">\n\t\t\t<div class=\"vc_single_image-wrapper   vc_box_border_grey\"><img loading=\"lazy\" decoding=\"async\" width=\"2043\" height=\"1027\" src=\"http:\/\/wav.wearevillage.org\/wp-content\/uploads\/2025\/12\/conflict-counseling-3.png\" class=\"vc_single_image-img attachment-full\" alt=\"\" title=\"conflict-counseling (3)\" srcset=\"http:\/\/wav.wearevillage.org\/wp-content\/uploads\/2025\/12\/conflict-counseling-3.png 2043w, http:\/\/wav.wearevillage.org\/wp-content\/uploads\/2025\/12\/conflict-counseling-3-300x151.png 300w, http:\/\/wav.wearevillage.org\/wp-content\/uploads\/2025\/12\/conflict-counseling-3-1024x515.png 1024w, http:\/\/wav.wearevillage.org\/wp-content\/uploads\/2025\/12\/conflict-counseling-3-150x75.png 150w, http:\/\/wav.wearevillage.org\/wp-content\/uploads\/2025\/12\/conflict-counseling-3-768x386.png 768w, http:\/\/wav.wearevillage.org\/wp-content\/uploads\/2025\/12\/conflict-counseling-3-1536x772.png 1536w, http:\/\/wav.wearevillage.org\/wp-content\/uploads\/2025\/12\/conflict-counseling-3-624x314.png 624w, http:\/\/wav.wearevillage.org\/wp-content\/uploads\/2025\/12\/conflict-counseling-3-390x196.png 390w, http:\/\/wav.wearevillage.org\/wp-content\/uploads\/2025\/12\/conflict-counseling-3-600x302.png 600w\" sizes=\"auto, (max-width: 2043px) 100vw, 2043px\" \/><\/div>\n\t\t<\/figure>\n\t<\/div>\n<\/div><\/div><\/div><\/div><div class=\"vc_row-full-width vc_clearfix\"><\/div><div class=\"vc_row wpb_row vc_row-fluid\"><div class=\"wpb_column vc_column_container vc_col-sm-12\"><div class=\"vc_column-inner\"><div class=\"wpb_wrapper\"><div class=\"vc_empty_space\"   style=\"height: 100px\"><span class=\"vc_empty_space_inner\"><\/span><\/div><\/div><\/div><\/div><\/div><div id=\"1\" class=\"vc_row wpb_row vc_row-fluid\"><div class=\"wpb_column vc_column_container vc_col-sm-10\"><div class=\"vc_column-inner\"><div class=\"wpb_wrapper\"><h2 style=\"text-align: left\" class=\"vc_custom_heading vc_do_custom_heading\" >Clearingstelle f\u00fcr l\u00f6sungsorientierte Konfliktbearbeitung<\/h2><div class=\"vc_empty_space\"   style=\"height: 20px\"><span class=\"vc_empty_space_inner\"><\/span><\/div><div class=\"vc_separator wpb_content_element vc_separator_align_center vc_sep_width_30 vc_sep_border_width_5 vc_sep_pos_align_left vc_separator_no_text wpb_content_element  wpb_content_element\" ><span class=\"vc_sep_holder vc_sep_holder_l\"><span style=\"border-color:#FED700;\" class=\"vc_sep_line\"><\/span><\/span><span class=\"vc_sep_holder vc_sep_holder_r\"><span style=\"border-color:#FED700;\" class=\"vc_sep_line\"><\/span><\/span>\n<\/div><div class=\"vc_empty_space\"   style=\"height: 20px\"><span class=\"vc_empty_space_inner\"><\/span><\/div><h4 style=\"color: #000000;text-align: left\" class=\"vc_custom_heading vc_do_custom_heading vc_custom_1771575512959\" >*was ist SOLUTIONS & warum haben wir die Clearingstelle geschaffen?<\/h4><div class=\"vc_separator wpb_content_element vc_separator_align_center vc_sep_width_10 vc_sep_border_width_5 vc_sep_pos_align_left vc_separator_no_text wpb_content_element  wpb_content_element\" ><span class=\"vc_sep_holder vc_sep_holder_l\"><span style=\"border-color:#FED700;\" class=\"vc_sep_line\"><\/span><\/span><span class=\"vc_sep_holder vc_sep_holder_r\"><span style=\"border-color:#FED700;\" class=\"vc_sep_line\"><\/span><\/span>\n<\/div><div class=\"vc_empty_space\"   style=\"height: 20px\"><span class=\"vc_empty_space_inner\"><\/span><\/div>\n\t<div class=\"wpb_text_column wpb_content_element\" >\n\t\t<div class=\"wpb_wrapper\">\n\t\t\t<p class=\"font_8 wixui-rich-text__text\"><span class=\"wixui-rich-text__text\">Wo immer Menschen zusammenkommen und sich begegnen, k\u00f6nnen Konflikte entstehen. <\/span><span class=\"wixui-rich-text__text\">Wir sind gut beraten, wenn wir diese Konflikte nicht \u00fcbergehen, wegschieben, wuchern lassen, sondern sie offen und klar benennen, um sie zu bearbeiten und zu l\u00f6sen.<\/span><\/p>\n<p class=\"font_8 wixui-rich-text__text\"><span class=\"wixui-rich-text__text\">Das ist erfahrungsgem\u00e4\u00df nicht immer leicht, aus ganz verscheiden Gr\u00fcnden.\u00a0<\/span><span class=\"wixui-rich-text__text\">Oft ist um einen Konflikt herum auch bereits eine Dynamik entstanden, welche die Betroffenen verunsichert, verstrickt und verwirrt.<\/span><\/p>\n<p class=\"font_8 wixui-rich-text__text\"><span class=\"wixui-rich-text__text\">Insbesondere wenn es um ein bedeutsames Anliegen geht, das den Betroffenen am Herzen liegt, neigen wir dazu, den Konflikt zu fokussieren, so verengt sich h\u00e4ufig die Perspektive und m\u00f6gliche L\u00f6sungswege geraten aus dem Blick.\u00a0<\/span><span class=\"wixui-rich-text__text\">F\u00fcr diese Situation wurde mit <strong>SOLUTIONS \u2013 Clearingstelle f\u00fcr l\u00f6sungsorientierte Konfliktbearbeitung<\/strong> ein besonders Angebot f\u00fcr Menschen geschaffen, die bei<strong> we are village<\/strong> aktiv sind, ganz gleich ob als Teammitglieder oder Nutzer*innen.<\/span><\/p>\n\n\t\t<\/div>\n\t<\/div>\n<div class=\"vc_empty_space\"   style=\"height: 20px\"><span class=\"vc_empty_space_inner\"><\/span><\/div><h4 style=\"color: #000000;text-align: left\" class=\"vc_custom_heading vc_do_custom_heading vc_custom_1765108022541\" >*wie kannst Du SOLUTIONS nutzen?<\/h4><div class=\"vc_separator wpb_content_element vc_separator_align_center vc_sep_width_10 vc_sep_border_width_5 vc_sep_pos_align_left vc_separator_no_text wpb_content_element  wpb_content_element\" ><span class=\"vc_sep_holder vc_sep_holder_l\"><span style=\"border-color:#FED700;\" class=\"vc_sep_line\"><\/span><\/span><span class=\"vc_sep_holder vc_sep_holder_r\"><span style=\"border-color:#FED700;\" class=\"vc_sep_line\"><\/span><\/span>\n<\/div><div class=\"vc_empty_space\"   style=\"height: 20px\"><span class=\"vc_empty_space_inner\"><\/span><\/div>\n\t<div class=\"wpb_text_column wpb_content_element\" >\n\t\t<div class=\"wpb_wrapper\">\n\t\t\t<p class=\"font_8 wixui-rich-text__text\"><span class=\"wixui-rich-text__text\">Du hast ein Anliegen oder einen Konflikt \u2013 dann wende Dich vertraulich an die Clearingstelle.<\/span><\/p>\n<p class=\"font_8 wixui-rich-text__text\"><span class=\"wixui-rich-text__text\"><span class=\"wixGuard wixui-rich-text__text\">\u200b<\/span><\/span><span class=\"wixui-rich-text__text\">Dort bekommst Du dann einen Termin f\u00fcr eine Erstberatung. Bei dieser Erstberatung findet ein Clearinggespr\u00e4ch statt.<\/span><\/p>\n<p class=\"font_8 wixui-rich-text__text\"><span class=\"wixui-rich-text__text\">In diesem Gespr\u00e4ch hast Du Raum dein Anliegen ausf\u00fchrlich zu schildern und ein erfahrener psychosozialer Berater, der unter Schweigepflicht arbeitet, steht Dir zu Verf\u00fcgung. Im gemeinsamen Gespr\u00e4ch kl\u00e4rt ihr, um welche Art von Konflikt es sich handelt, und \u00fcberlegt, was der erste Schritt in Richtung einer L\u00f6sung sein k\u00f6nnte.<\/span><\/p>\n<p class=\"font_8 wixui-rich-text__text\"><span class=\"wixui-rich-text__text\">Am Ende des Gespr\u00e4ches legt ihr gemeinsam fest, wie nun weiter verfahren werden soll.<br \/>\n<\/span><span class=\"wixui-rich-text__text\">Je nach Art des Konfliktes k\u00f6nntet ihr beispielsweise festlegen, dass:<\/span><\/p>\n<ul>\n<li><span class=\"wixui-rich-text__text\"><span class=\"wixui-rich-text__text\">Zun\u00e4chst noch weitere vertrauliche Beratungsgespr\u00e4che im 1 zu 1 Setting n\u00f6tig sind, um den Konflikt noch besser zu ergr\u00fcnden und zu sehen welche Art von Unterst\u00fctzung Du bei der L\u00f6sung brauchst.<\/span><\/span><\/li>\n<li>\n<p class=\"font_8 wixui-rich-text__text\" style=\"text-align: left;\"><span class=\"wixui-rich-text__text\">Du Dir eine Pendelmediation mit dem oder den anderen am Konflikt Beteiligten w\u00fcnschst. Unter einer Pendelmediation verstehen wir ein getrenntes Beratungssetting f\u00fcr die Betroffenen mit der M\u00f6glichkeit, durch die Vermittlung des Beraters zu einer gemeinsamen Vereinbarung zu kommen*.<br \/>\n<\/span><span class=\"wixui-rich-text__text\"><em>*Voraussetzung hierf\u00fcr ist, dass alle Beteiligten sich mit der Pendel-Mediation einverstanden erkl\u00e4ren \u2013 sowie den Berater von seiner Schweigepflicht bezogen auf das zu mediierende Thema entbinden.<\/em><\/span><span class=\"wixui-rich-text__text\"><strong><br \/>\n<\/strong><\/span><\/p>\n<\/li>\n<li>\n<p class=\"font_8 wixui-rich-text__text\" style=\"text-align: left;\"><span class=\"wixui-rich-text__text\">Du Dir eine Mediation w\u00fcnscht. Bei einer Mediation w\u00fcrde es eine gemeinsame Sitzung mit den Betroffenen geben. Voraussetzung hierf\u00fcr ist, dass alle Beteiligten sich mit der Mediation einverstanden erkl\u00e4ren.<\/span><\/p>\n<\/li>\n<li><span class=\"wixui-rich-text__text\">Es ein gemeinsames Gespr\u00e4ch mit den Ansprechpartnern f\u00fcr Struktur- & Organisationsfragen des Village.Berlin geben soll um Dein Anliegen zu besprechen.<\/span><\/li>\n<\/ul>\n\n\t\t<\/div>\n\t<\/div>\n<div class=\"vc_empty_space\"   style=\"height: 20px\"><span class=\"vc_empty_space_inner\"><\/span><\/div><h4 style=\"color: #000000;text-align: left\" class=\"vc_custom_heading vc_do_custom_heading vc_custom_1765108030728\" >*wie erreichst Du vertraulich SOLUTIONS - Clearingstelle f\u00fcr l\u00f6sungsorientierte Konfliktbearbeitung?<\/h4><div class=\"vc_separator wpb_content_element vc_separator_align_center vc_sep_width_10 vc_sep_border_width_5 vc_sep_pos_align_left vc_separator_no_text wpb_content_element  wpb_content_element\" ><span class=\"vc_sep_holder vc_sep_holder_l\"><span style=\"border-color:#FED700;\" class=\"vc_sep_line\"><\/span><\/span><span class=\"vc_sep_holder vc_sep_holder_r\"><span style=\"border-color:#FED700;\" class=\"vc_sep_line\"><\/span><\/span>\n<\/div><div class=\"vc_empty_space\"   style=\"height: 20px\"><span class=\"vc_empty_space_inner\"><\/span><\/div>\n\t<div class=\"wpb_text_column wpb_content_element\" >\n\t\t<div class=\"wpb_wrapper\">\n\t\t\t<p><span class=\"wixui-rich-text__text\">Jeden <strong>Montag von 16-17h<\/strong><\/span>\u00a0<span class=\"wixui-rich-text__text\">(ab 15. M\u00e4rz)<\/span> ist die Clearingstelle besetzt. Wenn Du ein Anliegen hast, das Du kl\u00e4ren m\u00f6chtest, kannst Du in dieser Zeit:<\/p>\n<ul>\n<li>pers\u00f6nlich vorbei kommen um einen ersten Beratungstermin zu vereinbaren.<\/li>\n<li>In diesem Zeitfester kannst Du aber auch diskret auf der folgenden Nummer anrufen, (+49 157 785 27 576). Du wirst dann direkt mit dem Berater von SOLUTIONS verbunden.<\/li>\n<li>Eine dritte M\u00f6glichkeit ist, dass du im Vorfeld der Sprechstunde eine eMail an <a href=\"mailto:solutions@wearevillage.org\">solutions@wearevillage.org<\/a> schickst. Diese Mail wird ausschlie\u00dflich von dem Berater von SOLUTIONS gelesen und vertraulich behandelt.<\/li>\n<\/ul>\n\n\t\t<\/div>\n\t<\/div>\n<div class=\"vc_empty_space\"   style=\"height: 20px\"><span class=\"vc_empty_space_inner\"><\/span><\/div><h4 style=\"color: #000000;text-align: left\" class=\"vc_custom_heading vc_do_custom_heading vc_custom_1765108075706\" >*wer steht hinter SOLUTIONS?<\/h4><div class=\"vc_separator wpb_content_element vc_separator_align_center vc_sep_width_10 vc_sep_border_width_5 vc_sep_pos_align_left vc_separator_no_text wpb_content_element  wpb_content_element\" ><span class=\"vc_sep_holder vc_sep_holder_l\"><span style=\"border-color:#FED700;\" class=\"vc_sep_line\"><\/span><\/span><span class=\"vc_sep_holder vc_sep_holder_r\"><span style=\"border-color:#FED700;\" class=\"vc_sep_line\"><\/span><\/span>\n<\/div><div class=\"vc_empty_space\"   style=\"height: 20px\"><span class=\"vc_empty_space_inner\"><\/span><\/div>\n\t<div class=\"wpb_text_column wpb_content_element\" >\n\t\t<div class=\"wpb_wrapper\">\n\t\t\t<p><strong><img loading=\"lazy\" decoding=\"async\" class=\"wp-image-36145 alignleft\" src=\"http:\/\/wav.wearevillage.org\/wp-content\/uploads\/2025\/12\/wav-team-Marco-Obermueller-2-270x300.png\" alt=\"\" width=\"160\" height=\"178\" srcset=\"http:\/\/wav.wearevillage.org\/wp-content\/uploads\/2025\/12\/wav-team-Marco-Obermueller-2-270x300.png 270w, http:\/\/wav.wearevillage.org\/wp-content\/uploads\/2025\/12\/wav-team-Marco-Obermueller-2-135x150.png 135w, http:\/\/wav.wearevillage.org\/wp-content\/uploads\/2025\/12\/wav-team-Marco-Obermueller-2-768x853.png 768w, http:\/\/wav.wearevillage.org\/wp-content\/uploads\/2025\/12\/wav-team-Marco-Obermueller-2-624x693.png 624w, http:\/\/wav.wearevillage.org\/wp-content\/uploads\/2025\/12\/wav-team-Marco-Obermueller-2-390x433.png 390w, http:\/\/wav.wearevillage.org\/wp-content\/uploads\/2025\/12\/wav-team-Marco-Obermueller-2-600x667.png 600w, http:\/\/wav.wearevillage.org\/wp-content\/uploads\/2025\/12\/wav-team-Marco-Obermueller-2.png 900w\" sizes=\"auto, (max-width: 160px) 100vw, 160px\" \/>Marco Oberm\u00fcller<\/strong><br \/>\n<em>Experte f\u00fcr Coaching, Teamentwicklung und Beratung.<\/em><\/p>\n<p>Mit einem Hintergrund in Islamwissenschaften und Stadtplanung war Marco 20 Jahre lang als F\u00fchrungskraft in NGOs und Regierungsberatung t\u00e4tig, mit Schwerpunkt auf internationaler Zusammenarbeit in Konfliktgebieten wie Afghanistan, Pakistan und Sudan. Er lehrte zu den Themen Konflikt und Fragilit\u00e4t an der RMIT und der Universit\u00e4t St. Gallen.<\/p>\n<p>Als systemischer Coach am Artop-Institut der Humboldt-Universit\u00e4t ausgebildet, integriert Marco somatische Praktiken wie K\u00f6rperarbeit und Atemtechniken in seine Arbeit. Derzeit vertieft er seine F\u00e4higkeiten in Gestalttherapie am IGG Berlin.<\/p>\n<p>In seiner Freizeit tanzt und improvisiert Marco gerne.<br \/>\n<em><br \/>\n* Solltest Du lieber mit einer anderen Person sprechen wollen, finden wir selbstverst\u00e4ndlich eine andere L\u00f6sung.<\/em><\/p>\n\n\t\t<\/div>\n\t<\/div>\n<\/div><\/div><\/div><\/div>\n<\/div>","protected":false},"excerpt":{"rendered":"solutions Clearingstelle f\u00fcr l\u00f6sungsorientierte Konfliktbearbeitung *was ist SOLUTIONS & warum haben wir die Clearingstelle geschaffen? Wo immer Menschen zusammenkommen und sich begegnen, k\u00f6nnen Konflikte entstehen.\u2026","protected":false},"author":3441,"featured_media":0,"parent":0,"menu_order":0,"comment_status":"closed","ping_status":"closed","template":"","meta":{"pmpro_default_level":"","inline_featured_image":false,"footnotes":""},"class_list":["post-36068","page","type-page","status-publish","hentry","pmpro-has-access"],"wpml_current_locale":"de_DE","wpml_translations":{"en_US":{"locale":"en_US","id":36069,"slug":"conflict-counseling","post_title":"conflict-counseling","href":"http:\/\/wav.wearevillage.org\/en\/solutions"}},"app_access":{"can_access":true,"restrict_message":null},"language":{"code":"de","locale":"","name":"","is_rtl":false},"_links":{"self":[{"href":"http:\/\/wav.wearevillage.org\/wp-json\/wp\/v2\/pages\/36068","targetHints":{"allow":["GET"]}}],"collection":[{"href":"http:\/\/wav.wearevillage.org\/wp-json\/wp\/v2\/pages"}],"about":[{"href":"http:\/\/wav.wearevillage.org\/wp-json\/wp\/v2\/types\/page"}],"author":[{"embeddable":true,"href":"http:\/\/wav.wearevillage.org\/wp-json\/wp\/v2\/users\/3441"}],"replies":[{"embeddable":true,"href":"http:\/\/wav.wearevillage.org\/wp-json\/wp\/v2\/comments?post=36068"}],"version-history":[{"count":49,"href":"http:\/\/wav.wearevillage.org\/wp-json\/wp\/v2\/pages\/36068\/revisions"}],"predecessor-version":[{"id":39761,"href":"http:\/\/wav.wearevillage.org\/wp-json\/wp\/v2\/pages\/36068\/revisions\/39761"}],"wp:attachment":[{"href":"http:\/\/wav.wearevillage.org\/wp-json\/wp\/v2\/media?parent=36068"}],"curies":[{"name":"wp","href":"https:\/\/api.w.org\/{rel}","templated":true}]}}