{"id":38656,"date":"2026-01-30T10:49:07","date_gmt":"2026-01-30T09:49:07","guid":{"rendered":"http:\/\/wav.wearevillage.org\/?page_id=38656"},"modified":"2026-02-06T15:59:41","modified_gmt":"2026-02-06T14:59:41","slug":"scholarship-program","status":"publish","type":"page","link":"http:\/\/wav.wearevillage.org\/scholarship\/","title":{"rendered":"scholarship program"},"content":{"rendered":"<div class=\"wpb-content-wrapper\"><div data-vc-full-width=\"true\" data-vc-full-width-temp=\"true\" data-vc-full-width-init=\"false\" class=\"vc_row wpb_row vc_row-fluid vc_custom_1769766911193 vc_row-has-fill vc_row-o-equal-height vc_row-o-content-middle vc_row-flex\"><div class=\"wpb_column vc_column_container vc_col-sm-10\"><div class=\"vc_column-inner\"><div class=\"wpb_wrapper\"><div class=\"vc_empty_space\"   style=\"height: 30px\"><span class=\"vc_empty_space_inner\"><\/span><\/div><h1 style=\"color: #000000;text-align: left\" class=\"vc_custom_heading vc_do_custom_heading\" >*scholarship program<\/h1><div class=\"vc_empty_space\"   style=\"height: 30px\"><span class=\"vc_empty_space_inner\"><\/span><\/div><\/div><\/div><\/div><div class=\"wpb_column vc_column_container vc_col-sm-2 vc_hidden-sm vc_hidden-xs\"><div class=\"vc_column-inner\"><div class=\"wpb_wrapper\">\n\t<div  class=\"wpb_single_image wpb_content_element vc_align_left wpb_content_element\">\n\t\t\n\t\t<figure class=\"wpb_wrapper vc_figure\">\n\t\t\t<div class=\"vc_single_image-wrapper   vc_box_border_grey\"><img loading=\"lazy\" decoding=\"async\" width=\"300\" height=\"300\" src=\"http:\/\/wav.wearevillage.org\/wp-content\/uploads\/2024\/12\/we-are-village-black-square-300x300.png\" class=\"vc_single_image-img attachment-medium\" alt=\"\" title=\"we-are-village-black square\" srcset=\"http:\/\/wav.wearevillage.org\/wp-content\/uploads\/2024\/12\/we-are-village-black-square-300x300.png 300w, http:\/\/wav.wearevillage.org\/wp-content\/uploads\/2024\/12\/we-are-village-black-square-150x150.png 150w, http:\/\/wav.wearevillage.org\/wp-content\/uploads\/2024\/12\/we-are-village-black-square-100x100.png 100w, http:\/\/wav.wearevillage.org\/wp-content\/uploads\/2024\/12\/we-are-village-black-square.png 349w\" sizes=\"auto, (max-width: 300px) 100vw, 300px\" \/><\/div>\n\t\t<\/figure>\n\t<\/div>\n<\/div><\/div><\/div><\/div><div class=\"vc_row-full-width vc_clearfix\"><\/div><div data-vc-full-width=\"true\" data-vc-full-width-temp=\"true\" data-vc-full-width-init=\"false\" data-vc-stretch-content=\"true\" class=\"vc_row wpb_row vc_row-fluid vc_row-no-padding\"><div class=\"wpb_column vc_column_container vc_col-sm-4 vc_hidden-sm vc_hidden-xs\"><div class=\"vc_column-inner\"><div class=\"wpb_wrapper\">\n\t<div  class=\"wpb_single_image wpb_content_element vc_align_left wpb_content_element\">\n\t\t\n\t\t<figure class=\"wpb_wrapper vc_figure\">\n\t\t\t<div class=\"vc_single_image-wrapper   vc_box_border_grey\"><img loading=\"lazy\" decoding=\"async\" width=\"2043\" height=\"1027\" src=\"http:\/\/wav.wearevillage.org\/wp-content\/uploads\/2026\/01\/scholarship-page-2.png\" class=\"vc_single_image-img attachment-full\" alt=\"\" title=\"'scholarship' page (2)\" srcset=\"http:\/\/wav.wearevillage.org\/wp-content\/uploads\/2026\/01\/scholarship-page-2.png 2043w, http:\/\/wav.wearevillage.org\/wp-content\/uploads\/2026\/01\/scholarship-page-2-300x151.png 300w, http:\/\/wav.wearevillage.org\/wp-content\/uploads\/2026\/01\/scholarship-page-2-1024x515.png 1024w, http:\/\/wav.wearevillage.org\/wp-content\/uploads\/2026\/01\/scholarship-page-2-150x75.png 150w, http:\/\/wav.wearevillage.org\/wp-content\/uploads\/2026\/01\/scholarship-page-2-768x386.png 768w, http:\/\/wav.wearevillage.org\/wp-content\/uploads\/2026\/01\/scholarship-page-2-1536x772.png 1536w, http:\/\/wav.wearevillage.org\/wp-content\/uploads\/2026\/01\/scholarship-page-2-624x314.png 624w, http:\/\/wav.wearevillage.org\/wp-content\/uploads\/2026\/01\/scholarship-page-2-390x196.png 390w, http:\/\/wav.wearevillage.org\/wp-content\/uploads\/2026\/01\/scholarship-page-2-600x302.png 600w\" sizes=\"auto, (max-width: 2043px) 100vw, 2043px\" \/><\/div>\n\t\t<\/figure>\n\t<\/div>\n<\/div><\/div><\/div><div class=\"wpb_column vc_column_container vc_col-sm-4 vc_hidden-sm vc_hidden-xs\"><div class=\"vc_column-inner\"><div class=\"wpb_wrapper\">\n\t<div  class=\"wpb_single_image wpb_content_element vc_align_left wpb_content_element\">\n\t\t\n\t\t<figure class=\"wpb_wrapper vc_figure\">\n\t\t\t<div class=\"vc_single_image-wrapper   vc_box_border_grey\"><img loading=\"lazy\" decoding=\"async\" width=\"2043\" height=\"1027\" src=\"http:\/\/wav.wearevillage.org\/wp-content\/uploads\/2026\/01\/scholarship-page.png\" class=\"vc_single_image-img attachment-full\" alt=\"\" title=\"'scholarship' page\" srcset=\"http:\/\/wav.wearevillage.org\/wp-content\/uploads\/2026\/01\/scholarship-page.png 2043w, http:\/\/wav.wearevillage.org\/wp-content\/uploads\/2026\/01\/scholarship-page-300x151.png 300w, http:\/\/wav.wearevillage.org\/wp-content\/uploads\/2026\/01\/scholarship-page-1024x515.png 1024w, http:\/\/wav.wearevillage.org\/wp-content\/uploads\/2026\/01\/scholarship-page-150x75.png 150w, http:\/\/wav.wearevillage.org\/wp-content\/uploads\/2026\/01\/scholarship-page-768x386.png 768w, http:\/\/wav.wearevillage.org\/wp-content\/uploads\/2026\/01\/scholarship-page-1536x772.png 1536w, http:\/\/wav.wearevillage.org\/wp-content\/uploads\/2026\/01\/scholarship-page-624x314.png 624w, http:\/\/wav.wearevillage.org\/wp-content\/uploads\/2026\/01\/scholarship-page-390x196.png 390w, http:\/\/wav.wearevillage.org\/wp-content\/uploads\/2026\/01\/scholarship-page-600x302.png 600w\" sizes=\"auto, (max-width: 2043px) 100vw, 2043px\" \/><\/div>\n\t\t<\/figure>\n\t<\/div>\n<\/div><\/div><\/div><div class=\"wpb_column vc_column_container vc_col-sm-4 vc_hidden-sm vc_hidden-xs\"><div class=\"vc_column-inner\"><div class=\"wpb_wrapper\">\n\t<div  class=\"wpb_single_image wpb_content_element vc_align_left wpb_content_element\">\n\t\t\n\t\t<figure class=\"wpb_wrapper vc_figure\">\n\t\t\t<div class=\"vc_single_image-wrapper   vc_box_border_grey\"><img loading=\"lazy\" decoding=\"async\" width=\"2043\" height=\"1027\" src=\"http:\/\/wav.wearevillage.org\/wp-content\/uploads\/2026\/01\/scholarship-page-2.png\" class=\"vc_single_image-img attachment-full\" alt=\"\" title=\"'scholarship' page (2)\" srcset=\"http:\/\/wav.wearevillage.org\/wp-content\/uploads\/2026\/01\/scholarship-page-2.png 2043w, http:\/\/wav.wearevillage.org\/wp-content\/uploads\/2026\/01\/scholarship-page-2-300x151.png 300w, http:\/\/wav.wearevillage.org\/wp-content\/uploads\/2026\/01\/scholarship-page-2-1024x515.png 1024w, http:\/\/wav.wearevillage.org\/wp-content\/uploads\/2026\/01\/scholarship-page-2-150x75.png 150w, http:\/\/wav.wearevillage.org\/wp-content\/uploads\/2026\/01\/scholarship-page-2-768x386.png 768w, http:\/\/wav.wearevillage.org\/wp-content\/uploads\/2026\/01\/scholarship-page-2-1536x772.png 1536w, http:\/\/wav.wearevillage.org\/wp-content\/uploads\/2026\/01\/scholarship-page-2-624x314.png 624w, http:\/\/wav.wearevillage.org\/wp-content\/uploads\/2026\/01\/scholarship-page-2-390x196.png 390w, http:\/\/wav.wearevillage.org\/wp-content\/uploads\/2026\/01\/scholarship-page-2-600x302.png 600w\" sizes=\"auto, (max-width: 2043px) 100vw, 2043px\" \/><\/div>\n\t\t<\/figure>\n\t<\/div>\n<\/div><\/div><\/div><\/div><div class=\"vc_row-full-width vc_clearfix\"><\/div><div data-vc-full-width=\"true\" data-vc-full-width-temp=\"true\" data-vc-full-width-init=\"false\" class=\"vc_row wpb_row vc_row-fluid vc_row-o-equal-height vc_row-o-content-middle vc_row-flex\"><div class=\"wpb_column vc_column_container vc_col-sm-12\"><div class=\"vc_column-inner\"><div class=\"wpb_wrapper\"><div class=\"vc_empty_space\"   style=\"height: 100px\"><span class=\"vc_empty_space_inner\"><\/span><\/div><\/div><\/div><\/div><\/div><div class=\"vc_row-full-width vc_clearfix\"><\/div><div id=\"1\" class=\"vc_row wpb_row vc_row-fluid\"><div class=\"wpb_column vc_column_container vc_col-sm-10\"><div class=\"vc_column-inner\"><div class=\"wpb_wrapper\"><h2 style=\"text-align: left\" class=\"vc_custom_heading vc_do_custom_heading\" >Informationen zu unserem Stipendienprogramm<\/h2><div class=\"vc_empty_space\"   style=\"height: 20px\"><span class=\"vc_empty_space_inner\"><\/span><\/div>\n\t<div class=\"wpb_text_column wpb_content_element\" >\n\t\t<div class=\"wpb_wrapper\">\n\t\t\t<p data-start=\"239\" data-end=\"547\"><strong>Wir sind uns der Bedeutung der Vielfalt bewusst und wissen, dass zahlreiche Formen der Diskriminierung den gleichberechtigten Zugang zu Ressourcen behindern.<\/strong><\/p>\n\n\t\t<\/div>\n\t<\/div>\n<\/div><\/div><\/div><\/div><div class=\"vc_row wpb_row vc_row-fluid myclass\"><div class=\"wpb_column vc_column_container vc_col-sm-6\"><div class=\"vc_column-inner\"><div class=\"wpb_wrapper\">\n\t<div  class=\"wpb_single_image wpb_content_element vc_align_left wpb_content_element\">\n\t\t\n\t\t<figure class=\"wpb_wrapper vc_figure\">\n\t\t\t<div class=\"vc_single_image-wrapper   vc_box_border_grey\"><img loading=\"lazy\" decoding=\"async\" width=\"2048\" height=\"1365\" src=\"http:\/\/wav.wearevillage.org\/wp-content\/uploads\/2024\/11\/IMG_3274.jpg\" class=\"vc_single_image-img attachment-full\" alt=\"\" title=\"IMG_3274\" srcset=\"http:\/\/wav.wearevillage.org\/wp-content\/uploads\/2024\/11\/IMG_3274.jpg 2048w, http:\/\/wav.wearevillage.org\/wp-content\/uploads\/2024\/11\/IMG_3274-300x200.jpg 300w, http:\/\/wav.wearevillage.org\/wp-content\/uploads\/2024\/11\/IMG_3274-1024x683.jpg 1024w, http:\/\/wav.wearevillage.org\/wp-content\/uploads\/2024\/11\/IMG_3274-150x100.jpg 150w, http:\/\/wav.wearevillage.org\/wp-content\/uploads\/2024\/11\/IMG_3274-768x512.jpg 768w, http:\/\/wav.wearevillage.org\/wp-content\/uploads\/2024\/11\/IMG_3274-1536x1024.jpg 1536w, http:\/\/wav.wearevillage.org\/wp-content\/uploads\/2024\/11\/IMG_3274-624x416.jpg 624w, http:\/\/wav.wearevillage.org\/wp-content\/uploads\/2024\/11\/IMG_3274-390x260.jpg 390w, http:\/\/wav.wearevillage.org\/wp-content\/uploads\/2024\/11\/IMG_3274-600x400.jpg 600w\" sizes=\"auto, (max-width: 2048px) 100vw, 2048px\" \/><\/div>\n\t\t<\/figure>\n\t<\/div>\n<\/div><\/div><\/div><div class=\"wpb_column vc_column_container vc_col-sm-6\"><div class=\"vc_column-inner\"><div class=\"wpb_wrapper\">\n\t<div class=\"wpb_text_column wpb_content_element\" >\n\t\t<div class=\"wpb_wrapper\">\n\t\t\t<p>Es liegt daher in unserer Verantwortung, immer wieder nach Wegen zu suchen, um diese Barrieren abzubauen. Denn jede Stimme bereichert unsere Community. we are village bekr\u00e4ftigt weiterhin sein Engagement f\u00fcr das Verst\u00e4ndnis und die Verringerung von Ungleichheit innerhalb seiner Angebote. 30 % unserer Workshop-Pl\u00e4tze sind Teilnehmenden gewidmet, die von verschiedenen Formen der Marginalisierung betroffen sind.<\/p>\n<p>Je nach der spezifischen Situation, den Bed\u00fcrfnissen und Interessen k\u00f6nnen wir Stipendien mit einer 100%igen Erm\u00e4\u00dfigung und einer gleitenden Skala von 40-70% der Kosten anbieten. Die einzigartigen Perspektiven aller einzelnen Mitglieder sind wertvoll und wir wollen einen Raum bieten, in dem sich alle entfalten k\u00f6nnen.<\/p>\n<h5><a href=\"https:\/\/airtable.com\/appNIM1rMRqzXhRXw\/shr84S0X0KG87bkAT\" target=\"_blank\" rel=\"noopener\">Hier<\/a>\u00a0kannst du dich f\u00fcr ein Stipendium bewerben.<\/h5>\n\n\t\t<\/div>\n\t<\/div>\n<\/div><\/div><\/div><\/div>\n<\/div>","protected":false},"excerpt":{"rendered":"*scholarship program Informationen zu unserem Stipendienprogramm Wir sind uns der Bedeutung der Vielfalt bewusst und wissen, dass zahlreiche Formen der Diskriminierung den gleichberechtigten Zugang zu\u2026","protected":false},"author":3441,"featured_media":0,"parent":0,"menu_order":0,"comment_status":"closed","ping_status":"closed","template":"","meta":{"pmpro_default_level":"","inline_featured_image":false,"footnotes":""},"class_list":["post-38656","page","type-page","status-publish","hentry","pmpro-has-access"],"wpml_current_locale":"de_DE","wpml_translations":{"en_US":{"locale":"en_US","id":38657,"slug":"scholarship-program","post_title":"scholarship program","href":"http:\/\/wav.wearevillage.org\/en\/scholarship"}},"app_access":{"can_access":true,"restrict_message":null},"language":{"code":"de","locale":"","name":"","is_rtl":false},"_links":{"self":[{"href":"http:\/\/wav.wearevillage.org\/wp-json\/wp\/v2\/pages\/38656","targetHints":{"allow":["GET"]}}],"collection":[{"href":"http:\/\/wav.wearevillage.org\/wp-json\/wp\/v2\/pages"}],"about":[{"href":"http:\/\/wav.wearevillage.org\/wp-json\/wp\/v2\/types\/page"}],"author":[{"embeddable":true,"href":"http:\/\/wav.wearevillage.org\/wp-json\/wp\/v2\/users\/3441"}],"replies":[{"embeddable":true,"href":"http:\/\/wav.wearevillage.org\/wp-json\/wp\/v2\/comments?post=38656"}],"version-history":[{"count":13,"href":"http:\/\/wav.wearevillage.org\/wp-json\/wp\/v2\/pages\/38656\/revisions"}],"predecessor-version":[{"id":39160,"href":"http:\/\/wav.wearevillage.org\/wp-json\/wp\/v2\/pages\/38656\/revisions\/39160"}],"wp:attachment":[{"href":"http:\/\/wav.wearevillage.org\/wp-json\/wp\/v2\/media?parent=38656"}],"curies":[{"name":"wp","href":"https:\/\/api.w.org\/{rel}","templated":true}]}}