{"id":120,"date":"2022-08-26T16:45:54","date_gmt":"2022-08-26T14:45:54","guid":{"rendered":"http:\/\/wav.wearevillage.org\/impressum\/"},"modified":"2025-12-19T09:50:27","modified_gmt":"2025-12-19T08:50:27","slug":"impressum","status":"publish","type":"page","link":"http:\/\/wav.wearevillage.org\/impressum\/","title":{"rendered":"Impressum"},"content":{"rendered":"<div class=\"wpb-content-wrapper\"><div class=\"vc_row wpb_row vc_row-fluid\"><div class=\"wpb_column vc_column_container vc_col-sm-12\"><div class=\"vc_column-inner\"><div class=\"wpb_wrapper\">\n\t<div class=\"wpb_text_column wpb_content_element\" >\n\t\t<div class=\"wpb_wrapper\">\n\t\t\t<h2><b>Impressum<\/b><\/h2>\n<p><b>we are village\u00a0| queer matters<\/b><br \/>\ngemeinn\u00fctzige GmbH<br \/>\nAmtsgericht Berlin-Charlottenburg HRB 251583<\/p>\n<p><a href=\"https:\/\/drive.google.com\/file\/d\/1vNxQYCPLOnICFXeZL_LhUf7pe5y36kYp\/view?usp=sharing\" target=\"_blank\" rel=\"noopener\">Zweck der gemeinn\u00fctzigen GmbH<\/a><\/p>\n<p>und<\/p>\n<p><b>stretch village e.V.<\/b><br \/>\nAmtsgericht Berlin-Charlottenburg VR 35171<br \/>\nzur Zeit im Wechsel zu <b>we are village\u00a0| member e.V.<\/b><\/p>\n<p><a href=\"https:\/\/drive.google.com\/file\/d\/1Dhc-r0-F5kKpJCj7ls7UPLP5HXK-epFK\/view\" target=\"_blank\" rel=\"noopener\">Satzung des Vereins<\/a><\/p>\n<p>\u00a0<\/p>\n<p><b>Alle Rechtstr\u00e4ger sind Teil des Gesamtprojektes we.are.village<\/b><br \/>\n@Village.Berlin<br \/>\nKurf\u00fcrstenstra\u00dfe 31-32<br \/>\n10785 Berlin<br \/>\nGermany<\/p>\n<p>E-Mail: <a href=\"mailto:info@wearevillage.org\">info@wearevillage.org<\/a><br \/>\nTelephone: +49 172 467 2037<\/p>\n<p>\u00a0<\/p>\n<p>Branding & Webdesign: Peter Keller, Menschlabor<br \/>\nText: Kai Ehrhardt, Chio Schuhmacher, Daniel Plettenberg, Paul Schulz<br \/>\nWeb Programming: Peter Keller, Bendel IT, we are village team<br \/>\nFotos: J. Baptiste Huong, Rafael Medina, Harvey Rabit<\/p>\n<p>\u00a0<\/p>\n<p><b>Weitere n\u00fctzliche Links<\/b><\/p>\n<ul>\n<li><a href=\"http:\/\/wav.wearevillage.org\/datenschutzrichtlinien\/\">Datenschutzrichtlinien<\/a><\/li>\n<li><a href=\"http:\/\/wav.wearevillage.org\/allgemeine-geschaeftsbedingungen\/\">Allgemeine Gesch\u00e4ftsbedingungen<\/a><\/li>\n<li>Beschwerden: bitte an die Gesch\u00e4ftsf\u00fchrung oder an unsere ehrenamtlich gef\u00fchrte Clearingstelle richten.<\/li>\n<\/ul>\n<p>\u00a0<\/p>\n<p><b>Liability Exclusion<\/b><\/p>\n<ol start=\"1\">\n<li><b>Content<\/b><\/li>\n<\/ol>\n<p>The author reserves the right not to be responsible for the topicality, correctness, completeness or quality of the information provided. Liability claims regarding damage caused by the use of any information provided, including any kind of information, which is incomplete or incorrect, will therefore be rejected. All offers are not binding and without obligation. Parts of the pages or the complete publication including all offers and information might be extended, changed or partly or completely deleted by the author without separate announcement.<\/p>\n<ol start=\"2\">\n<li><b>Referrals and links<\/b><\/li>\n<\/ol>\n<p>The author is not responsible for any contents linked or referred to from his pages \u2013 unless he has full knowledge of illegal contents and would be able to prevent the visitors of his site from viewing those pages. If any damage occurs by the use of information presented there, only the author of the respective pages might be liable, not the one who has linked to these pages. Furthermore the author is not liable for any postings or messages published by users of discussion boards, guest books or mailing lists provided on his page.<\/p>\n<ol start=\"3\">\n<li><b>Copyright<\/b><\/li>\n<\/ol>\n<p>The author intended not to use any copyrighted material for the publication or, if not possible, to indicate the copyright of the respective object. The copyright for any material created by the author is reserved. Any duplication or use of objects such as diagrams, sounds or texts in other electronic or printed publications is not permitted without the author\u2019s agreement.<\/p>\n<ol start=\"4\">\n<li><b> Privacy policy<\/b><\/li>\n<\/ol>\n<p>If the opportunity for the input of personal or business data (email addresses, name, addresses) is given, the input of these data takes place voluntarily. The use and payment of all offered services are permitted \u2013 if and so far technically possible and reasonable \u2013 without specification of any personal data or under specification of anonymized data or an alias. The use of published postal addresses, telephone or fax numbers and email addresses for marketing purposes is prohibited, offenders sending unwanted spam messages will be punished.<\/p>\n<ol start=\"5\">\n<li><b> Legal validity of this disclaimer<\/b><\/li>\n<\/ol>\n<p>This disclaimer is to be regarded as part of the internet publication which you were referred from. If sections or individual terms of this statement are not legal or correct, the content or validity of the other parts remain uninfluenced by this fact.<\/p>\n\n\t\t<\/div>\n\t<\/div>\n<\/div><\/div><\/div><\/div>\n<\/div>","protected":false},"excerpt":{"rendered":"Impressum we are village\u00a0| queer matters gemeinn\u00fctzige GmbH Amtsgericht Berlin-Charlottenburg HRB 251583 Zweck der gemeinn\u00fctzigen GmbH und stretch village e.V. Amtsgericht Berlin-Charlottenburg VR 35171 zur\u2026","protected":false},"author":1,"featured_media":0,"parent":0,"menu_order":11,"comment_status":"closed","ping_status":"closed","template":"","meta":{"pmpro_default_level":"","inline_featured_image":false,"footnotes":""},"class_list":["post-120","page","type-page","status-publish","hentry","pmpro-has-access"],"wpml_current_locale":"de_DE","wpml_translations":{"en_US":{"locale":"en_US","id":5750,"slug":"imprint","post_title":"Imprint","href":"http:\/\/wav.wearevillage.org\/en\/imprint\/"}},"app_access":{"can_access":true,"restrict_message":null},"language":{"code":"de","locale":"","name":"","is_rtl":false},"_links":{"self":[{"href":"http:\/\/wav.wearevillage.org\/wp-json\/wp\/v2\/pages\/120","targetHints":{"allow":["GET"]}}],"collection":[{"href":"http:\/\/wav.wearevillage.org\/wp-json\/wp\/v2\/pages"}],"about":[{"href":"http:\/\/wav.wearevillage.org\/wp-json\/wp\/v2\/types\/page"}],"author":[{"embeddable":true,"href":"http:\/\/wav.wearevillage.org\/wp-json\/wp\/v2\/users\/1"}],"replies":[{"embeddable":true,"href":"http:\/\/wav.wearevillage.org\/wp-json\/wp\/v2\/comments?post=120"}],"version-history":[{"count":26,"href":"http:\/\/wav.wearevillage.org\/wp-json\/wp\/v2\/pages\/120\/revisions"}],"predecessor-version":[{"id":36139,"href":"http:\/\/wav.wearevillage.org\/wp-json\/wp\/v2\/pages\/120\/revisions\/36139"}],"wp:attachment":[{"href":"http:\/\/wav.wearevillage.org\/wp-json\/wp\/v2\/media?parent=120"}],"curies":[{"name":"wp","href":"https:\/\/api.w.org\/{rel}","templated":true}]}}