{"id":6979,"date":"2023-06-17T14:44:22","date_gmt":"2023-06-17T12:44:22","guid":{"rendered":"http:\/\/wav.wearevillage.org\/?page_id=6979"},"modified":"2025-03-07T14:35:05","modified_gmt":"2025-03-07T13:35:05","slug":"spende","status":"publish","type":"page","link":"http:\/\/wav.wearevillage.org\/spende\/","title":{"rendered":"Spende"},"content":{"rendered":"<div class=\"wpb-content-wrapper\"><div data-vc-full-width=\"true\" data-vc-full-width-temp=\"true\" data-vc-full-width-init=\"false\" class=\"vc_row wpb_row vc_row-fluid vc_custom_1726132710064 vc_row-has-fill vc_row-o-equal-height vc_row-o-content-middle vc_row-flex\"><div class=\"wpb_column vc_column_container vc_col-sm-10\"><div class=\"vc_column-inner\"><div class=\"wpb_wrapper\"><div class=\"vc_empty_space\"   style=\"height: 60px\"><span class=\"vc_empty_space_inner\"><\/span><\/div><h1 style=\"text-align: left\" class=\"vc_custom_heading vc_do_custom_heading\" >effektiv. sichtbar. wirksam.<\/h1><div class=\"vc_empty_space\"   style=\"height: 60px\"><span class=\"vc_empty_space_inner\"><\/span><\/div><\/div><\/div><\/div><div class=\"wpb_column vc_column_container vc_col-sm-2 vc_hidden-sm vc_hidden-xs\"><div class=\"vc_column-inner\"><div class=\"wpb_wrapper\">\n\t<div  class=\"wpb_single_image wpb_content_element vc_align_left wpb_content_element\">\n\t\t\n\t\t<figure class=\"wpb_wrapper vc_figure\">\n\t\t\t<div class=\"vc_single_image-wrapper   vc_box_border_grey\"><img loading=\"lazy\" decoding=\"async\" width=\"300\" height=\"300\" src=\"http:\/\/wav.wearevillage.org\/wp-content\/uploads\/2024\/12\/we-are-village-black-square-300x300.png\" class=\"vc_single_image-img attachment-medium\" alt=\"\" title=\"we-are-village-black square\" srcset=\"http:\/\/wav.wearevillage.org\/wp-content\/uploads\/2024\/12\/we-are-village-black-square-300x300.png 300w, http:\/\/wav.wearevillage.org\/wp-content\/uploads\/2024\/12\/we-are-village-black-square-150x150.png 150w, http:\/\/wav.wearevillage.org\/wp-content\/uploads\/2024\/12\/we-are-village-black-square-100x100.png 100w, http:\/\/wav.wearevillage.org\/wp-content\/uploads\/2024\/12\/we-are-village-black-square.png 349w\" sizes=\"auto, (max-width: 300px) 100vw, 300px\" \/><\/div>\n\t\t<\/figure>\n\t<\/div>\n<\/div><\/div><\/div><\/div><div class=\"vc_row-full-width vc_clearfix\"><\/div><div class=\"vc_row wpb_row vc_row-fluid\"><div class=\"wpb_column vc_column_container vc_col-sm-12\"><div class=\"vc_column-inner\"><div class=\"wpb_wrapper\">\n\t<div class=\"wpb_text_column wpb_content_element\" >\n\t\t<div class=\"wpb_wrapper\">\n\t\t\t<div id=\"comp-l1nqkrop\" class=\"KcpHeO tz5f0K comp-l1nqkrop wixui-rich-text\" data-testid=\"richTextElement\">\n<p class=\"font_3 wixui-rich-text__text\">Deine Spende erm\u00f6glicht unsere Projekte. F\u00fcr ein wertsch\u00e4tzendes und diskriminierungssensibles Miteinander.<\/p>\n<\/div>\n<div id=\"comp-l1nqsj7a\" class=\"KcpHeO tz5f0K comp-l1nqsj7a wixui-rich-text\" data-testid=\"richTextElement\">\n<p class=\"font_8 wixui-rich-text__text\"><span class=\"wixui-rich-text__text\">Jede Spende unterst\u00fctzt die Anliegen, die Sichtbarkeit und die Entwicklung der LGBTQIA+ Community. Wenn du vor allem ein ganz bestimmtes Projekt von uns unterst\u00fctzen m\u00f6chtest, melde dich gerne direkt bei uns.\u00a0<\/span><\/p>\n<p class=\"font_8 wixui-rich-text__text\"><span class=\"wixui-rich-text__text\">Spenden f\u00fcr we are village | queer matters gemeinn\u00fctzige gmbh sind steuerlich absetzbar.<\/span><\/p>\n<p class=\"font_8 wixui-rich-text__text\"><span class=\"wixui-rich-text__text\">Als gemeinn\u00fctziges Projekt sind wir auf Spenden angewiesen, da wir f\u00fcr Zuwendungen von \u00f6ffentlicher Seite oft anteilige Eigenmittel einbringen m\u00fcssen. Spenden geben uns somit die Chance, mehr \u00f6ffentliche Zuwendungen zu beantragen.\u00a0<\/span><\/p>\n<p class=\"font_8 wixui-rich-text__text\"><span class=\"wixui-rich-text__text\">Gerne senden wir eine Spendenbescheinigung. Besonders nachhaltig wirksam ist das Engagement mit einem Spenden-Dauerauftrag.<\/span><\/p>\n<p>Der gelbe Button unten f\u00fchrt zu unsrem PayPal-Konto.<\/p>\n<p><strong>Unsere Bankverbindung ist:<\/strong><br \/>\nwe are village | queer matters gGmbH<br \/>\nIBAN: DE22 4306 0967 1216 7756 00<br \/>\nBIC: GENODEM1GLS (GLS Bank)<\/p>\n<\/div>\n\n\t\t<\/div>\n\t<\/div>\n<\/div><\/div><\/div><div class=\"wpb_column vc_column_container vc_col-sm-12\"><div class=\"vc_column-inner\"><div class=\"wpb_wrapper\"><div class=\" ubtn-ctn-left \"><a class=\"ubtn-link ult-adjust-bottom-margin ubtn-left ubtn-normal \" href=\"https:\/\/www.paypal.com\/donate\/?hosted_button_id=KC98QY4EE9VGA\" title=\"Spenden\" target=\"_blank\" rel=\"noopener\" ><button type=\"button\" id=\"ubtn-6303\"  class=\"ubtn ult-adjust-bottom-margin ult-responsive ubtn-normal ubtn-fade-bg  none  ubtn-left   tooltip-69e4e7f905571\"  data-hover=\"#fbd100\" data-border-color=\"#fbd100\" data-bg=\"#fbd100\" data-hover-bg=\"#000000\" data-border-hover=\"#000000\" data-shadow-hover=\"\" data-shadow-click=\"none\" data-shadow=\"\" data-shd-shadow=\"\"  data-ultimate-target='#ubtn-6303'  data-responsive-json-new='{\"font-size\":\"desktop:16px;\",\"line-height\":\"\"}'  style=\"font-family:'Roboto';font-weight:700;border-radius:5px;border-width:1px;border-color:#fbd100;border-style:solid;background: #fbd100;color: #0f0f0f;\"><span class=\"ubtn-data ubtn-icon\"><i class=\"none\" style=\"font-size:px;color:;\"><\/i><\/span><span class=\"ubtn-hover\" style=\"background-color:#000000\"><\/span><span class=\"ubtn-data ubtn-text \" >Hier spenden<\/span><\/button><\/a><\/div><\/div><\/div><\/div><\/div>\n<\/div>","protected":false},"excerpt":{"rendered":"effektiv. sichtbar. wirksam. Deine Spende erm\u00f6glicht unsere Projekte. F\u00fcr ein wertsch\u00e4tzendes und diskriminierungssensibles Miteinander. Jede Spende unterst\u00fctzt die Anliegen, die Sichtbarkeit und die Entwicklung der\u2026","protected":false},"author":57,"featured_media":0,"parent":0,"menu_order":0,"comment_status":"closed","ping_status":"closed","template":"","meta":{"pmpro_default_level":"","inline_featured_image":false,"footnotes":""},"class_list":["post-6979","page","type-page","status-publish","hentry","pmpro-has-access"],"wpml_current_locale":"de_DE","wpml_translations":{"en_US":{"locale":"en_US","id":6981,"slug":"spende","post_title":"Donations","href":"http:\/\/wav.wearevillage.org\/en\/spende\/"}},"app_access":{"can_access":true,"restrict_message":null},"language":{"code":"de","locale":"","name":"","is_rtl":false},"_links":{"self":[{"href":"http:\/\/wav.wearevillage.org\/wp-json\/wp\/v2\/pages\/6979","targetHints":{"allow":["GET"]}}],"collection":[{"href":"http:\/\/wav.wearevillage.org\/wp-json\/wp\/v2\/pages"}],"about":[{"href":"http:\/\/wav.wearevillage.org\/wp-json\/wp\/v2\/types\/page"}],"author":[{"embeddable":true,"href":"http:\/\/wav.wearevillage.org\/wp-json\/wp\/v2\/users\/57"}],"replies":[{"embeddable":true,"href":"http:\/\/wav.wearevillage.org\/wp-json\/wp\/v2\/comments?post=6979"}],"version-history":[{"count":16,"href":"http:\/\/wav.wearevillage.org\/wp-json\/wp\/v2\/pages\/6979\/revisions"}],"predecessor-version":[{"id":17062,"href":"http:\/\/wav.wearevillage.org\/wp-json\/wp\/v2\/pages\/6979\/revisions\/17062"}],"wp:attachment":[{"href":"http:\/\/wav.wearevillage.org\/wp-json\/wp\/v2\/media?parent=6979"}],"curies":[{"name":"wp","href":"https:\/\/api.w.org\/{rel}","templated":true}]}}