{"id":14750,"date":"2024-05-31T15:59:08","date_gmt":"2024-05-31T13:59:08","guid":{"rendered":"http:\/\/wav.wearevillage.org\/?post_type=product&#038;p=14750"},"modified":"2024-07-05T13:02:24","modified_gmt":"2024-07-05T11:02:24","slug":"brain-talk-queere-neurodiversitaet-medizinisches-cannabis","status":"publish","type":"product","link":"http:\/\/wav.wearevillage.org\/shop\/brain-talk\/w27-2024\/","title":{"rendered":"Brain Talk: \u201eQueere Neurodiversit\u00e4t & Medizinisches Cannabis\u201c"},"content":{"rendered":"<div class=\"wpb-content-wrapper\"><div class=\"vc_row wpb_row vc_row-fluid\"><div class=\"wpb_column vc_column_container vc_col-sm-10\"><div class=\"vc_column-inner\"><div class=\"wpb_wrapper\"><\/div><\/div><\/div><div class=\"wpb_column vc_column_container vc_col-sm-2\"><div class=\"vc_column-inner\"><div class=\"wpb_wrapper\"><\/div><\/div><\/div><\/div><div class=\"vc_row wpb_row vc_row-fluid\"><div class=\"wpb_column vc_column_container vc_col-sm-12\"><div class=\"vc_column-inner\"><div class=\"wpb_wrapper\"><h4 style=\"text-align: left\" class=\"vc_custom_heading vc_do_custom_heading\" >Brain Talk: \"Queere Neurodiversit\u00e4t & Medizinisches Cannabis\"<\/h4><h5 style=\"text-align: left\" class=\"vc_custom_heading vc_do_custom_heading\" >mit Panelists: Lisa Haag (Moderation), Beccs Runge (Politfluencer_in & Diversity Trainer*in; es\/nims), Michael Knodt (Cannabis Journalist, Autor; he\/him), Max Plenert (Patientengruppe Berlin), Daniel Koblischke (Neuro:Divine Impact Consulting, AuDHS Coach), Stefan Konikowski (Gastbeitrag, Patientengruppe Berlin)<\/h5>\n\t<div class=\"wpb_text_column wpb_content_element\" >\n\t\t<div class=\"wpb_wrapper\">\n\t\t\t<div class=\"x11i5rnm xat24cr x1mh8g0r x1vvkbs xtlvy1s\">\n<div class=\"x11i5rnm xat24cr x1mh8g0r x1vvkbs xtlvy1s\">\n<div class=\"x11i5rnm xat24cr x1mh8g0r x1vvkbs xtlvy1s\">\n<div class=\"x11i5rnm xat24cr x1mh8g0r x1vvkbs xtlvy1s\">\n<p>Bei diesem explorativen Panel werden wichtige Updates und Zusammenh\u00e4nge der 3 Bereiche Neurodiversit\u00e4t, LGBTQIA+ und Cannabis vorgestellt. Die nun legalisierte Debatte soll in Zeiten von un\u00fcbersehbaren, un\u00fcberh\u00f6rbaren und unakzeptierbaren Demokratiefeinden dabei mit Wissen & Empathie helfen, \u00fcberkommene Vorurteile und gesellschaftliche Spaltung zu \u00fcberwinden. F\u00fcr eine starke und neuro:inklusive Community.<\/p>\n<p>Unsere PanelistInnen diskutieren bunte Perspektiven, liefern wertvolle Denkanst\u00f6\u00dfe und helfen mit nerdigem Hintergrundwissen etwaige Wissensl\u00fccken zu schlie\u00dfen. Abgerundet wird das Programm durch einen offenen Dialog mit dem Publikum (Q&A), einen Informationsbereich mit Print-Auslage und Nutzhanfmaterialien zum Anfassen, QR-Code Sektion\u00a0und Raum f\u00fcr\u00a0analoge Horizonterweiterung.<\/p>\n<p>Projekt Initiator :Daniel Koblischke f\u00fchrt durch den Abend und zeigt euch wie man mit Hirn, Herz und Hanf innerhalb dieses spannenden Themenkomplexes sicher und neuro:inklusiv navigieren kann.<\/p>\n<p>Das Event ist dank der herzlichen Unterst\u00fctzung durch CSD, we are village & Avaay sowie weiteren Freunden des gr\u00fcnen Regenbogens (Hanfmuseum, Hanfverband, Nutzhanfnetzwerk, Hanfbau Kollektiv, Volunteers uvm.) Realit\u00e4t geworden und so freue ich mich gleich 3-fach auf diese einzigartige Veranstaltung. Wir bitten um p\u00fcnktliches Erscheinen und respektvolle Neugier \u2192 Let\u2019s grow!<\/p>\n<p><strong>Panel<\/strong><strong>\u00a0<\/strong><strong>Moderation<\/strong><strong>:<\/strong><\/p>\n<p><a href=\"https:\/\/www.mjuniverse.net\/about\">Lisa Haag<\/a> (she\/her)<br \/>\nGr\u00fcnderin & Gesch\u00e4ftsf\u00fchrung MJ Universe GmbH<\/p>\n<p><strong>Panel<\/strong>:<\/p>\n<p><a href=\"https:\/\/www.linkedin.com\/in\/daniel-koblischke\/\">:Daniel Koblischke<\/a>\u00a0(he\/him)<br \/>\nProjekt Initiator, ADHS Coach<\/p>\n<p><a href=\"https:\/\/de.wikipedia.org\/wiki\/Michael_Knodt\">Michael Knodt<\/a>\u00a0(he\/him)<br \/>\nFreier Autor, Cannabis Journalist<\/p>\n<p><a href=\"https:\/\/minzgespinst.net\/\">Beccs Runge<\/a> (es\/nims)<br \/>\nPolitfluencer_in & Diversity Trainer*in<\/p>\n<p><a href=\"https:\/\/cannabis-kompetenz.de\/\">Maximilian Plenert<\/a>\u00a0(he\/him)<br \/>\nGesch\u00e4ftsf\u00fchrer Kompetenzzentrum Cannabis GmbH<\/p>\n<p><strong>Gastbeitrag<\/strong>\u00a0\u201eHIV & med.\u00a0Cannabis\u201c<\/p>\n<p><a href=\"https:\/\/cannabis-hilfe.berlin\/\">Stefan Konikowski<\/a>\u00a0(he\/him)<br \/>\nVorstand Berliner Cannabis Hilfe<\/p>\n<p>19:00 Uhr \u2013 Beginn<br \/>\n19:30 Uhr \u2013 Er\u00f6ffnungsrede<br \/>\n20:00 Uhr \u2013 Start Panel<br \/>\n21:00 Uhr \u2013 Diskussion, Q&A<br \/>\n22:00 Uhr \u2013 Ende<\/p>\n<\/div>\n<\/div>\n<\/div>\n<\/div>\n\n\t\t<\/div>\n\t<\/div>\n<\/div><\/div><\/div><\/div><div class=\"vc_row wpb_row vc_row-fluid\"><div class=\"wpb_column vc_column_container vc_col-sm-12\"><div class=\"vc_column-inner\"><div class=\"wpb_wrapper\">\n\t<div class=\"wpb_text_column wpb_content_element\" >\n\t\t<div class=\"wpb_wrapper\">\n\t\t\t<p><strong>Hinweise:<\/strong><\/p>\n<p>Dieses Panel ist auf Deutsch<\/p>\n\n\t\t<\/div>\n\t<\/div>\n<\/div><\/div><\/div><\/div>\n<\/div>","protected":false},"excerpt":{"rendered":"<h5>Samstag<br \/>\n19:00 \u2013 22:00<strong><br \/>\n<\/strong>kostenfrei<\/h5>\n<h5><strong>| <span style=\"color: #ec6c23;\">LGBTQIA+\u00a0<\/span>|<\/strong><\/h5>\n<div class=\"x11i5rnm xat24cr x1mh8g0r x1vvkbs xtlvy1s\">\n<div class=\"x11i5rnm xat24cr x1mh8g0r x1vvkbs xtlvy1s\">\n<p>Bei diesem\u00a0explorativen Panel werden wichtige Updates & Zusammenh\u00e4nge der 3 Bereiche Neurodiversit\u00e4t, LGBTIQ+ und Cannabis vorgestellt.<\/p>\n<\/div>\n<\/div>\n","protected":false},"author":12,"featured_media":14758,"template":"","meta":{"pmpro_default_level":"","inline_featured_image":false},"product_brand":[],"product_cat":[77,769,79],"product_tag":[469],"class_list":{"0":"post-14750","1":"product","2":"type-product","3":"status-publish","4":"has-post-thumbnail","6":"product_cat-community-events","7":"product_cat-kostenloser-zugang","8":"product_cat-monatliche-events","9":"product_tag-lgbtqiaplus","10":"pmpro-has-access","12":"first","13":"outofstock","14":"purchasable","15":"product-type-variable"},"wpml_current_locale":"de_DE","wpml_translations":{"en_US":{"locale":"en_US","id":14751,"slug":"village-outdoor-around-the-schwielowsee-kopie","post_title":"Brain Talk: \"Queer Neurodiversity &amp; Medical Cannabis\"","href":"http:\/\/wav.wearevillage.org\/en\/shop\/brain-talk\/w27-2024"}},"language":{"code":"de","locale":"","name":"","is_rtl":false},"_links":{"self":[{"href":"http:\/\/wav.wearevillage.org\/wp-json\/wp\/v2\/product\/14750","targetHints":{"allow":["GET"]}}],"collection":[{"href":"http:\/\/wav.wearevillage.org\/wp-json\/wp\/v2\/product"}],"about":[{"href":"http:\/\/wav.wearevillage.org\/wp-json\/wp\/v2\/types\/product"}],"author":[{"embeddable":true,"href":"http:\/\/wav.wearevillage.org\/wp-json\/wp\/v2\/users\/12"}],"wp:featuredmedia":[{"embeddable":true,"href":"http:\/\/wav.wearevillage.org\/wp-json\/wp\/v2\/media\/14758"}],"wp:attachment":[{"href":"http:\/\/wav.wearevillage.org\/wp-json\/wp\/v2\/media?parent=14750"}],"wp:term":[{"taxonomy":"product_brand","embeddable":true,"href":"http:\/\/wav.wearevillage.org\/wp-json\/wp\/v2\/product_brand?post=14750"},{"taxonomy":"product_cat","embeddable":true,"href":"http:\/\/wav.wearevillage.org\/wp-json\/wp\/v2\/product_cat?post=14750"},{"taxonomy":"product_tag","embeddable":true,"href":"http:\/\/wav.wearevillage.org\/wp-json\/wp\/v2\/product_tag?post=14750"}],"curies":[{"name":"wp","href":"https:\/\/api.w.org\/{rel}","templated":true}]}}