{"id":14980,"date":"2024-06-14T12:13:14","date_gmt":"2024-06-14T10:13:14","guid":{"rendered":"http:\/\/wav.wearevillage.org\/?post_type=product&#038;p=14980"},"modified":"2024-06-27T11:44:53","modified_gmt":"2024-06-27T09:44:53","slug":"staying-on-the-edge-of-pleasure","status":"publish","type":"product","link":"http:\/\/wav.wearevillage.org\/shop\/sensual-touch\/w28-2024\/","title":{"rendered":"Staying on the edge of pleasure"},"content":{"rendered":"<div class=\"wpb-content-wrapper\"><div class=\"vc_row wpb_row vc_row-fluid\"><div class=\"wpb_column vc_column_container vc_col-sm-12\"><div class=\"vc_column-inner\"><div class=\"wpb_wrapper\"><h4 style=\"text-align: left\" class=\"vc_custom_heading vc_do_custom_heading\" >Sensual Touch Lab Series \u2013 Staying on the edge of pleasure<\/h4><h5 style=\"text-align: left\" class=\"vc_custom_heading vc_do_custom_heading\" >mit Markus Kaufmann<\/h5>\n\t<div class=\"wpb_text_column wpb_content_element\" >\n\t\t<div class=\"wpb_wrapper\">\n\t\t\t<div class=\"x11i5rnm xat24cr x1mh8g0r x1vvkbs xtlvy1s\">\n<div class=\"x11i5rnm xat24cr x1mh8g0r x1vvkbs xtlvy1s\">\n<div class=\"x11i5rnm xat24cr x1mh8g0r x1vvkbs xtlvy1s\">\n<p>Wenn wir beginnen, unsere Muster in Bezug auf Intimit\u00e4t und Erregung zu erforschen, kann es ganz sch\u00f6n anstrengend sein, am Rande des Vergn\u00fcgens zu bleiben, ohne gleich zum Orgasmus zu kommen. Die Idee dahinter ist, unsere F\u00e4higkeit zu erweitern, k\u00f6rperliche Empfindungen zu genie\u00dfen, w\u00e4hrend wir erregt sind. In der heutigen Sitzung werden wir Werkzeuge erforschen, die uns auf dieser Reise unterst\u00fctzen k\u00f6nnen, wie z.B. verschiedene Arten der Ber\u00fchrung, Atemarbeit und andere Methoden zum Ausgleich unserer k\u00f6rperlichen Reaktionen, Gedanken und Emotionen.<\/p>\n<p>Ber\u00fchrungen von erogenen Zonen und Erregung sind erw\u00fcnscht, weitere erotische Interaktionen werden nicht verfolgt. Nacktheit ist optional.<\/p>\n<p>Du kannst jederzeit entscheiden, ob du die Methode allein, mit einem Partner deiner Wahl oder in zuf\u00e4lligen Paaren erkunden m\u00f6chtest.<\/p>\n<p>Du bist neugierig und hast noch einige Fragen? F\u00fchl dich frei, Markus zu kontaktieren und zu fragen, was du wissen musst, um dich sicher zu f\u00fchlen, und an dem Abend teilzunehmen.<\/p>\n<\/div>\n<\/div>\n<\/div>\n\n\t\t<\/div>\n\t<\/div>\n<div class=\"vc_separator wpb_content_element vc_separator_align_center vc_sep_width_100 vc_sep_pos_align_center vc_separator_no_text vc_sep_color_grey wpb_content_element  wpb_content_element\" ><span class=\"vc_sep_holder vc_sep_holder_l\"><span class=\"vc_sep_line\"><\/span><\/span><span class=\"vc_sep_holder vc_sep_holder_r\"><span class=\"vc_sep_line\"><\/span><\/span>\n<\/div>\n\t<div class=\"wpb_text_column wpb_content_element\" >\n\t\t<div class=\"wpb_wrapper\">\n\t\t\t<div class=\"x11i5rnm xat24cr x1mh8g0r x1vvkbs xtlvy1s\">\n<div class=\"x11i5rnm xat24cr x1mh8g0r x1vvkbs xtlvy1s\">\n<div class=\"x11i5rnm xat24cr x1mh8g0r x1vvkbs xtlvy1s\">\n<p><img loading=\"lazy\" decoding=\"async\" class=\" wp-image-14275 alignleft\" src=\"http:\/\/wav.wearevillage.org\/wp-content\/uploads\/2024\/03\/Screen-Shot-2024-04-23-at-16.30.15-300x266.png\" alt=\"\" width=\"189\" height=\"168\" srcset=\"http:\/\/wav.wearevillage.org\/wp-content\/uploads\/2024\/03\/Screen-Shot-2024-04-23-at-16.30.15-300x266.png 300w, http:\/\/wav.wearevillage.org\/wp-content\/uploads\/2024\/03\/Screen-Shot-2024-04-23-at-16.30.15-150x133.png 150w, http:\/\/wav.wearevillage.org\/wp-content\/uploads\/2024\/03\/Screen-Shot-2024-04-23-at-16.30.15-768x681.png 768w, http:\/\/wav.wearevillage.org\/wp-content\/uploads\/2024\/03\/Screen-Shot-2024-04-23-at-16.30.15-624x553.png 624w, http:\/\/wav.wearevillage.org\/wp-content\/uploads\/2024\/03\/Screen-Shot-2024-04-23-at-16.30.15-390x346.png 390w, http:\/\/wav.wearevillage.org\/wp-content\/uploads\/2024\/03\/Screen-Shot-2024-04-23-at-16.30.15-600x532.png 600w, http:\/\/wav.wearevillage.org\/wp-content\/uploads\/2024\/03\/Screen-Shot-2024-04-23-at-16.30.15.png 1024w\" sizes=\"auto, (max-width: 189px) 100vw, 189px\" \/><strong>Markus Kaufmann\u2028<\/strong>unterst\u00fctzt in seiner T\u00e4tigkeit als Gesundheitscoach chronisch kranke Menschen bei ihrer Alltagsbew\u00e4ltigung. Die Arbeit, die Markus anbietet, l\u00e4sst sich am besten als Raum beschreiben, in dem Psychologie auf Spiritualit\u00e4t trifft. Markus ist ausgebildeter systemischer Coach, Heilpraktiker Psychotherapie, Yogatherapeut sowie Energiearbeiter.<\/p>\n<p>\u00a0<\/p>\n<\/div>\n<\/div>\n<\/div>\n\n\t\t<\/div>\n\t<\/div>\n<div class=\"vc_separator wpb_content_element vc_separator_align_center vc_sep_width_100 vc_sep_pos_align_center vc_separator_no_text vc_sep_color_grey wpb_content_element  wpb_content_element\" ><span class=\"vc_sep_holder vc_sep_holder_l\"><span class=\"vc_sep_line\"><\/span><\/span><span class=\"vc_sep_holder vc_sep_holder_r\"><span class=\"vc_sep_line\"><\/span><\/span>\n<\/div>\n\t<div class=\"wpb_text_column wpb_content_element\" >\n\t\t<div class=\"wpb_wrapper\">\n\t\t\t<div class=\"x11i5rnm xat24cr x1mh8g0r x1vvkbs xtlvy1s\">\n<div class=\"x11i5rnm xat24cr x1mh8g0r x1vvkbs xtlvy1s\">\n<div class=\"x11i5rnm xat24cr x1mh8g0r x1vvkbs xtlvy1s\">\n<p><em><strong>Was ist Sensual Touch Lab Series?<br \/>\n<\/strong><\/em>Das Sensual Touch Lab ist ein monatliches Format, das uns verschiedene Ber\u00fchrungstechniken n\u00e4her bringt. Jedes Mal konzentrieren wir uns auf einen bestimmten Bereich des K\u00f6rpers oder eine bestimmte Technik.<\/p>\n<p>Vermisst du auch manchmal R\u00e4ume, in denen du deine intimen W\u00fcnsche auf sichere Art und Weise ausdr\u00fccken kannst? Wie w\u00e4re es, wenn wir es wagen, gemeinsam einen solchen Raum zu schaffen, bereit f\u00fcr tiefere Verbindungen zu uns selbst und zu anderen! Wir laden ein zu Intimit\u00e4t, sinnlichen und erotischen Ber\u00fchrungen, die auf Offenheit, Zustimmung und Vertrauen basieren, um eine tiefere Verbindung zu uns selbst und zu anderen herzustellen.<\/p>\n<p>Diese Workshops k\u00f6nnen Nacktheit, Partnerschafts\u00fcbungen, das Einladen von Erregung und erotische Interaktionen beinhalten. Du kannst gerne allein kommen oder einen Freund oder Partner mitbringen. Bitte bring ein Handtuch oder ein Laken zum Hinlegen mit.<\/p>\n<\/div>\n<\/div>\n<\/div>\n\n\t\t<\/div>\n\t<\/div>\n<div class=\"vc_separator wpb_content_element vc_separator_align_center vc_sep_width_100 vc_sep_pos_align_center vc_separator_no_text vc_sep_color_grey wpb_content_element  wpb_content_element\" ><span class=\"vc_sep_holder vc_sep_holder_l\"><span class=\"vc_sep_line\"><\/span><\/span><span class=\"vc_sep_holder vc_sep_holder_r\"><span class=\"vc_sep_line\"><\/span><\/span>\n<\/div>\n\t<div class=\"wpb_text_column wpb_content_element\" >\n\t\t<div class=\"wpb_wrapper\">\n\t\t\t<div class=\"x11i5rnm xat24cr x1mh8g0r x1vvkbs xtlvy1s\">\n<div class=\"x11i5rnm xat24cr x1mh8g0r x1vvkbs xtlvy1s\">\n<div class=\"x11i5rnm xat24cr x1mh8g0r x1vvkbs xtlvy1s\">\n<p><em><b>Hinweise<\/b><br \/>\n\u2022 Dieses Event wird je nach Teilnehmerbed\u00fcrfnissen auf Deutsch und\/oder Englisch sein.<br \/>\n\u2022 Wir haben erm\u00e4\u00dfigte Solidarit\u00e4tstickets.\u00a0 Anfrage per E-Mail bitte an <strong><span id=\"wpmt-979163-137857\">events@wearevillage.org<\/span><\/strong><br \/>\n\u2022 Diese Veranstaltung ist <strong>nicht<\/strong> f\u00fcr die beiden kostenlosen monatlichen Veranstaltungen freigegeben, die Teil der Mitgliedschaft bei <strong>we are village membership<\/strong> sind.<\/em><\/p>\n<\/div>\n<\/div>\n<\/div>\n\n\t\t<\/div>\n\t<\/div>\n<\/div><\/div><\/div><div class=\"wpb_column vc_column_container vc_col-sm-12\"><div class=\"vc_column-inner\"><div class=\"wpb_wrapper\"><\/div><\/div><\/div><\/div>\n<\/div>","protected":false},"excerpt":{"rendered":"<h5>Sensual Touch Lab Series \u2013 Staying on the edge of pleasure<br \/>\nAm Montag (einmal im Monat)<br \/>\n20:00 \u2013 22:30<\/h5>\n<p class=\"p1\"><strong>| <span style=\"color: #ec6c23;\">GBTQ men*<\/span>\u00a0|<\/strong><\/p>\n<div class=\"x11i5rnm xat24cr x1mh8g0r x1vvkbs xtlvy1s\">\n<p>In der heutigen Sitzung werden wir Werkzeuge erforschen, die uns auf dieser Reise unterst\u00fctzen k\u00f6nnen, wie z.B. verschiedene Arten der Ber\u00fchrung, Atemarbeit und andere Methoden zum Ausgleich unserer k\u00f6rperlichen Reaktionen, Gedanken und Emotionen.<\/p>\n<p>\u00a0<\/p>\n<\/div>\n","protected":false},"author":11,"featured_media":15163,"template":"","meta":{"pmpro_default_level":"","inline_featured_image":false},"product_brand":[],"product_cat":[79],"product_tag":[256],"class_list":{"0":"post-14980","1":"product","2":"type-product","3":"status-publish","4":"has-post-thumbnail","6":"product_cat-monatliche-events","7":"product_tag-gbtq-men","8":"pmpro-has-access","10":"first","11":"instock","12":"purchasable","13":"product-type-variable","14":"has-default-attributes"},"wpml_current_locale":"de_DE","wpml_translations":{"en_US":{"locale":"en_US","id":14983,"slug":"desire-in-the-dark-kopie-2","post_title":"Staying on the edge of pleasure","href":"http:\/\/wav.wearevillage.org\/en\/shop\/sensual-touch\/w28-2024"}},"language":{"code":"de","locale":"","name":"","is_rtl":false},"_links":{"self":[{"href":"http:\/\/wav.wearevillage.org\/wp-json\/wp\/v2\/product\/14980","targetHints":{"allow":["GET"]}}],"collection":[{"href":"http:\/\/wav.wearevillage.org\/wp-json\/wp\/v2\/product"}],"about":[{"href":"http:\/\/wav.wearevillage.org\/wp-json\/wp\/v2\/types\/product"}],"author":[{"embeddable":true,"href":"http:\/\/wav.wearevillage.org\/wp-json\/wp\/v2\/users\/11"}],"wp:featuredmedia":[{"embeddable":true,"href":"http:\/\/wav.wearevillage.org\/wp-json\/wp\/v2\/media\/15163"}],"wp:attachment":[{"href":"http:\/\/wav.wearevillage.org\/wp-json\/wp\/v2\/media?parent=14980"}],"wp:term":[{"taxonomy":"product_brand","embeddable":true,"href":"http:\/\/wav.wearevillage.org\/wp-json\/wp\/v2\/product_brand?post=14980"},{"taxonomy":"product_cat","embeddable":true,"href":"http:\/\/wav.wearevillage.org\/wp-json\/wp\/v2\/product_cat?post=14980"},{"taxonomy":"product_tag","embeddable":true,"href":"http:\/\/wav.wearevillage.org\/wp-json\/wp\/v2\/product_tag?post=14980"}],"curies":[{"name":"wp","href":"https:\/\/api.w.org\/{rel}","templated":true}]}}