{"id":15373,"date":"2024-07-11T13:36:33","date_gmt":"2024-07-11T11:36:33","guid":{"rendered":"http:\/\/wav.wearevillage.org\/?post_type=product&#038;p=15373"},"modified":"2024-09-20T15:54:35","modified_gmt":"2024-09-20T13:54:35","slug":"eros-play-circle","status":"publish","type":"product","link":"http:\/\/wav.wearevillage.org\/shop\/sensual-touch\/w36-2024\/","title":{"rendered":"Eros Play Circle"},"content":{"rendered":"<div class=\"wpb-content-wrapper\"><div class=\"vc_row wpb_row vc_row-fluid\"><div class=\"wpb_column vc_column_container vc_col-sm-12\"><div class=\"vc_column-inner\"><div class=\"wpb_wrapper\"><h4 style=\"text-align: left\" class=\"vc_custom_heading vc_do_custom_heading\" >Eros Play Circle - Sensual Touch Lab Series<\/h4><h5 style=\"text-align: left\" class=\"vc_custom_heading vc_do_custom_heading\" >mit Julian Martin<\/h5>\n\t<div class=\"wpb_text_column wpb_content_element\" >\n\t\t<div class=\"wpb_wrapper\">\n\t\t\t<p>Inspiriert von Marina Kronkvists \u201eRitual Play\u201c gestalten wir ein erotisch-sinnliches Speed Dating.<br \/>\nIn mehreren Runden begegnest du verschiedenen Personen. In der Begegnung folgen beide nonverbal den eigenen Impulsen und geben sich der Dynamik hin. Das Spiel kann ohne oder mit Ber\u00fchrung stattfinden, dabei sind spielerische, sinnliche und erotische Interaktionen im vorher verhandelten Rahmen erlaubt.<br \/>\nErforsche die K\u00f6rpersprache deines Gegen\u00fcbers und respektiere dessen Grenzen.<\/p>\n\n\t\t<\/div>\n\t<\/div>\n\n\t<div class=\"wpb_text_column wpb_content_element\" >\n\t\t<div class=\"wpb_wrapper\">\n\t\t\t<p><strong>Was ist Sensual Touch Lab Series for GBTQ M\u00e4nner*?<\/strong><br \/>\nSensual Touch Lab Series f\u00fcr GBTQ M\u00e4nner* ist ein monatlicher Workshop, bei dem wir einen Raum f\u00fcr sinnliche N\u00e4he und spielerische Begegnungen schaffen m\u00f6chten.<br \/>\nVerk\u00f6rperte, somatische Erfahrungen, die unsere Gesamtk\u00f6rperlichkeit wertsch\u00e4tzen. Sinnlichkeit als Zugang, neue Wege im Umgang mit unseren eigenen \u00c4ngsten oder Mustern in Bezug auf Nacktheit, Intimit\u00e4t und Ber\u00fchrung erkunden. Wir laden dich ein, deine pers\u00f6nlichen Grenzen in einem Rahmen gegenseitigen Respekts und Einvernehmens zu erforschen, zu kommunizieren und gegebenenfalls zu erweitern. Dabei er\u00f6ffnet sich die M\u00f6glichkeit, die Kraft von Ber\u00fchrung, Empfindung und nonverbaler, zwischenmenschlicher Bezogenheit zu erfahren.<br \/>\nJedes Event wird ein gef\u00fchrter Prozess sein, der je nach Thema und Hintergrund der Kursleitenden* eine besondere Note hat, sei es K\u00f6rperarbeit und Ber\u00fchrung, Somatik und Intimit\u00e4t oder etwas anderes. Diese Kurzworkshops k\u00f6nnen Nacktheit, Partner\u00fcbungen sowie k\u00f6rperlich nahe Interaktionen beinhalten.<\/p>\n<p><strong>Vorteile<\/strong><\/p>\n<ul>\n<li>Schafft wertvolle, gemeinsame Erfahrungen unter GBTQ M\u00e4nner* durch N\u00e4he, Empathie und Verbundenheit<\/li>\n<li>Bek\u00e4mpft Gef\u00fchle der Isolation und Einsamkeit<\/li>\n<li>F\u00f6rdert Selbstliebe und Akzeptanz des eigenen K\u00f6rpers und der Identit\u00e4t<\/li>\n<li>Bietet einen sicheren, urteilsfreien Raum zur Erforschung pers\u00f6nlicher Grenzen<\/li>\n<li>Tr\u00e4gt zum allgemeinen Wohlbefinden bei und unterst\u00fctzt die F\u00e4higkeit, dauerhafte Beziehungen aufzubauen<\/li>\n<li>Kann als gesunder Bew\u00e4ltigungsmechanismus dienen und das Risiko von Substanzmissbrauch reduzieren<\/li>\n<\/ul>\n\n\t\t<\/div>\n\t<\/div>\n<\/div><\/div><\/div><\/div><div class=\"vc_row wpb_row vc_row-fluid\"><div class=\"wpb_column vc_column_container vc_col-sm-3\"><div class=\"vc_column-inner\"><div class=\"wpb_wrapper\">\n\t<div  class=\"wpb_single_image wpb_content_element vc_align_left wpb_content_element\">\n\t\t\n\t\t<figure class=\"wpb_wrapper vc_figure\">\n\t\t\t<div class=\"vc_single_image-wrapper   vc_box_border_grey\"><img loading=\"lazy\" decoding=\"async\" width=\"200\" height=\"200\" src=\"http:\/\/wav.wearevillage.org\/wp-content\/uploads\/2024\/07\/julian.png\" class=\"vc_single_image-img attachment-medium\" alt=\"\" title=\"julian\" srcset=\"http:\/\/wav.wearevillage.org\/wp-content\/uploads\/2024\/07\/julian.png 200w, http:\/\/wav.wearevillage.org\/wp-content\/uploads\/2024\/07\/julian-150x150.png 150w, http:\/\/wav.wearevillage.org\/wp-content\/uploads\/2024\/07\/julian-100x100.png 100w\" sizes=\"auto, (max-width: 200px) 100vw, 200px\" \/><\/div>\n\t\t<\/figure>\n\t<\/div>\n<\/div><\/div><\/div><div class=\"wpb_column vc_column_container vc_col-sm-9\"><div class=\"vc_column-inner\"><div class=\"wpb_wrapper\">\n\t<div class=\"wpb_text_column wpb_content_element\" >\n\t\t<div class=\"wpb_wrapper\">\n\t\t\t<p><strong>Julian Martin<\/strong> begann seine Reise zur K\u00f6rperarbeit w\u00e4hrend der Schauspielausbildung. Nach Jahren auf der B\u00fchne etablierte er eine zweite Karriere als Masseur & Bodyworker. Seine Hingabe gilt nun Massage, Ber\u00fchrung, m\u00e4nnlicher Sexualit\u00e4t, queeren Lebensweisen, alternativen Beziehungsformen und Sexpositivit\u00e4t. Unter MEN BODYWORK bietet er in Z\u00fcrich vielf\u00e4ltige Angebote f\u00fcr M\u00e4nner, die Ausgleich suchen und ihre Sinnlichkeit entdecken m\u00f6chten. Regelm\u00e4\u00dfig leitet er Workshops in Z\u00fcrich, Wien, Berlin und Mykonos, sowie das NAKED MEN Festival in Z\u00fcrich.<\/p>\n\n\t\t<\/div>\n\t<\/div>\n<\/div><\/div><\/div><\/div><div class=\"vc_row wpb_row vc_row-fluid\"><div class=\"wpb_column vc_column_container vc_col-sm-12\"><div class=\"vc_column-inner\"><div class=\"wpb_wrapper\">\n\t<div class=\"wpb_text_column wpb_content_element\" >\n\t\t<div class=\"wpb_wrapper\">\n\t\t\t<p><strong>Hinweise<\/strong><\/p>\n<ul>\n<li>Dieses Format ist f\u00fcr alle queeren M\u00e4nner*\/M\u00e4nnlichkeiten, die Ber\u00fchrung in einer einvernehmlichen, unterst\u00fctzenden Atmosph\u00e4re erfahren m\u00f6chten (siehe auch unsere FAQ)<\/li>\n<li>Bitte lege Wert auf pers\u00f6nliche Hygiene<\/li>\n<li>Bringe zum Abdecken von Kissen, Matten oder Massageliegen ein Laken und ein Handtuch mit<\/li>\n<li>Je nach Bed\u00fcrfnissen der Gruppe werden wir Deutsch und\/oder Englisch sprechen<\/li>\n<li>Dieses Event ist auch zu einem erm\u00e4\u00dfigten Mitgliederpreis erh\u00e4ltlich \u2013 aber kein Bestandteil der zwei kostenlosen monatlichen Mitgliederveranstaltungen<\/li>\n<li>Erm\u00e4\u00dfigter Zugang ist auf schriftliche Anfrage an: <a href=\"mailto:events@wearevillage.org\">events@wearevillage.org<\/a> m\u00f6glich.<\/li>\n<\/ul>\n\n\t\t<\/div>\n\t<\/div>\n<\/div><\/div><\/div><\/div>\n<\/div>","protected":false},"excerpt":{"rendered":"<h5>Eros Play Circle<br \/>\n(Sensual Touch Lab Series)<br \/>\nMontags (einmal im Monat)<br \/>\n20:00 \u2013 22:30<\/h5>\n<p class=\"p1\"><strong>| <span style=\"color: #ec6c23;\">GBTQ men*<\/span>\u00a0|<\/strong><\/p>\n<p>Inspiriert von Marina Kronkvists \u201cRitual Play\u201d gestalten wir ein erotisch-sinnliches Speed Dating. In mehreren Runden begegnest du verschiedenen Personen. In der Begegnung folgen beide nonverbal den eigenen Impulsen und geben sich der Dynamik hin.<\/p>\n","protected":false},"author":11,"featured_media":15384,"template":"","meta":{"pmpro_default_level":"","inline_featured_image":false},"product_brand":[],"product_cat":[79,83],"product_tag":[256],"class_list":{"0":"post-15373","1":"product","2":"type-product","3":"status-publish","4":"has-post-thumbnail","6":"product_cat-monatliche-events","7":"product_cat-workshops","8":"product_tag-gbtq-men","9":"pmpro-has-access","11":"first","12":"instock","13":"product-type-variable","14":"has-default-attributes"},"wpml_current_locale":"de_DE","wpml_translations":{"en_US":{"locale":"en_US","id":15376,"slug":"staying-on-the-edge-of-pleasure-copy","post_title":"Eros Play Circle","href":"http:\/\/wav.wearevillage.org\/en\/shop\/sensual-touch\/w36-2024"}},"language":{"code":"de","locale":"","name":"","is_rtl":false},"_links":{"self":[{"href":"http:\/\/wav.wearevillage.org\/wp-json\/wp\/v2\/product\/15373","targetHints":{"allow":["GET"]}}],"collection":[{"href":"http:\/\/wav.wearevillage.org\/wp-json\/wp\/v2\/product"}],"about":[{"href":"http:\/\/wav.wearevillage.org\/wp-json\/wp\/v2\/types\/product"}],"author":[{"embeddable":true,"href":"http:\/\/wav.wearevillage.org\/wp-json\/wp\/v2\/users\/11"}],"wp:featuredmedia":[{"embeddable":true,"href":"http:\/\/wav.wearevillage.org\/wp-json\/wp\/v2\/media\/15384"}],"wp:attachment":[{"href":"http:\/\/wav.wearevillage.org\/wp-json\/wp\/v2\/media?parent=15373"}],"wp:term":[{"taxonomy":"product_brand","embeddable":true,"href":"http:\/\/wav.wearevillage.org\/wp-json\/wp\/v2\/product_brand?post=15373"},{"taxonomy":"product_cat","embeddable":true,"href":"http:\/\/wav.wearevillage.org\/wp-json\/wp\/v2\/product_cat?post=15373"},{"taxonomy":"product_tag","embeddable":true,"href":"http:\/\/wav.wearevillage.org\/wp-json\/wp\/v2\/product_tag?post=15373"}],"curies":[{"name":"wp","href":"https:\/\/api.w.org\/{rel}","templated":true}]}}