{"id":17794,"date":"2024-10-01T13:12:12","date_gmt":"2024-10-01T11:12:12","guid":{"rendered":"http:\/\/wav.wearevillage.org\/?post_type=product&#038;p=17794"},"modified":"2024-10-16T09:55:33","modified_gmt":"2024-10-16T07:55:33","slug":"gestalte-deine-karriere-queer-bridges","status":"publish","type":"product","link":"http:\/\/wav.wearevillage.org\/shop\/crafting-your-career-queer-bridges\/w43-2024\/","title":{"rendered":"Gestalte Deine Karriere! \u2013 Queer Bridges"},"content":{"rendered":"<div class=\"wpb-content-wrapper\"><div class=\"vc_row wpb_row vc_row-fluid\"><div class=\"wpb_column vc_column_container vc_col-sm-12\"><div class=\"vc_column-inner\"><div class=\"wpb_wrapper\"><h4 style=\"text-align: left\" class=\"vc_custom_heading vc_do_custom_heading\" >Queer Bridges: Gestalte Deine Karriere!<\/h4><h5 style=\"text-align: left\" class=\"vc_custom_heading vc_do_custom_heading\" >mit Armando Garrine<\/h5>\n\t<div class=\"wpb_text_column wpb_content_element\" >\n\t\t<div class=\"wpb_wrapper\">\n\t\t\t<p>Nehmt an unserem 2-st\u00fcndigen interaktiven Workshop teil, in dem die Teilnehmenden die Schl\u00fcsselaspekte des Karriereaufbaus erkunden werden. Geleitet von HR-Experte Armando Garrine, der neun Jahre internationale Erfahrung und eine pers\u00f6nliche Reise als queere Person mit afrikanischer und europ\u00e4ischer Herkunft mitbringt, wird dieser Workshop auf eure Interessen und Bed\u00fcrfnisse zugeschnitten.<br \/>\nVon der Erstellung eines herausragenden Lebenslaufs bis hin zur Bew\u00e4ltigung der Herausforderungen, vor denen Migrant*innen stehen, werden wir wesentliche Werkzeuge f\u00fcr eure Karriereentwicklung abdecken.<br \/>\nDer Workshop endet mit einer Q&A-Session.<br \/>\nVergesst nicht, eure Lebensl\u00e4ufe f\u00fcr allgemeines Feedback mitzubringen, sowie ein Notizbuch und Stifte, um w\u00e4hrend des Workshops wichtige Erkenntnisse festzuhalten.<\/p>\n\n\t\t<\/div>\n\t<\/div>\n<div class=\"vc_separator wpb_content_element vc_separator_align_center vc_sep_width_100 vc_sep_pos_align_center vc_separator_no_text vc_sep_color_grey wpb_content_element  wpb_content_element\" ><span class=\"vc_sep_holder vc_sep_holder_l\"><span class=\"vc_sep_line\"><\/span><\/span><span class=\"vc_sep_holder vc_sep_holder_r\"><span class=\"vc_sep_line\"><\/span><\/span>\n<\/div>\n\t<div class=\"wpb_text_column wpb_content_element\" >\n\t\t<div class=\"wpb_wrapper\">\n\t\t\t<p><strong><img loading=\"lazy\" decoding=\"async\" class=\"wp-image-17555 alignleft\" src=\"http:\/\/wav.wearevillage.org\/wp-content\/uploads\/2024\/09\/Armando-Garrine.jpg\" alt=\"\" width=\"159\" height=\"178\" srcset=\"http:\/\/wav.wearevillage.org\/wp-content\/uploads\/2024\/09\/Armando-Garrine.jpg 375w, http:\/\/wav.wearevillage.org\/wp-content\/uploads\/2024\/09\/Armando-Garrine-269x300.jpg 269w, http:\/\/wav.wearevillage.org\/wp-content\/uploads\/2024\/09\/Armando-Garrine-135x150.jpg 135w\" sizes=\"auto, (max-width: 159px) 100vw, 159px\" \/>Armando Garrine<\/strong> ist eine in Berlin lebende, queere Person, die im Bereich der Organisationspsychologie arbeitet. Inspiriert vom Nichiren-Buddhismus glaubt they, dass jedes einzelne Individuum ein unbegrenztes Potenzial hat und dass Kunst ein sehr kraftvoller Ausdruck von Individualit\u00e4t und Verbindung zum unbewussten Selbst ist. Musik, lyrischer Gesang, klassisches Klavier und Tanz sind aktive Leidenschaften, die einen gro\u00dfen Teil von Armandos Leben einnehmen.<\/p>\n\n\t\t<\/div>\n\t<\/div>\n<div class=\"vc_separator wpb_content_element vc_separator_align_center vc_sep_width_100 vc_sep_pos_align_center vc_separator_no_text vc_sep_color_grey wpb_content_element  wpb_content_element\" ><span class=\"vc_sep_holder vc_sep_holder_l\"><span class=\"vc_sep_line\"><\/span><\/span><span class=\"vc_sep_holder vc_sep_holder_r\"><span class=\"vc_sep_line\"><\/span><\/span>\n<\/div>\n\t<div class=\"wpb_text_column wpb_content_element\" >\n\t\t<div class=\"wpb_wrapper\">\n\t\t\t<p><strong>Queer Bridges: Verbindungen schaffen und Ressourcen f\u00fcr LGBTQIA+ Menschen mit Migrationserfahrung bereitstellen.<\/strong><\/p>\n<p>Queere Menschen mit Migrationserfahrung in Berlin sehen sich in ihrem t\u00e4glichen Leben oft mit besonderen Herausforderungen konfrontiert, die ihren Zugang zu unterst\u00fctzenden Gemeinschaften und integrativen Umgebungen einschr\u00e4nken k\u00f6nnen.<\/p>\n<p><img loading=\"lazy\" decoding=\"async\" class=\"wp-image-15170 alignleft\" src=\"http:\/\/wav.wearevillage.org\/wp-content\/uploads\/2024\/06\/stiftung-300x121.png\" alt=\"\" width=\"216\" height=\"87\" srcset=\"http:\/\/wav.wearevillage.org\/wp-content\/uploads\/2024\/06\/stiftung-300x121.png 300w, http:\/\/wav.wearevillage.org\/wp-content\/uploads\/2024\/06\/stiftung-1024x414.png 1024w, http:\/\/wav.wearevillage.org\/wp-content\/uploads\/2024\/06\/stiftung-150x61.png 150w, http:\/\/wav.wearevillage.org\/wp-content\/uploads\/2024\/06\/stiftung-768x310.png 768w, http:\/\/wav.wearevillage.org\/wp-content\/uploads\/2024\/06\/stiftung-1536x620.png 1536w, http:\/\/wav.wearevillage.org\/wp-content\/uploads\/2024\/06\/stiftung-2048x827.png 2048w, http:\/\/wav.wearevillage.org\/wp-content\/uploads\/2024\/06\/stiftung-624x252.png 624w, http:\/\/wav.wearevillage.org\/wp-content\/uploads\/2024\/06\/stiftung-390x158.png 390w, http:\/\/wav.wearevillage.org\/wp-content\/uploads\/2024\/06\/stiftung-600x242.png 600w\" sizes=\"auto, (max-width: 216px) 100vw, 216px\" \/>Mit Unterst\u00fctzung der <strong>Deutschen Fernsehlotterie Stiftung<\/strong>, haben wir das Programm Queer Bridges entwickelt, um diese H\u00fcrden zu \u00fcberwinden. Wir bieten Ressourcen, Vernetzung und Unterst\u00fctzung in einem einladenden Umfeld f\u00fcr queere Migrant*innen und Gefl\u00fcchtete durch unser spezielles Programm. Unser Ziel ist es, ein Gef\u00fchl der Zugeh\u00f6rigkeit zur lokalen LGBTQIA+ Community zu f\u00f6rdern und damit eine reibungslose Integration sowie eine verbesserte Lebensqualit\u00e4t f\u00fcr queere Menschen mit Migrationserfahrung zu erm\u00f6glichen.<\/p>\n<p>\u2705 Unser<strong> Queer Bridges<\/strong> Programm wird sich stetig weiter entwickeln und wir freuen uns auch jederzeit von Euren Bedarfen zu h\u00f6ren. Bei Interesse k\u00f6nnt ihr uns eine E-Mail schicken, um \u00fcber weitere Aktualisierungen informiert zu bleiben.<\/p>\n\n\t\t<\/div>\n\t<\/div>\n<div class=\"vc_separator wpb_content_element vc_separator_align_center vc_sep_width_100 vc_sep_pos_align_center vc_separator_no_text vc_sep_color_grey wpb_content_element  wpb_content_element\" ><span class=\"vc_sep_holder vc_sep_holder_l\"><span class=\"vc_sep_line\"><\/span><\/span><span class=\"vc_sep_holder vc_sep_holder_r\"><span class=\"vc_sep_line\"><\/span><\/span>\n<\/div>\n\t<div class=\"wpb_text_column wpb_content_element\" >\n\t\t<div class=\"wpb_wrapper\">\n\t\t\t<p><u><strong>Hinweise<\/strong><\/u><br \/>\n<strong>Teilnehmende<\/strong>: Dieser Workshop richtet sich an alle, die sich als LGBTQIA+ identifizieren und Migrations- und\/oder Fluchterfahrung erlebt haben. Wenn ihr diese Erfahrungen nicht teilt, aber dennoch an einer Teilnahme interessiert seid, meldet euch bitte zuerst bei uns, um zu kl\u00e4ren, ob ein Platz frei ist. Wir bitten alle Teilnehmenden, den Schwerpunkt des Programms zu respektieren und dazu beizutragen, einen offenen, respektvollen Raum zu schaffen.<br \/>\n<strong>Anmeldung<\/strong>: Aufgrund begrenzter Pl\u00e4tze f\u00fcr die Veranstaltung ist eine Anmeldung erforderlich. Bitte schreibt uns eine E-Mail an <a href=\"mailto:events@wearevillage.org\"><strong>events@wearevillage.org<\/strong><\/a>.<br \/>\n<strong>Sprache<\/strong>: Dieses Event wird auf Englisch sein.<br \/>\n<strong>Kosten<\/strong>: Die Teilnahme ist kostenlos.<\/p>\n\n\t\t<\/div>\n\t<\/div>\n<\/div><\/div><\/div><\/div>\n<\/div>","protected":false},"excerpt":{"rendered":"<h5>kostenfrei<br \/>\nAnmeldung erforderlich<br \/>\n18:30 \u2013 20:30<\/h5>\n<p><strong style=\"font-size: 16px;\">| <span style=\"color: #ec6c23;\">LGBTQIA+<\/span>|<\/strong><\/p>\n<p>Entdeckt wertvolle Werkzeuge zur Karriereentwicklung in diesem interaktiven Workshop.<\/p>\n","protected":false},"author":12,"featured_media":17897,"template":"","meta":{"pmpro_default_level":"","inline_featured_image":false},"product_brand":[],"product_cat":[77,769,83],"product_tag":[469],"class_list":{"0":"post-17794","1":"product","2":"type-product","3":"status-publish","4":"has-post-thumbnail","6":"product_cat-community-events","7":"product_cat-kostenloser-zugang","8":"product_cat-workshops","9":"product_tag-lgbtqiaplus","10":"pmpro-has-access","12":"first","13":"outofstock","14":"purchasable","15":"product-type-variable"},"wpml_current_locale":"de_DE","wpml_translations":{"en_US":{"locale":"en_US","id":17795,"slug":"vocal-exploration-workshop-queer-bridges-kopie","post_title":"Crafting Your Career! - Queer Bridges","href":"http:\/\/wav.wearevillage.org\/en\/shop\/crafting-your-career-queer-bridges\/w43-2024"}},"language":{"code":"de","locale":"","name":"","is_rtl":false},"_links":{"self":[{"href":"http:\/\/wav.wearevillage.org\/wp-json\/wp\/v2\/product\/17794","targetHints":{"allow":["GET"]}}],"collection":[{"href":"http:\/\/wav.wearevillage.org\/wp-json\/wp\/v2\/product"}],"about":[{"href":"http:\/\/wav.wearevillage.org\/wp-json\/wp\/v2\/types\/product"}],"author":[{"embeddable":true,"href":"http:\/\/wav.wearevillage.org\/wp-json\/wp\/v2\/users\/12"}],"wp:featuredmedia":[{"embeddable":true,"href":"http:\/\/wav.wearevillage.org\/wp-json\/wp\/v2\/media\/17897"}],"wp:attachment":[{"href":"http:\/\/wav.wearevillage.org\/wp-json\/wp\/v2\/media?parent=17794"}],"wp:term":[{"taxonomy":"product_brand","embeddable":true,"href":"http:\/\/wav.wearevillage.org\/wp-json\/wp\/v2\/product_brand?post=17794"},{"taxonomy":"product_cat","embeddable":true,"href":"http:\/\/wav.wearevillage.org\/wp-json\/wp\/v2\/product_cat?post=17794"},{"taxonomy":"product_tag","embeddable":true,"href":"http:\/\/wav.wearevillage.org\/wp-json\/wp\/v2\/product_tag?post=17794"}],"curies":[{"name":"wp","href":"https:\/\/api.w.org\/{rel}","templated":true}]}}