{"id":21585,"date":"2025-01-23T15:20:56","date_gmt":"2025-01-23T14:20:56","guid":{"rendered":"http:\/\/wav.wearevillage.org\/?post_type=product&#038;p=21585"},"modified":"2025-01-25T12:01:01","modified_gmt":"2025-01-25T11:01:01","slug":"buchklub-2","status":"publish","type":"product","link":"http:\/\/wav.wearevillage.org\/shop\/book-club\/w10-2025\/","title":{"rendered":"Buchklub"},"content":{"rendered":"<div class=\"wpb-content-wrapper\"><div class=\"vc_row wpb_row vc_row-fluid\"><div class=\"wpb_column vc_column_container vc_col-sm-12\"><div class=\"vc_column-inner\"><div class=\"wpb_wrapper\"><h4 style=\"text-align: left\" class=\"vc_custom_heading vc_do_custom_heading\" >Buchklub<\/h4><h5 style=\"text-align: left\" class=\"vc_custom_heading vc_do_custom_heading\" >mit Nils Philipp<\/h5>\n\t<div class=\"wpb_text_column wpb_content_element\" >\n\t\t<div class=\"wpb_wrapper\">\n\t\t\t<p><strong>Zwei klassische Literaturwerke \u00fcber die Teenagerjahre<\/strong><br \/>\nF\u00fcr unser n\u00e4chstes Treffen laden wir dich ein, zwei faszinierende B\u00fccher zu lesen. Diese beiden au\u00dfergew\u00f6hnlichen Werke beleuchten die komplexe Welt der Jugend, erforschen Themen wie Identit\u00e4tssuche und Selbstentdeckung und hinterfragen subtil gesellschaftliche Normen.<br \/>\nBeide Romane beleuchten den Prozess der Selbstwerdung und erhellen unseren Blick auf die widerspr\u00fcchliche Rolle, die Sexualit\u00e4t dabei einnimmt.<\/p>\n<p><strong>Die Verwirrungen des Z\u00f6glings T\u00f6rle\u00df (1906) von Robert Musil<\/strong><br \/>\nAls Robert Musils Deb\u00fctroman 1906 erscheint, findet sich die Welt im Umbruch. Vor dem Hintergrund \u00fcberkommener Gesellschaftsstrukturen und der Suche nach einem Sinn der zeitgen\u00f6ssischen Lebenserfahrungen, handelt Musils Geschichte von der Reifung und Ichfindung des jungen T\u00f6rle\u00df im Internat. In diesem Mikrokosmos versucht der Protagonist die Erfahrungen mit dekadenter Autorit\u00e4t und Hierarchie, die sich in seinen Mitsch\u00fclern widerspiegelt, einzuordnen. Sexualit\u00e4t und Macht sind zentrale Erlebnisse, die vorerst nicht bewertet, aber verstanden werden wollen.<\/p>\n<p><strong>Die Absonderung (1991) von Georges-Arthur Goldschmidt<\/strong><br \/>\nAuch der junge Protagonist in Georges-Arthur Goldschmidts 1991 erschienenem Roman Die Absonderung\u00a0macht widerspr\u00fcchliche sexuelle Erfahrungen in einem franz\u00f6sischen Kinderheim, in das er 1938 von seinen Eltern aus Deutschland geschickt wird. In der dichten Erz\u00e4hlung lernt der Junge seinen K\u00f6rper als eine Quelle von Scham und gleichzeitig als ein Mittel zur Verteidigung zu betrachten. Diese duale Wahrnehmung spiegelt die Komplexit\u00e4t der sexuellen Reifung wider, da er sowohl mit der Entdeckung seines K\u00f6rpers als auch mit dem Trauma des Exils konfrontiert wird.<\/p>\n\n\t\t<\/div>\n\t<\/div>\n<div class=\"vc_separator wpb_content_element vc_separator_align_center vc_sep_width_100 vc_sep_pos_align_center vc_separator_no_text vc_sep_color_grey wpb_content_element  wpb_content_element\" ><span class=\"vc_sep_holder vc_sep_holder_l\"><span class=\"vc_sep_line\"><\/span><\/span><span class=\"vc_sep_holder vc_sep_holder_r\"><span class=\"vc_sep_line\"><\/span><\/span>\n<\/div>\n\t<div class=\"wpb_text_column wpb_content_element\" >\n\t\t<div class=\"wpb_wrapper\">\n\t\t\t<p><img loading=\"lazy\" decoding=\"async\" class=\"wp-image-16166 alignleft\" src=\"http:\/\/wav.wearevillage.org\/wp-content\/uploads\/2024\/08\/wav-team-Nils-Philipp2.png\" alt=\"\" width=\"160\" height=\"178\" srcset=\"http:\/\/wav.wearevillage.org\/wp-content\/uploads\/2024\/08\/wav-team-Nils-Philipp2.png 900w, http:\/\/wav.wearevillage.org\/wp-content\/uploads\/2024\/08\/wav-team-Nils-Philipp2-270x300.png 270w, http:\/\/wav.wearevillage.org\/wp-content\/uploads\/2024\/08\/wav-team-Nils-Philipp2-135x150.png 135w, http:\/\/wav.wearevillage.org\/wp-content\/uploads\/2024\/08\/wav-team-Nils-Philipp2-768x853.png 768w, http:\/\/wav.wearevillage.org\/wp-content\/uploads\/2024\/08\/wav-team-Nils-Philipp2-624x693.png 624w, http:\/\/wav.wearevillage.org\/wp-content\/uploads\/2024\/08\/wav-team-Nils-Philipp2-390x433.png 390w, http:\/\/wav.wearevillage.org\/wp-content\/uploads\/2024\/08\/wav-team-Nils-Philipp2-600x667.png 600w\" sizes=\"auto, (max-width: 160px) 100vw, 160px\" \/> <strong>Nils Philipp<\/strong> ist Kunst- und Architekturvermittler und bet\u00e4tigt sich zudem als Dichter, Fotograf und Dekofee. Nach Erfahrungen als Hausmeister, Feinkostverk\u00e4ufer und Bademeister arbeitet er u.a. als Buchh\u00e4ndler. W\u00e4hrend er auf seinen Durchbruch wahlweise als Schriftsteller oder Dekorateur wartet, liest er viel und gerne.<\/p>\n\n\t\t<\/div>\n\t<\/div>\n<div class=\"vc_separator wpb_content_element vc_separator_align_center vc_sep_width_100 vc_sep_pos_align_center vc_separator_no_text vc_sep_color_grey vc_custom_1723801636502 wpb_content_element  vc_custom_1723801636502 wpb_content_element\" ><span class=\"vc_sep_holder vc_sep_holder_l\"><span class=\"vc_sep_line\"><\/span><\/span><span class=\"vc_sep_holder vc_sep_holder_r\"><span class=\"vc_sep_line\"><\/span><\/span>\n<\/div>\n\t<div class=\"wpb_text_column wpb_content_element\" >\n\t\t<div class=\"wpb_wrapper\">\n\t\t\t<p><span style=\"text-decoration: underline;\"><strong>\u00dcber den Village Book Club<\/strong><\/span><br \/>\n\u2022 B\u00fccherliebhaber und Leseratten treffen sich jeden Monat, um Literatur und Sachb\u00fccher (Romane, Biografien und Essays) zu besprechen, die sich mit LGBTQIA+-Themen und -Pers\u00f6nlichkeiten befassen oder damit in Zusammenhang stehen.<br \/>\n\u2022 In Voraussicht auf aufschlussreiche Diskussionen w\u00e4hlen wir das n\u00e4chste Buch zwei Monate im Voraus aus.<br \/>\n\u2022 Die Diskussionen am Abend finden auf Deutsch statt, aber die Teilnehmenden k\u00f6nnen die B\u00fccher in ihrer Lieblingssprache lesen.<br \/>\n\u2022 Die Veranstaltung ist kostenlos und ohne Anmeldung<\/p>\n\n\t\t<\/div>\n\t<\/div>\n<\/div><\/div><\/div><\/div>\n<\/div>","protected":false},"excerpt":{"rendered":"<h5>Dienstag (jeden zweiten Monat)<br \/>\n20:00 \u2013 22:30<br \/>\nkostenlos<br \/>\nAuf Deutsch<\/h5>\n<p class=\"p1\"><strong>| <span style=\"color: #ec6c23;\">LGBTQIA+<\/span>\u00a0|<\/strong><\/p>\n<p>F\u00fcr unser n\u00e4chstes Treffen laden wir dich ein, zwei faszinierende B\u00fccher zu lesen. Beide Romane beleuchten den Prozess der Selbstwerdung und erhellen unseren Blick auf die widerspr\u00fcchliche Rolle, die Sexualit\u00e4t dabei einnimmt.<\/p>\n<p><strong>\u2022 Die Verwirrungen des Z\u00f6glings T\u00f6rle\u00df (1906) von Robert Musil<\/strong><br \/>\n<strong>\u2022 Die Absonderung (1991) von Georges-Arthur Goldschmidt<\/strong><\/p>\n<p>\u00a0<\/p>\n","protected":false},"author":12,"featured_media":21600,"template":"","meta":{"pmpro_default_level":"","inline_featured_image":false},"product_brand":[],"product_cat":[791,76,769,79],"product_tag":[469],"class_list":{"0":"post-21585","1":"product","2":"type-product","3":"status-publish","4":"has-post-thumbnail","6":"product_cat-gemeinsam-statt-einsam","7":"product_cat-ausstellung","8":"product_cat-kostenloser-zugang","9":"product_cat-monatliche-events","10":"product_tag-lgbtqiaplus","11":"pmpro-has-access","13":"first","14":"outofstock","15":"purchasable","16":"product-type-variable"},"wpml_current_locale":"de_DE","wpml_translations":{"en_US":{"locale":"en_US","id":21586,"slug":"buchklub-kopie-2","post_title":"Buchklub","href":"http:\/\/wav.wearevillage.org\/en\/shop\/book-club\/w10-2025"}},"language":{"code":"de","locale":"","name":"","is_rtl":false},"_links":{"self":[{"href":"http:\/\/wav.wearevillage.org\/wp-json\/wp\/v2\/product\/21585","targetHints":{"allow":["GET"]}}],"collection":[{"href":"http:\/\/wav.wearevillage.org\/wp-json\/wp\/v2\/product"}],"about":[{"href":"http:\/\/wav.wearevillage.org\/wp-json\/wp\/v2\/types\/product"}],"author":[{"embeddable":true,"href":"http:\/\/wav.wearevillage.org\/wp-json\/wp\/v2\/users\/12"}],"wp:featuredmedia":[{"embeddable":true,"href":"http:\/\/wav.wearevillage.org\/wp-json\/wp\/v2\/media\/21600"}],"wp:attachment":[{"href":"http:\/\/wav.wearevillage.org\/wp-json\/wp\/v2\/media?parent=21585"}],"wp:term":[{"taxonomy":"product_brand","embeddable":true,"href":"http:\/\/wav.wearevillage.org\/wp-json\/wp\/v2\/product_brand?post=21585"},{"taxonomy":"product_cat","embeddable":true,"href":"http:\/\/wav.wearevillage.org\/wp-json\/wp\/v2\/product_cat?post=21585"},{"taxonomy":"product_tag","embeddable":true,"href":"http:\/\/wav.wearevillage.org\/wp-json\/wp\/v2\/product_tag?post=21585"}],"curies":[{"name":"wp","href":"https:\/\/api.w.org\/{rel}","templated":true}]}}