{"id":21603,"date":"2025-01-24T13:40:36","date_gmt":"2025-01-24T12:40:36","guid":{"rendered":"http:\/\/wav.wearevillage.org\/?post_type=product&#038;p=21603"},"modified":"2025-03-21T14:05:26","modified_gmt":"2025-03-21T13:05:26","slug":"sensual-touch-lab-series-5","status":"publish","type":"product","link":"http:\/\/wav.wearevillage.org\/shop\/sensual-touch\/w13-2025\/","title":{"rendered":"Sensual Play Ritual"},"content":{"rendered":"<div class=\"wpb-content-wrapper\"><div class=\"vc_row wpb_row vc_row-fluid\"><div class=\"wpb_column vc_column_container vc_col-sm-12\"><div class=\"vc_column-inner\"><div class=\"wpb_wrapper\"><h4 style=\"text-align: left\" class=\"vc_custom_heading vc_do_custom_heading\" >Sensual Play Ritual<\/h4><h5 style=\"text-align: left\" class=\"vc_custom_heading vc_do_custom_heading\" >Sensual Touch Lab Ber\u00fchrungsworkshop-Reihe f\u00fcr GBTQ M\u00e4nner*<\/h5>\n\t<div class=\"wpb_text_column wpb_content_element\" >\n\t\t<div class=\"wpb_wrapper\">\n\t\t\t<p><strong>M\u00e4rz: Sensual Play Ritual mit Markus Kaufmann.<\/strong><br \/>\nIn dieser Sitzung richten wir unseren Fokus nach innen, um uns mit unseren erwachenden Bed\u00fcrfnissen und W\u00fcnschen zu verbinden. Mit dem nahenden Fr\u00fchling lassen wir uns vom Pflanzenreich inspirieren und laden zu einem spielerischen Ansatz ein, der all unsere Sinne und die k\u00f6rperliche Erforschung vollst\u00e4ndig einbezieht. Wie die Vegetation, die aus dem Winterschlaf erwacht, k\u00f6nnen auch wir wachsen und erbl\u00fchen, wobei all unsere Sinne erwachen.<br \/>\nDieses Ritual f\u00fchrt Sie durch eine Reise der Selbsterforschung, intimer Eins-zu-Eins-Begegnungen und Gruppenerfahrungen. Das Ritual entfaltet sich in zwei Teilen. Es beginnt mit einer vom Facilitator geleiteten Erkundung, um Vertrauen und Neugierde aufzubauen, gefolgt von einer intuitiveren und freieren Erfahrung, die auf der im ersten Teil geschaffenen Grundlage sinnlichen Bewusstseins aufbaut.<br \/>\nW\u00e4hrend der gesamten Erfahrung ist Kleidung optional, wobei pers\u00f6nliche Grenzen durchgehend respektiert werden.<\/p>\n\n\t\t<\/div>\n\t<\/div>\n<div class=\"vc_separator wpb_content_element vc_separator_align_center vc_sep_width_100 vc_sep_pos_align_center vc_separator_no_text vc_sep_color_grey wpb_content_element  wpb_content_element\" ><span class=\"vc_sep_holder vc_sep_holder_l\"><span class=\"vc_sep_line\"><\/span><\/span><span class=\"vc_sep_holder vc_sep_holder_r\"><span class=\"vc_sep_line\"><\/span><\/span>\n<\/div>\n\t<div class=\"wpb_text_column wpb_content_element\" >\n\t\t<div class=\"wpb_wrapper\">\n\t\t\t<p><img loading=\"lazy\" decoding=\"async\" class=\"wp-image-36 alignleft\" src=\"http:\/\/wav.wearevillage.org\/wp-content\/uploads\/2022\/08\/Markus-Kaufmann.jpg\" alt=\"\" width=\"119\" height=\"131\" srcset=\"http:\/\/wav.wearevillage.org\/wp-content\/uploads\/2022\/08\/Markus-Kaufmann.jpg 700w, http:\/\/wav.wearevillage.org\/wp-content\/uploads\/2022\/08\/Markus-Kaufmann-390x431.jpg 390w, http:\/\/wav.wearevillage.org\/wp-content\/uploads\/2022\/08\/Markus-Kaufmann-600x663.jpg 600w, http:\/\/wav.wearevillage.org\/wp-content\/uploads\/2022\/08\/Markus-Kaufmann-271x300.jpg 271w, http:\/\/wav.wearevillage.org\/wp-content\/uploads\/2022\/08\/Markus-Kaufmann-624x690.jpg 624w\" sizes=\"auto, (max-width: 119px) 100vw, 119px\" \/> <strong>Markus Kaufmann <\/strong>unterst\u00fctzt in seiner T\u00e4tigkeit als Gesundheitscoach chronisch kranke Menschen bei ihrer Alltagsbew\u00e4ltigung. Die Arbeit, die Markus anbietet, l\u00e4sst sich am besten als Raum beschreiben, in dem Psychologie auf Spiritualit\u00e4t trifft. Markus ist ausgebildeter systemischer Coach, Heilpraktiker Psychotherapie, Yogatherapeut sowie Energiearbeiter.<\/p>\n\n\t\t<\/div>\n\t<\/div>\n<div class=\"vc_separator wpb_content_element vc_separator_align_center vc_sep_width_100 vc_sep_pos_align_center vc_separator_no_text vc_sep_color_grey wpb_content_element  wpb_content_element\" ><span class=\"vc_sep_holder vc_sep_holder_l\"><span class=\"vc_sep_line\"><\/span><\/span><span class=\"vc_sep_holder vc_sep_holder_r\"><span class=\"vc_sep_line\"><\/span><\/span>\n<\/div>\n\t<div class=\"wpb_text_column wpb_content_element\" >\n\t\t<div class=\"wpb_wrapper\">\n\t\t\t<p><b>Was ist Sensual Touch Lab Series for GBTQ M\u00e4nner*?<\/b><br \/>\nSensual Touch Lab Series f\u00fcr GBTQ M\u00e4nner* ist ein monatlicher Workshop, bei dem wir einen Raum f\u00fcr sinnliche N\u00e4he und spielerische Begegnungen schaffen m\u00f6chten.<br \/>\nVerk\u00f6rperte, somatische Erfahrungen, die unsere Gesamtk\u00f6rperlichkeit wertsch\u00e4tzen. Sinnlichkeit als Zugang, neue Wege im Umgang mit unseren eigenen \u00c4ngsten oder Mustern in Bezug auf Nacktheit, Intimit\u00e4t und Ber\u00fchrung erkunden. Wir laden dich ein, deine pers\u00f6nlichen Grenzen in einem Rahmen gegenseitigen Respekts und Einvernehmens zu erforschen, zu kommunizieren und gegebenenfalls zu erweitern. Dabei er\u00f6ffnet sich die M\u00f6glichkeit, die Kraft von Ber\u00fchrung, Empfindung und nonverbaler, zwischenmenschlicher Bezogenheit zu erfahren.<br \/>\nJedes Event wird ein gef\u00fchrter Prozess sein, der je nach Thema und Hintergrund der Kursleitenden* eine besondere Note hat, sei es K\u00f6rperarbeit und Ber\u00fchrung, Somatik und Intimit\u00e4t oder etwas anderes. Diese Kurzworkshops k\u00f6nnen Nacktheit, Partner\u00fcbungen sowie k\u00f6rperlich nahe Interaktionen beinhalten.<\/p>\n<p><b>Vorteile<\/b><br \/>\n\u2022 Schafft wertvolle, gemeinsame Erfahrungen unter GBTQ M\u00e4nner* durch N\u00e4he, Empathie und Verbundenheit.<br \/>\n\u2022 Bek\u00e4mpft Gef\u00fchle der Isolation und Einsamkeit.<br \/>\n\u2022 F\u00f6rdert Selbstliebe und Akzeptanz des eigenen K\u00f6rpers und der Identit\u00e4t.<br \/>\n\u2022 Bietet einen sicheren, urteilsfreien Raum zur Erforschung pers\u00f6nlicher Grenzen.<br \/>\n\u2022 Tr\u00e4gt zum allgemeinen Wohlbefinden bei und unterst\u00fctzt die F\u00e4higkeit, dauerhafte Beziehungen aufzubauen.<br \/>\n\u2022 Kann als gesunder Bew\u00e4ltigungsmechanismus dienen und das Risiko von Substanzmissbrauch reduzieren.<\/p>\n\n\t\t<\/div>\n\t<\/div>\n<div class=\"vc_separator wpb_content_element vc_separator_align_center vc_sep_width_100 vc_sep_pos_align_center vc_separator_no_text vc_sep_color_grey wpb_content_element  wpb_content_element\" ><span class=\"vc_sep_holder vc_sep_holder_l\"><span class=\"vc_sep_line\"><\/span><\/span><span class=\"vc_sep_holder vc_sep_holder_r\"><span class=\"vc_sep_line\"><\/span><\/span>\n<\/div>\n\t<div class=\"wpb_text_column wpb_content_element\" >\n\t\t<div class=\"wpb_wrapper\">\n\t\t\t<p><b>Hinweise<\/b><br \/>\n\u2022 Dieses Format ist f\u00fcr alle queeren M\u00e4nner*\/M\u00e4nnlichkeiten, die Ber\u00fchrung in einer einvernehmlichen, unterst\u00fctzenden Atmosph\u00e4re erfahren m\u00f6chten.<br \/>\n\u2022 Bitte lege Wert auf pers\u00f6nliche Hygiene.<br \/>\n\u2022 Bringe zum Abdecken von Kissen, Matten oder Massageliegen ein Laken und ein Handtuch mit.<br \/>\n\u2022 Dieser Workshop wird auf Englisch durchgef\u00fchrt.<br \/>\n\u2022 Dieses Event ist auch zu einem erm\u00e4\u00dfigten Mitgliederpreis erh\u00e4ltlich \u2013 aber kein Bestandteil der zwei kostenlosen monatlichen Mitgliederveranstaltungen.<br \/>\n\u2022 Erm\u00e4\u00dfigter Zugang ist auf schriftliche Anfrage an: <strong><a href=\"mailto:events@wearevillage.org\">events@wearevillage.org<\/a><\/strong><\/p>\n\n\t\t<\/div>\n\t<\/div>\n<\/div><\/div><\/div><\/div><div class=\"vc_row wpb_row vc_row-fluid\"><div class=\"wpb_column vc_column_container vc_col-sm-12\"><div class=\"vc_column-inner\"><div class=\"wpb_wrapper\">\n\t<div class=\"wpb_text_column wpb_content_element\" >\n\t\t<div class=\"wpb_wrapper\">\n\t\t\t\n\t\t<\/div>\n\t<\/div>\n<\/div><\/div><\/div><\/div>\n<\/div>","protected":false},"excerpt":{"rendered":"<h5>Freitags (einmal im Monat)<br \/>\n20:00 \u2013 22:30<\/h5>\n<p class=\"p1\"><strong>| <span style=\"color: #ec6c23;\">GBTQ men*<\/span>\u00a0|<\/strong><\/p>\n<p><strong>Sensual Touch Lab Ber\u00fchrungsworkshop-Reihe f\u00fcr GBTQ M\u00e4nner*<\/strong>\u00a0 <strong>_M\u00e4rz_<\/strong>Inspiriert vom Fr\u00fchling und der Natur, l\u00e4dt dieses Ritual zu spielerischer, k\u00f6rperlicher Erforschung ein. Durch gef\u00fchrte und freie Phasen entsteht ein Raum f\u00fcr Vertrauen, Neugierde und sinnliches Bewusstsein.<\/p>\n","protected":false},"author":11,"featured_media":17666,"template":"","meta":{"pmpro_default_level":"","inline_featured_image":false},"product_brand":[],"product_cat":[79,83],"product_tag":[256],"class_list":{"0":"post-21603","1":"product","2":"type-product","3":"status-publish","4":"has-post-thumbnail","6":"product_cat-monatliche-events","7":"product_cat-workshops","8":"product_tag-gbtq-men","9":"pmpro-has-access","11":"first","12":"instock","13":"product-type-variable","14":"has-default-attributes"},"wpml_current_locale":"de_DE","wpml_translations":{"en_US":{"locale":"en_US","id":21606,"slug":"sensual-touch-lab-series-5","post_title":"Sensual Play Ritual","href":"http:\/\/wav.wearevillage.org\/en\/shop\/sensual-touch\/w13-2025"}},"language":{"code":"de","locale":"","name":"","is_rtl":false},"_links":{"self":[{"href":"http:\/\/wav.wearevillage.org\/wp-json\/wp\/v2\/product\/21603","targetHints":{"allow":["GET"]}}],"collection":[{"href":"http:\/\/wav.wearevillage.org\/wp-json\/wp\/v2\/product"}],"about":[{"href":"http:\/\/wav.wearevillage.org\/wp-json\/wp\/v2\/types\/product"}],"author":[{"embeddable":true,"href":"http:\/\/wav.wearevillage.org\/wp-json\/wp\/v2\/users\/11"}],"wp:featuredmedia":[{"embeddable":true,"href":"http:\/\/wav.wearevillage.org\/wp-json\/wp\/v2\/media\/17666"}],"wp:attachment":[{"href":"http:\/\/wav.wearevillage.org\/wp-json\/wp\/v2\/media?parent=21603"}],"wp:term":[{"taxonomy":"product_brand","embeddable":true,"href":"http:\/\/wav.wearevillage.org\/wp-json\/wp\/v2\/product_brand?post=21603"},{"taxonomy":"product_cat","embeddable":true,"href":"http:\/\/wav.wearevillage.org\/wp-json\/wp\/v2\/product_cat?post=21603"},{"taxonomy":"product_tag","embeddable":true,"href":"http:\/\/wav.wearevillage.org\/wp-json\/wp\/v2\/product_tag?post=21603"}],"curies":[{"name":"wp","href":"https:\/\/api.w.org\/{rel}","templated":true}]}}