{"id":23867,"date":"2025-03-26T17:38:40","date_gmt":"2025-03-26T16:38:40","guid":{"rendered":"http:\/\/wav.wearevillage.org\/?post_type=product&#038;p=23867"},"modified":"2025-10-12T10:10:11","modified_gmt":"2025-10-12T08:10:11","slug":"film-night-3","status":"publish","type":"product","link":"http:\/\/wav.wearevillage.org\/shop\/village-film\/w22-2025\/","title":{"rendered":"Film Night \u2013 The Cockettes (2002)"},"content":{"rendered":"<div class=\"wpb-content-wrapper\"><div class=\"vc_row wpb_row vc_row-fluid\"><div class=\"wpb_column vc_column_container vc_col-sm-12\"><div class=\"vc_column-inner\"><div class=\"wpb_wrapper\"><h4 style=\"text-align: left\" class=\"vc_custom_heading vc_do_custom_heading\" >Village Film Night - The Cockettes (2002)<\/h4><h5 style=\"text-align: left\" class=\"vc_custom_heading vc_do_custom_heading\" >Gast: Marcelo Alves<\/h5><div class=\"vc_separator wpb_content_element vc_separator_align_center vc_sep_width_100 vc_sep_pos_align_center vc_separator_no_text vc_sep_color_grey wpb_content_element  wpb_content_element\" ><span class=\"vc_sep_holder vc_sep_holder_l\"><span class=\"vc_sep_line\"><\/span><\/span><span class=\"vc_sep_holder vc_sep_holder_r\"><span class=\"vc_sep_line\"><\/span><\/span>\n<\/div>\n\t<div class=\"wpb_text_column wpb_content_element\" >\n\t\t<div class=\"wpb_wrapper\">\n\t\t\t<p><strong>The Cockettes<\/strong><br \/>\nRegie: Bill Weber und David Weissman<br \/>\n2002 \u2013 102 Minutes<br \/>\nOV auf Englisch<\/p>\n<p><strong>Zusammenfassung<\/strong>: \u201eThe Cockettes\u201c ist ein lebendiger Dokumentarfilm, der den Aufstieg und die einzigartige kulturelle Wirkung der legend\u00e4ren, in San Francisco ans\u00e4ssigen Theatertruppe The Cockettes dokumentiert. Bekannt f\u00fcr ihre extravaganten und avantgardistischen Auff\u00fchrungen, wurden The Cockettes in den 1970er Jahren zu einem Symbol der Gegenkulturbewegung, indem sie mit ihren extravaganten Kost\u00fcmen und geschlechter\u00fcbergreifenden Auftritten Normen herausforderten. Der Dokumentarfilm f\u00e4ngt das Wesen ihrer kreativen Anarchie ein und erforscht Themen wie Freiheit, Ausdruck und die Kraft der Gemeinschaft angesichts gesellschaftlicher Zw\u00e4nge.<\/p>\n<p>Dieser Film passt hervorragend zur Philosophie von \u201ewe are village\u201c, indem er vielf\u00e4ltige Identit\u00e4ten, k\u00fcnstlerischen Ausdruck und queere Befreiung feiert. Er bietet eine nostalgische, aber kraftvolle Erinnerung an die Bedeutung von gemeinschaftsgetriebener Kreativit\u00e4t und den nachhaltigen Einfluss queerer Pioniere auf die heutige Kulturlandschaft.<\/p>\n<p><strong>\u00dcber die Filmnacht am Village<\/strong><br \/>\nDie monatliche Filmnacht von we are village hat sich zu einem Muss f\u00fcr Cineasten entwickelt, die eine Auswahl an beliebten Klassikern genie\u00dfen wollen. Das Programm umfasst eine breite Erkundung queerer und nicht-normativer Perspektiven in verschiedenen Genres und k\u00fcnstlerischen Stilen, die \u00fcber LGBTQIA+Themen hinausgehen. Nach jeder Vorf\u00fchrung werden die G\u00e4ste zum Verweilen und zur Teilnahme an entspannten Gruppendiskussionen \u00fcber die Filme und damit verbundene Themen eingeladen.<\/p>\n\n\t\t<\/div>\n\t<\/div>\n<div class=\"vc_separator wpb_content_element vc_separator_align_center vc_sep_width_100 vc_sep_pos_align_center vc_separator_no_text vc_sep_color_grey wpb_content_element  wpb_content_element\" ><span class=\"vc_sep_holder vc_sep_holder_l\"><span class=\"vc_sep_line\"><\/span><\/span><span class=\"vc_sep_holder vc_sep_holder_r\"><span class=\"vc_sep_line\"><\/span><\/span>\n<\/div>\n\t<div class=\"wpb_text_column wpb_content_element\" >\n\t\t<div class=\"wpb_wrapper\">\n\t\t\t<p><img loading=\"lazy\" decoding=\"async\" class=\"wp-image-34 alignleft\" src=\"http:\/\/wav.wearevillage.org\/wp-content\/uploads\/2022\/08\/Marcelo-Alves.jpg\" alt=\"\" width=\"160\" height=\"177\" srcset=\"http:\/\/wav.wearevillage.org\/wp-content\/uploads\/2022\/08\/Marcelo-Alves.jpg 700w, http:\/\/wav.wearevillage.org\/wp-content\/uploads\/2022\/08\/Marcelo-Alves-390x431.jpg 390w, http:\/\/wav.wearevillage.org\/wp-content\/uploads\/2022\/08\/Marcelo-Alves-600x663.jpg 600w, http:\/\/wav.wearevillage.org\/wp-content\/uploads\/2022\/08\/Marcelo-Alves-271x300.jpg 271w, http:\/\/wav.wearevillage.org\/wp-content\/uploads\/2022\/08\/Marcelo-Alves-624x690.jpg 624w\" sizes=\"auto, (max-width: 160px) 100vw, 160px\" \/>Nachdem <strong>Marcelo Alves <\/strong>20 Jahre lang in New York gelebt hat, ist er nach Berlin gezogen, um in Babelsberg Produktionsdesign zu studieren und jetzt in diesem Bereich zu arbeiten. Er betrachtet sein Leben als queerer POC der dritten Generation und engagiert sich in Community-Organisationen wie GMHC, Friends in Deed, der Berliner AIDS Hilfe und dem Berliner Chem-Sex Netzwerk. Seit dem ersten Stretch hat er sich bei Village.Berlin engagiert. Heute ist er Teil einer Anti-Rassismus- und Inklusionsinitiative und kann seine Leidenschaft teilen, indem er die monatliche Filmnacht mit organisiert.<\/p>\n\n\t\t<\/div>\n\t<\/div>\n<div class=\"vc_separator wpb_content_element vc_separator_align_center vc_sep_width_100 vc_sep_pos_align_center vc_separator_no_text vc_sep_color_grey vc_custom_1724778095340 wpb_content_element  vc_custom_1724778095340 wpb_content_element\" ><span class=\"vc_sep_holder vc_sep_holder_l\"><span class=\"vc_sep_line\"><\/span><\/span><span class=\"vc_sep_holder vc_sep_holder_r\"><span class=\"vc_sep_line\"><\/span><\/span>\n<\/div>\n\t<div class=\"wpb_text_column wpb_content_element\" >\n\t\t<div class=\"wpb_wrapper\">\n\t\t\t<p><b>Hinweise<br \/>\n<\/b>Einlass ist um 19:30 Uhr, der Film beginnt p\u00fcnktlich um 20:00 Uhr.<br \/>\n<strong>Sprache<\/strong>: Die Veranstaltung wird auf Englisch abgehalten.<br \/>\n<strong>Kosten<\/strong>: Die Veranstaltung ist f\u00fcr alle zug\u00e4nglich und kostenlos.<\/p>\n\n\t\t<\/div>\n\t<\/div>\n<\/div><\/div><\/div><\/div>\n<\/div>","protected":false},"excerpt":{"rendered":"<h5>Dienstags (einmal im Monat)<br \/>\n19:30 \u2013 22:30<br \/>\nEintritt frei<\/h5>\n<p class=\"p1\"><strong>| <span style=\"color: #ec6c23;\">LGBTQIA+<\/span> |<\/strong><\/p>\n<p>The Cockettes<br \/>\nRegie: Bill Weber und David Weissman<br \/>\n2002 \u2013 102 Minutes<br \/>\nOV auf Englisch<\/p>\n","protected":false},"author":12,"featured_media":25093,"template":"","meta":{"pmpro_default_level":"","inline_featured_image":false},"product_brand":[],"product_cat":[77,769,79],"product_tag":[469],"class_list":{"0":"post-23867","1":"product","2":"type-product","3":"status-publish","4":"has-post-thumbnail","6":"product_cat-community-events","7":"product_cat-kostenloser-zugang","8":"product_cat-monatliche-events","9":"product_tag-lgbtqiaplus","10":"pmpro-has-access","12":"first","13":"instock","14":"sold-individually","15":"purchasable","16":"product-type-simple"},"wpml_current_locale":"de_DE","wpml_translations":{"en_US":{"locale":"en_US","id":23878,"slug":"film-night-3","post_title":"Film Night - The Cockettes (2002)","href":"http:\/\/wav.wearevillage.org\/en\/shop\/village-film\/w22-2025"}},"language":{"code":"de","locale":"","name":"","is_rtl":false},"_links":{"self":[{"href":"http:\/\/wav.wearevillage.org\/wp-json\/wp\/v2\/product\/23867","targetHints":{"allow":["GET"]}}],"collection":[{"href":"http:\/\/wav.wearevillage.org\/wp-json\/wp\/v2\/product"}],"about":[{"href":"http:\/\/wav.wearevillage.org\/wp-json\/wp\/v2\/types\/product"}],"author":[{"embeddable":true,"href":"http:\/\/wav.wearevillage.org\/wp-json\/wp\/v2\/users\/12"}],"wp:featuredmedia":[{"embeddable":true,"href":"http:\/\/wav.wearevillage.org\/wp-json\/wp\/v2\/media\/25093"}],"wp:attachment":[{"href":"http:\/\/wav.wearevillage.org\/wp-json\/wp\/v2\/media?parent=23867"}],"wp:term":[{"taxonomy":"product_brand","embeddable":true,"href":"http:\/\/wav.wearevillage.org\/wp-json\/wp\/v2\/product_brand?post=23867"},{"taxonomy":"product_cat","embeddable":true,"href":"http:\/\/wav.wearevillage.org\/wp-json\/wp\/v2\/product_cat?post=23867"},{"taxonomy":"product_tag","embeddable":true,"href":"http:\/\/wav.wearevillage.org\/wp-json\/wp\/v2\/product_tag?post=23867"}],"curies":[{"name":"wp","href":"https:\/\/api.w.org\/{rel}","templated":true}]}}