{"id":24080,"date":"2025-03-31T14:41:15","date_gmt":"2025-03-31T12:41:15","guid":{"rendered":"http:\/\/wav.wearevillage.org\/?post_type=product&#038;p=24080"},"modified":"2025-05-05T14:07:40","modified_gmt":"2025-05-05T12:07:40","slug":"outdoor-schloesser-und-skulpturen-im-naturpark-hoher-flaeming","status":"publish","type":"product","link":"http:\/\/wav.wearevillage.org\/shop\/village-outdoor\/w21-2025\/","title":{"rendered":"Outdoor \u2013  Schl\u00f6sser und Skulpturen im Naturpark Hoher Fl\u00e4ming"},"content":{"rendered":"<div class=\"wpb-content-wrapper\"><div class=\"vc_row wpb_row vc_row-fluid\"><div class=\"wpb_column vc_column_container vc_col-sm-12\"><div class=\"vc_column-inner\"><div class=\"wpb_wrapper\"><h4 style=\"text-align: left\" class=\"vc_custom_heading vc_do_custom_heading\" >Village Outdoor \u2013 Schl\u00f6sser und Skulpturen im Naturpark Hoher Fl\u00e4ming<\/h4><h5 style=\"text-align: left\" class=\"vc_custom_heading vc_do_custom_heading\" >mit Daniel Salamon und Thomas Fischer<\/h5>\n\t<div class=\"wpb_text_column wpb_content_element\" >\n\t\t<div class=\"wpb_wrapper\">\n\t\t\t<p>Mit l\u00e4ngeren Tagen und hoffentlich schon w\u00e4rmerem Wetter ist dies eine l\u00e4ngere Wanderung durch den Naturpark Hoher Fl\u00e4ming. Wir treffen uns um <strong>10:30 Uhr<\/strong> am Bahnhof Wiesenburg, um die Wanderung durch einen Rhododendrongarten in Richtung Schloss Wiesenburg zu beginnen. Danach setzen wir unseren Weg entlang des Kunstwegs mit Skulpturen aus gefundenen Materialien sowie Spuren der fl\u00e4mischen Ansiedlung, nach der die Region benannt ist, fort und erreichen einen der h\u00f6chsten Punkte in Brandenburg (Hageberg, 200 m!!). Wir wandern durch W\u00e4lder und Felder und kehren von Bad Belzig aus zur\u00fcck.<\/p>\n<p><strong>Was ist Village Outdoor?<\/strong><br \/>\nVillage Outdoor Events sind monatliche Treffen der we are village-Community und ihrer Freunde, um Outdoor-Aktivit\u00e4ten in und um Berlin zu genie\u00dfen. Zu den Aktivit\u00e4ten geh\u00f6ren Waldwanderungen, Radtouren, Schwimmen in Seen, Sightseeing und Kajakfahren.<br \/>\nJeden Monat gibt es einen kostenlosen und unkomplizierten Spaziergang oder eine Wanderung in Bereichen Berlins oder in der Umgebung, die mit \u00f6ffentlichen Verkehrsmitteln erreichbar sind.<\/p>\n\n\t\t<\/div>\n\t<\/div>\n<div class=\"vc_separator wpb_content_element vc_separator_align_center vc_sep_width_100 vc_sep_pos_align_center vc_separator_no_text vc_sep_color_grey wpb_content_element  wpb_content_element\" ><span class=\"vc_sep_holder vc_sep_holder_l\"><span class=\"vc_sep_line\"><\/span><\/span><span class=\"vc_sep_holder vc_sep_holder_r\"><span class=\"vc_sep_line\"><\/span><\/span>\n<\/div>\n\t<div class=\"wpb_text_column wpb_content_element\" >\n\t\t<div class=\"wpb_wrapper\">\n\t\t\t<p><img loading=\"lazy\" decoding=\"async\" class=\"wp-image-3097 alignleft\" src=\"http:\/\/wav.wearevillage.org\/wp-content\/uploads\/2023\/02\/Daniel_Salamon-270x300.png\" alt=\"\" width=\"160\" height=\"178\" srcset=\"http:\/\/wav.wearevillage.org\/wp-content\/uploads\/2023\/02\/Daniel_Salamon-270x300.png 270w, http:\/\/wav.wearevillage.org\/wp-content\/uploads\/2023\/02\/Daniel_Salamon-135x150.png 135w, http:\/\/wav.wearevillage.org\/wp-content\/uploads\/2023\/02\/Daniel_Salamon-768x853.png 768w, http:\/\/wav.wearevillage.org\/wp-content\/uploads\/2023\/02\/Daniel_Salamon-624x693.png 624w, http:\/\/wav.wearevillage.org\/wp-content\/uploads\/2023\/02\/Daniel_Salamon-390x433.png 390w, http:\/\/wav.wearevillage.org\/wp-content\/uploads\/2023\/02\/Daniel_Salamon-600x667.png 600w, http:\/\/wav.wearevillage.org\/wp-content\/uploads\/2023\/02\/Daniel_Salamon.png 900w\" sizes=\"auto, (max-width: 160px) 100vw, 160px\" \/><strong>Daniel Salamon<\/strong> genie\u00dft die Natur und das Leben im Freien schon seit fr\u00fchester Kindheit, praktiziert Yoga seit den sp\u00e4ten 1990er Jahren und hat ein wachsendes Interesse an therapeutischer und sinnlicher Ber\u00fchrung. Seit 2013 ist er auf verschiedene Weise mit dem Village und den Radical Faeries (weltweit) verbunden. Er lebt in Berlin, hat einen Garten im \u00e4u\u00dfersten Brandenburg und ist an anderen Orten anzutreffen, meist im Winter.<\/p>\n\n\t\t<\/div>\n\t<\/div>\n\n\t<div class=\"wpb_text_column wpb_content_element\" >\n\t\t<div class=\"wpb_wrapper\">\n\t\t\t<p><img loading=\"lazy\" decoding=\"async\" class=\"wp-image-16123 alignleft\" src=\"http:\/\/wav.wearevillage.org\/wp-content\/uploads\/2024\/08\/wav-team-Thomas-Fischer-270x300.png\" alt=\"\" width=\"160\" height=\"178\" srcset=\"http:\/\/wav.wearevillage.org\/wp-content\/uploads\/2024\/08\/wav-team-Thomas-Fischer-270x300.png 270w, http:\/\/wav.wearevillage.org\/wp-content\/uploads\/2024\/08\/wav-team-Thomas-Fischer-135x150.png 135w, http:\/\/wav.wearevillage.org\/wp-content\/uploads\/2024\/08\/wav-team-Thomas-Fischer-768x853.png 768w, http:\/\/wav.wearevillage.org\/wp-content\/uploads\/2024\/08\/wav-team-Thomas-Fischer-624x693.png 624w, http:\/\/wav.wearevillage.org\/wp-content\/uploads\/2024\/08\/wav-team-Thomas-Fischer-390x433.png 390w, http:\/\/wav.wearevillage.org\/wp-content\/uploads\/2024\/08\/wav-team-Thomas-Fischer-600x667.png 600w, http:\/\/wav.wearevillage.org\/wp-content\/uploads\/2024\/08\/wav-team-Thomas-Fischer.png 900w\" sizes=\"auto, (max-width: 160px) 100vw, 160px\" \/> F\u00fcr <strong>Thomas Fischer<\/strong> ist Bewegung im Freien und besonders in der Natur wichtig, um sich mit sich selbst und der Welt um ihn herum zu verbinden. Er unterst\u00fctzt daher die Village Outdoor Angebote und bringt seine zwanzigj\u00e4hrige Erfahrung aus der Erkundung von Berlin und Brandenburg ein.<br \/>\nMit seinem Hintergrund in den Gesundheitswissenschaften ist er besonders an der Verbindung von Geist, K\u00f6rper und sozialen Verbindungen interessiert. Er ist davon \u00fcberzeugt, dass Bewegung, Neugier und kontinuierliche Entwicklung zentral f\u00fcr die menschliche Reise durchs Leben sind.<\/p>\n\n\t\t<\/div>\n\t<\/div>\n<div class=\"vc_separator wpb_content_element vc_separator_align_center vc_sep_width_100 vc_sep_pos_align_center vc_separator_no_text vc_sep_color_grey wpb_content_element  wpb_content_element\" ><span class=\"vc_sep_holder vc_sep_holder_l\"><span class=\"vc_sep_line\"><\/span><\/span><span class=\"vc_sep_holder vc_sep_holder_r\"><span class=\"vc_sep_line\"><\/span><\/span>\n<\/div><\/div><\/div><\/div><\/div><div class=\"vc_row wpb_row vc_row-fluid\"><div class=\"wpb_column vc_column_container vc_col-sm-12\"><div class=\"vc_column-inner\"><div class=\"wpb_wrapper\">\n\t<div class=\"wpb_text_column wpb_content_element\" >\n\t\t<div class=\"wpb_wrapper\">\n\t\t\t<p><u><strong>Hinweise<\/strong><\/u><br \/>\nObwohl es w\u00e4hrend und am Ende der Wanderung einige M\u00f6glichkeiten f\u00fcr Essens- und Getr\u00e4nkepausen gibt, wird empfohlen, Snacks und Getr\u00e4nke f\u00fcr unterwegs mitzubringen.<br \/>\n<strong>Start<\/strong>: 10:30 Uhr.<br \/>\n<strong>Treffpunkt<\/strong>: Wiesenburg (Mark) Bahnhof um 10:30 (RE7 aus Berlin kommt um 10:26 an).<br \/>\n<strong>R\u00fcckfahrt<\/strong>: Bahnhof Bad Belzig.<br \/>\n<strong>Streckenl\u00e4nge<\/strong>: ca. 20 km (ca. 6 Stunden).<br \/>\n<strong>Sprache<\/strong>: Je nach Bed\u00fcrfnissen der Gruppe werden wir Deutsch und\/oder Englisch sprechen.<br \/>\n<strong>Kosten<\/strong>: Die Teilnahme ist kostenlos.<\/p>\n\n\t\t<\/div>\n\t<\/div>\n<\/div><\/div><\/div><\/div>\n<\/div>","protected":false},"excerpt":{"rendered":"<h5>Sonntags (einmal im Monat)<br \/>\n10:30 \u2013 16:30<br \/>\nKostenfrei<br \/>\nTreffpunkt: Wiesenburg (Mark) Bahnhof<\/h5>\n<p><strong>| <span style=\"color: #ec6c23;\">LGBTQIA+\u00a0<\/span>|<\/strong><\/p>\n<p>Eine l\u00e4ngere Wanderung durch den Naturpark Hoher Fl\u00e4ming mit Kunst, Geschichte und Natur, vorbei am Schloss Wiesenburg und einem der h\u00f6chsten Punkte Brandenburgs.<\/p>\n","protected":false},"author":12,"featured_media":24093,"template":"","meta":{"pmpro_default_level":"","inline_featured_image":false},"product_brand":[],"product_cat":[77,791,769,79],"product_tag":[469],"class_list":{"0":"post-24080","1":"product","2":"type-product","3":"status-publish","4":"has-post-thumbnail","6":"product_cat-community-events","7":"product_cat-gemeinsam-statt-einsam","8":"product_cat-kostenloser-zugang","9":"product_cat-monatliche-events","10":"product_tag-lgbtqiaplus","11":"pmpro-has-access","13":"first","14":"outofstock","15":"purchasable","16":"product-type-variable"},"wpml_current_locale":"de_DE","wpml_translations":{"en_US":{"locale":"en_US","id":24096,"slug":"outdoor-schloesser-und-skulpturen-im-naturpark-hoher-flaeming","post_title":"Outdoor \u2013 Castles and Sculpture in the Hoher Fl\u00e4ming Nature Park","href":"http:\/\/wav.wearevillage.org\/en\/shop\/village-outdoor\/w21-2025"}},"language":{"code":"de","locale":"","name":"","is_rtl":false},"_links":{"self":[{"href":"http:\/\/wav.wearevillage.org\/wp-json\/wp\/v2\/product\/24080","targetHints":{"allow":["GET"]}}],"collection":[{"href":"http:\/\/wav.wearevillage.org\/wp-json\/wp\/v2\/product"}],"about":[{"href":"http:\/\/wav.wearevillage.org\/wp-json\/wp\/v2\/types\/product"}],"author":[{"embeddable":true,"href":"http:\/\/wav.wearevillage.org\/wp-json\/wp\/v2\/users\/12"}],"wp:featuredmedia":[{"embeddable":true,"href":"http:\/\/wav.wearevillage.org\/wp-json\/wp\/v2\/media\/24093"}],"wp:attachment":[{"href":"http:\/\/wav.wearevillage.org\/wp-json\/wp\/v2\/media?parent=24080"}],"wp:term":[{"taxonomy":"product_brand","embeddable":true,"href":"http:\/\/wav.wearevillage.org\/wp-json\/wp\/v2\/product_brand?post=24080"},{"taxonomy":"product_cat","embeddable":true,"href":"http:\/\/wav.wearevillage.org\/wp-json\/wp\/v2\/product_cat?post=24080"},{"taxonomy":"product_tag","embeddable":true,"href":"http:\/\/wav.wearevillage.org\/wp-json\/wp\/v2\/product_tag?post=24080"}],"curies":[{"name":"wp","href":"https:\/\/api.w.org\/{rel}","templated":true}]}}