{"id":25791,"date":"2025-05-05T14:26:47","date_gmt":"2025-05-05T12:26:47","guid":{"rendered":"http:\/\/wav.wearevillage.org\/?post_type=product&#038;p=25791"},"modified":"2026-03-10T13:54:50","modified_gmt":"2026-03-10T12:54:50","slug":"delikate-dialoge-was-braucht-genitale-beruehrung","status":"publish","type":"product","link":"http:\/\/wav.wearevillage.org\/shop\/sensual-touch\/w12-2026\/","title":{"rendered":"Sensual Touch Lab: Breath and Sound"},"content":{"rendered":"<div class=\"wpb-content-wrapper\"><div class=\"vc_row wpb_row vc_row-fluid\"><div class=\"wpb_column vc_column_container vc_col-sm-12\"><div class=\"vc_column-inner\"><div class=\"wpb_wrapper\"><h4 style=\"text-align: left\" class=\"vc_custom_heading vc_do_custom_heading\" >Sensual Touch Lab Series for GBTQ M\u00e4nner*<\/h4><h5 style=\"text-align: left\" class=\"vc_custom_heading vc_do_custom_heading\" >Einer f\u00fcr Alle, Alle f\u00fcr Einen mit Markus Bohlmann<\/h5>\n\t<div class=\"wpb_text_column wpb_content_element\" >\n\t\t<div class=\"wpb_wrapper\">\n\t\t\t<p>Wir schaffen einen Raum, der es uns erlaubt, tief mit unserem K\u00f6rper und miteinander in Verbindung zu treten. Gemeinsam beginnen wir unserem Unbehagen bewusst Raum zu geben, das wir m\u00f6glicherweise in Bezug auf Nacktheit, Intimit\u00e4t und das Gef\u00fchl, von anderen gesehen zu werden, empfinden. Anschlie\u00dfend erforschen wir, wie es sich anf\u00fchlt, von jemand anderem auf achtsame, f\u00fcrsorgliche Weise ber\u00fchrt, wahrgenommen und unterst\u00fctzt zu werden. Wir nehmen uns Zeit, unsere Empfindungen wahrzunehmen: wo wir im K\u00f6rper weicher werden, wo wir uns anspannen, wo wir uns nach Verbindung sehnen. Jede Erfahrung ist willkommen.<\/p>\n<p>Dann tauchen wir in die Erfahrung ein, uns selbst zu halten und zu umsorgen, f\u00fcr uns selbst da zu sein. Wir kultivieren eine liebevolle, verbundene Pr\u00e4senz mit uns selbst \u2013 und begegnen unseren W\u00fcnschen und Verletzlichkeiten mit Mitgef\u00fchl.<\/p>\n<p>Wir lassen uns hierbei vom Atem und Klang der Koshi Chimes als Anker f\u00fcr das Bewusstsein leiten. Auch der Klang unserer eigenen Worte<s>n<\/s>, die auf unsere Bed\u00fcrfnisse in diesem Moment eingehen, tr\u00e4gt zu einem gemeinsamen Feld der Pr\u00e4senz und Selbstf\u00fcrsorge bei. Wir sind eingeladen in einer intimen, authentischen Verbindung mit uns selbst und mit anderen GBTQ*-M\u00e4nnern zu ruhen.<\/p>\n\n\t\t<\/div>\n\t<\/div>\n<div class=\"vc_separator wpb_content_element vc_separator_align_center vc_sep_width_100 vc_sep_pos_align_center vc_separator_no_text vc_sep_color_grey wpb_content_element  wpb_content_element\" ><span class=\"vc_sep_holder vc_sep_holder_l\"><span class=\"vc_sep_line\"><\/span><\/span><span class=\"vc_sep_holder vc_sep_holder_r\"><span class=\"vc_sep_line\"><\/span><\/span>\n<\/div>\n\t<div class=\"wpb_text_column wpb_content_element\" >\n\t\t<div class=\"wpb_wrapper\">\n\t\t\t<p><strong><img loading=\"lazy\" decoding=\"async\" class=\"alignleft wp-image-39603\" src=\"http:\/\/wav.wearevillage.org\/wp-content\/uploads\/2025\/05\/wav-team-Markus-Bohlmann2.png\" alt=\"\" width=\"150\" height=\"167\" srcset=\"http:\/\/wav.wearevillage.org\/wp-content\/uploads\/2025\/05\/wav-team-Markus-Bohlmann2.png 900w, http:\/\/wav.wearevillage.org\/wp-content\/uploads\/2025\/05\/wav-team-Markus-Bohlmann2-270x300.png 270w, http:\/\/wav.wearevillage.org\/wp-content\/uploads\/2025\/05\/wav-team-Markus-Bohlmann2-135x150.png 135w, http:\/\/wav.wearevillage.org\/wp-content\/uploads\/2025\/05\/wav-team-Markus-Bohlmann2-768x853.png 768w, http:\/\/wav.wearevillage.org\/wp-content\/uploads\/2025\/05\/wav-team-Markus-Bohlmann2-624x693.png 624w, http:\/\/wav.wearevillage.org\/wp-content\/uploads\/2025\/05\/wav-team-Markus-Bohlmann2-390x433.png 390w, http:\/\/wav.wearevillage.org\/wp-content\/uploads\/2025\/05\/wav-team-Markus-Bohlmann2-600x667.png 600w\" sizes=\"auto, (max-width: 150px) 100vw, 150px\" \/>Markus Bohlmann<\/strong>, PhD (Kanada), ist zertifizierter Lehrer f\u00fcr Mindful Self-Compassion und ausgebildet in verschiedenen Modulen wie Conscious Touch und Tantra, wodurch er R\u00e4ume f\u00fcr bewusste N\u00e4he, sinnliche Wahrnehmung und achtsame Verbindung \u00f6ffnet. www.markusbohlmann.com<strong><br \/>\n<\/strong><\/p>\n\n\t\t<\/div>\n\t<\/div>\n<div class=\"vc_separator wpb_content_element vc_separator_align_center vc_sep_width_100 vc_sep_pos_align_center vc_separator_no_text vc_sep_color_grey wpb_content_element  wpb_content_element\" ><span class=\"vc_sep_holder vc_sep_holder_l\"><span class=\"vc_sep_line\"><\/span><\/span><span class=\"vc_sep_holder vc_sep_holder_r\"><span class=\"vc_sep_line\"><\/span><\/span>\n<\/div>\n\t<div class=\"wpb_text_column wpb_content_element\" >\n\t\t<div class=\"wpb_wrapper\">\n\t\t\t<p><b>Was ist Sensual Touch Lab Series for GBTQ M\u00e4nner*?<br \/>\n<\/b><b><\/b><span style=\"font-weight: 400;\">Sensual Touch Lab Series f\u00fcr GBTQ M\u00e4nner* ist ein monatlicher Workshop, bei dem wir einen Raum f\u00fcr sinnliche N\u00e4he und spielerische Begegnungen schaffen m\u00f6chten.<br \/>\n<\/span><span style=\"font-weight: 400;\">Verk\u00f6rperte, somatische Erfahrungen, die unsere Gesamtk\u00f6rperlichkeit wertsch\u00e4tzen. Sinnlichkeit als Zugang, neue Wege im Umgang mit unseren eigenen \u00c4ngsten oder Mustern in Bezug auf Nacktheit, Intimit\u00e4t und Ber\u00fchrung erkunden. Wir laden dich ein, deine pers\u00f6nlichen Grenzen in einem Rahmen gegenseitigen Respekts und Einvernehmens zu erforschen, zu kommunizieren und gegebenenfalls zu erweitern. Dabei er\u00f6ffnet sich die M\u00f6glichkeit, die Kraft von Ber\u00fchrung, Empfindung und nonverbaler, zwischenmenschlicher Bezogenheit zu erfahren.<\/span><span style=\"font-weight: 400;\"><br \/>\n<\/span><span style=\"font-weight: 400;\">Jedes Event wird ein gef\u00fchrter Prozess sein, der je nach Thema und Hintergrund der Kursleitenden* eine besondere Note hat, sei es K\u00f6rperarbeit und Ber\u00fchrung, Somatik und Intimit\u00e4t oder etwas anderes. Diese Kurzworkshops k\u00f6nnen Nacktheit, Partner\u00fcbungen sowie k\u00f6rperlich nahe Interaktionen beinhalten.<\/span><\/p>\n<p><b>Vorteile<br \/>\n\u2022 <\/b>Schafft wertvolle, gemeinsame Erfahrungen unter GBTQ M\u00e4nner* durch N\u00e4he, Empathie und Verbundenheit<span style=\"font-weight: 400;\"><br \/>\n<b>\u2022 <\/b><\/span><span style=\"font-weight: 400;\">Bek\u00e4mpft Gef\u00fchle der Isolation und Einsamkeit<br \/>\n<b>\u2022 <\/b><\/span><span style=\"font-weight: 400;\">F\u00f6rdert Selbstliebe und Akzeptanz des eigenen K\u00f6rpers und der Identit\u00e4t<br \/>\n<b>\u2022 <\/b><\/span><span style=\"font-weight: 400;\">Bietet einen sicheren, urteilsfreien Raum zur Erforschung pers\u00f6nlicher Grenzen<br \/>\n<\/span><span style=\"font-weight: 400;\"><b>\u2022 <\/b>Tr\u00e4gt zum allgemeinen Wohlbefinden bei und unterst\u00fctzt die F\u00e4higkeit, dauerhafte Beziehungen aufzubauen<br \/>\n<\/span><span style=\"font-weight: 400;\"><b>\u2022 <\/b>Kann als gesunder Bew\u00e4ltigungsmechanismus dienen und das Risiko von Substanzmissbrauch reduzieren<\/span><\/p>\n\n\t\t<\/div>\n\t<\/div>\n<div class=\"vc_separator wpb_content_element vc_separator_align_center vc_sep_width_100 vc_sep_pos_align_center vc_separator_no_text vc_sep_color_grey wpb_content_element  wpb_content_element\" ><span class=\"vc_sep_holder vc_sep_holder_l\"><span class=\"vc_sep_line\"><\/span><\/span><span class=\"vc_sep_holder vc_sep_holder_r\"><span class=\"vc_sep_line\"><\/span><\/span>\n<\/div>\n\t<div class=\"wpb_text_column wpb_content_element\" >\n\t\t<div class=\"wpb_wrapper\">\n\t\t\t<p><b>Hinweise<br \/>\n<\/b><span style=\"font-weight: 400;\">\u2022 Dieses Format ist f\u00fcr alle queeren M\u00e4nner*\/M\u00e4nnlichkeiten, die Ber\u00fchrung in einer einvernehmlichen, unterst\u00fctzenden Atmosph\u00e4re erfahren m\u00f6chten.<br \/>\n<\/span><span style=\"font-weight: 400;\">\u2022 Bitte lege Wert auf pers\u00f6nliche Hygiene<br \/>\n<\/span><span style=\"font-weight: 400;\">\u2022 Bringe zum Abdecken von Kissen, Matten oder Massageliegen ein Laken und ein Handtuch mit<br \/>\n<\/span><span style=\"font-weight: 400;\">\u2022 Je nach Bed\u00fcrfnissen der Gruppe werden wir Deutsch und\/oder Englisch sprechen<br \/>\n<\/span><span style=\"font-weight: 400;\">\u2022 Dieses Event ist auch zu einem erm\u00e4\u00dfigten Mitgliederpreis erh\u00e4ltlich \u2013 aber kein Bestandteil der drei kostenlosen monatlichen Mitgliederveranstaltungen<br \/>\n<\/span><b><span style=\"font-weight: 400;\">\u2022 Erm\u00e4\u00dfigter Zugang ist auf schriftliche Anfrage an: <\/span><a href=\"mailto:events@wearevillage.org\"><span style=\"font-weight: 400;\">events@wearevillage.org<\/span><\/a><span style=\"font-weight: 400;\"> m\u00f6glich.<\/span><\/b><\/p>\n\n\t\t<\/div>\n\t<\/div>\n<\/div><\/div><\/div><\/div>\n<\/div>","protected":false},"excerpt":{"rendered":"<h5>Sensual Touch Lab Series<br \/>\nFreitags (einmal im Monat)<br \/>\n20:00 \u2013 22:30<\/h5>\n<p class=\"p1\"><strong>| <span style=\"color: #ec6c23;\">GBTQ men*<\/span>\u00a0|<\/strong><\/p>\n<p class=\"p1\">Wir \u00f6ffnen einen Raum f\u00fcr ein tiefes Ankommen im eigenen K\u00f6rper. Durch liebevolles, pr\u00e4sentes Atmen sowie achtsame und bewusste Ber\u00fchrung \u2013 uns selbst und anderen gegen\u00fcber \u2013 entsteht eine Einladung, sich gehalten, verbunden und geborgen zu f\u00fchlen.<\/p>\n","protected":false},"author":11,"featured_media":40424,"template":"","meta":{"pmpro_default_level":"","inline_featured_image":false},"product_brand":[],"product_cat":[79,83],"product_tag":[256],"class_list":{"0":"post-25791","1":"product","2":"type-product","3":"status-publish","4":"has-post-thumbnail","6":"product_cat-monatliche-events","7":"product_cat-workshops","8":"product_tag-gbtq-men","9":"pmpro-has-access","11":"first","12":"instock","13":"product-type-variable","14":"has-default-attributes"},"wpml_current_locale":"de_DE","wpml_translations":{"en_US":{"locale":"en_US","id":25794,"slug":"delikate-dialoge-was-braucht-genitale-beruehrung","post_title":"Sensual Touch Lab: Breath and Sound","href":"http:\/\/wav.wearevillage.org\/en\/shop\/sensual-touch\/w12-2026"}},"language":{"code":"de","locale":"","name":"","is_rtl":false},"_links":{"self":[{"href":"http:\/\/wav.wearevillage.org\/wp-json\/wp\/v2\/product\/25791","targetHints":{"allow":["GET"]}}],"collection":[{"href":"http:\/\/wav.wearevillage.org\/wp-json\/wp\/v2\/product"}],"about":[{"href":"http:\/\/wav.wearevillage.org\/wp-json\/wp\/v2\/types\/product"}],"author":[{"embeddable":true,"href":"http:\/\/wav.wearevillage.org\/wp-json\/wp\/v2\/users\/11"}],"wp:featuredmedia":[{"embeddable":true,"href":"http:\/\/wav.wearevillage.org\/wp-json\/wp\/v2\/media\/40424"}],"wp:attachment":[{"href":"http:\/\/wav.wearevillage.org\/wp-json\/wp\/v2\/media?parent=25791"}],"wp:term":[{"taxonomy":"product_brand","embeddable":true,"href":"http:\/\/wav.wearevillage.org\/wp-json\/wp\/v2\/product_brand?post=25791"},{"taxonomy":"product_cat","embeddable":true,"href":"http:\/\/wav.wearevillage.org\/wp-json\/wp\/v2\/product_cat?post=25791"},{"taxonomy":"product_tag","embeddable":true,"href":"http:\/\/wav.wearevillage.org\/wp-json\/wp\/v2\/product_tag?post=25791"}],"curies":[{"name":"wp","href":"https:\/\/api.w.org\/{rel}","templated":true}]}}