{"id":28637,"date":"2025-07-05T12:03:16","date_gmt":"2025-07-05T10:03:16","guid":{"rendered":"http:\/\/wav.wearevillage.org\/?post_type=product&#038;p=28637"},"modified":"2025-09-28T09:38:47","modified_gmt":"2025-09-28T07:38:47","slug":"outdoor-berliner-mauerweg-abschnitt-11","status":"publish","type":"product","link":"http:\/\/wav.wearevillage.org\/shop\/village-outdoor\/w39-2025\/","title":{"rendered":"Outdoor \u2013 Berliner Mauerweg  Abschnitt 11"},"content":{"rendered":"<div class=\"wpb-content-wrapper\"><div class=\"vc_row wpb_row vc_row-fluid\"><div class=\"wpb_column vc_column_container vc_col-sm-12\"><div class=\"vc_column-inner\"><div class=\"wpb_wrapper\"><h4 style=\"text-align: left\" class=\"vc_custom_heading vc_do_custom_heading\" >Outdoor \u2013 Berliner Mauerweg \u2013 Abschnitt 11 \u2013 vom S-Bahnhof Nikolassee bis zum S-Bahnhof Lichterfelde S\u00fcd<\/h4><h5 style=\"text-align: left\" class=\"vc_custom_heading vc_do_custom_heading\" >mit Thomas Fischer und Daniel Salamon<\/h5>\n\t<div class=\"wpb_text_column wpb_content_element\" >\n\t\t<div class=\"wpb_wrapper\">\n\t\t\t<p>Unsere Wanderung startet am S-Bahnhof Nikolassee. Bevor wir den eigentlichen Mauerweg erreichen, f\u00fchrt uns der Weg zun\u00e4chst durch eines der sch\u00f6nsten Wohnviertel Berlins An der Rehwiese: Pr\u00e4chtige Altbauvillen umgeben eine sanfte Wiesenlandschaft, durch die sich ein kleiner Bachlauf schl\u00e4ngelt.<\/p>\n<p>S\u00fcdlich der Potsdamer Stra\u00dfe treffen wir dann auf den Mauerweg. Schon bald erreichen wir den Waldfriedhof Zehlendorf, auf dem prominente Berliner wie Willy Brand, Hildegard Knef und der Architekt Hans Scharoun begraben sind. Der Grenzweg f\u00fchrt uns weiter nach S\u00fcden bis zu einem alten Werftgel\u00e4nde am Teltowkanal. Von dort folgen wir dem Kanalufer Richtung Lichterfelde, wo unsere Septemberwanderung am S-Bahnhof Lichterfelde S\u00fcd ihr Ende findet.<\/p>\n<p>Wie immer: Denkt bitte daran, euch etwas f\u00fcr ein Picknick mitzunehmen \u2013 es ist nicht sicher, ob wir unterwegs einkehren k\u00f6nnen.<\/p>\n\n\t\t<\/div>\n\t<\/div>\n<div class=\"vc_separator wpb_content_element vc_separator_align_center vc_sep_width_100 vc_sep_pos_align_center vc_separator_no_text vc_sep_color_grey wpb_content_element  wpb_content_element\" ><span class=\"vc_sep_holder vc_sep_holder_l\"><span class=\"vc_sep_line\"><\/span><\/span><span class=\"vc_sep_holder vc_sep_holder_r\"><span class=\"vc_sep_line\"><\/span><\/span>\n<\/div>\n\t<div class=\"wpb_text_column wpb_content_element\" >\n\t\t<div class=\"wpb_wrapper\">\n\t\t\t<p><strong>Was ist Village Outdoor?<\/strong><br \/>\nVillage Outdoor Events sind monatliche Treffen der we are village-Community und ihrer Freunde, um Outdoor-Aktivit\u00e4ten in und um Berlin zu genie\u00dfen. Zu den Aktivit\u00e4ten geh\u00f6ren Waldwanderungen, Radtouren, Schwimmen in Seen, Sightseeing und Kajakfahren.<br \/>\nJeden Monat gibt es einen kostenlosen und unkomplizierten Spaziergang oder eine Wanderung in Bereichen Berlins oder in der Umgebung, die mit \u00f6ffentlichen Verkehrsmitteln erreichbar sind.<\/p>\n\n\t\t<\/div>\n\t<\/div>\n<div class=\"vc_separator wpb_content_element vc_separator_align_center vc_sep_width_100 vc_sep_pos_align_center vc_separator_no_text vc_sep_color_grey wpb_content_element  wpb_content_element\" ><span class=\"vc_sep_holder vc_sep_holder_l\"><span class=\"vc_sep_line\"><\/span><\/span><span class=\"vc_sep_holder vc_sep_holder_r\"><span class=\"vc_sep_line\"><\/span><\/span>\n<\/div>\n\t<div class=\"wpb_text_column wpb_content_element\" >\n\t\t<div class=\"wpb_wrapper\">\n\t\t\t<p><img loading=\"lazy\" decoding=\"async\" class=\"wp-image-16123 alignleft\" src=\"http:\/\/wav.wearevillage.org\/wp-content\/uploads\/2024\/08\/wav-team-Thomas-Fischer-270x300.png\" alt=\"\" width=\"130\" height=\"145\" srcset=\"http:\/\/wav.wearevillage.org\/wp-content\/uploads\/2024\/08\/wav-team-Thomas-Fischer-270x300.png 270w, http:\/\/wav.wearevillage.org\/wp-content\/uploads\/2024\/08\/wav-team-Thomas-Fischer-135x150.png 135w, http:\/\/wav.wearevillage.org\/wp-content\/uploads\/2024\/08\/wav-team-Thomas-Fischer-768x853.png 768w, http:\/\/wav.wearevillage.org\/wp-content\/uploads\/2024\/08\/wav-team-Thomas-Fischer-624x693.png 624w, http:\/\/wav.wearevillage.org\/wp-content\/uploads\/2024\/08\/wav-team-Thomas-Fischer-390x433.png 390w, http:\/\/wav.wearevillage.org\/wp-content\/uploads\/2024\/08\/wav-team-Thomas-Fischer-600x667.png 600w, http:\/\/wav.wearevillage.org\/wp-content\/uploads\/2024\/08\/wav-team-Thomas-Fischer.png 900w\" sizes=\"auto, (max-width: 130px) 100vw, 130px\" \/> F\u00fcr <strong>Thomas Fischer<\/strong> ist Bewegung im Freien und besonders in der Natur wichtig, um sich mit sich selbst und der Welt um ihn herum zu verbinden. Er unterst\u00fctzt daher die Village Outdoor Angebote und bringt seine zwanzigj\u00e4hrige Erfahrung aus der Erkundung von Berlin und Brandenburg ein.<br \/>\nMit seinem Hintergrund in den Gesundheitswissenschaften ist er besonders an der Verbindung von Geist, K\u00f6rper und sozialen Verbindungen interessiert. Er ist davon \u00fcberzeugt, dass Bewegung, Neugier und kontinuierliche Entwicklung zentral f\u00fcr die menschliche Reise durchs Leben sind.<\/p>\n\n\t\t<\/div>\n\t<\/div>\n\n\t<div class=\"wpb_text_column wpb_content_element\" >\n\t\t<div class=\"wpb_wrapper\">\n\t\t\t<p><img loading=\"lazy\" decoding=\"async\" class=\"wp-image-3097 alignleft\" src=\"http:\/\/wav.wearevillage.org\/wp-content\/uploads\/2023\/02\/Daniel_Salamon-270x300.png\" alt=\"\" width=\"130\" height=\"144\" srcset=\"http:\/\/wav.wearevillage.org\/wp-content\/uploads\/2023\/02\/Daniel_Salamon-270x300.png 270w, http:\/\/wav.wearevillage.org\/wp-content\/uploads\/2023\/02\/Daniel_Salamon-135x150.png 135w, http:\/\/wav.wearevillage.org\/wp-content\/uploads\/2023\/02\/Daniel_Salamon-768x853.png 768w, http:\/\/wav.wearevillage.org\/wp-content\/uploads\/2023\/02\/Daniel_Salamon-624x693.png 624w, http:\/\/wav.wearevillage.org\/wp-content\/uploads\/2023\/02\/Daniel_Salamon-390x433.png 390w, http:\/\/wav.wearevillage.org\/wp-content\/uploads\/2023\/02\/Daniel_Salamon-600x667.png 600w, http:\/\/wav.wearevillage.org\/wp-content\/uploads\/2023\/02\/Daniel_Salamon.png 900w\" sizes=\"auto, (max-width: 130px) 100vw, 130px\" \/><strong>Daniel Salamon<\/strong> genie\u00dft die Natur und das Leben im Freien schon seit fr\u00fchester Kindheit, praktiziert Yoga seit den sp\u00e4ten 1990er Jahren und hat ein wachsendes Interesse an therapeutischer und sinnlicher Ber\u00fchrung. Seit 2013 ist er auf verschiedene Weise mit dem Village und den Radical Faeries (weltweit) verbunden. Er lebt in Berlin, hat einen Garten im \u00e4u\u00dfersten Brandenburg und ist an anderen Orten anzutreffen, meist im Winter.<\/p>\n\n\t\t<\/div>\n\t<\/div>\n<div class=\"vc_separator wpb_content_element vc_separator_align_center vc_sep_width_100 vc_sep_pos_align_center vc_separator_no_text vc_sep_color_grey wpb_content_element  wpb_content_element\" ><span class=\"vc_sep_holder vc_sep_holder_l\"><span class=\"vc_sep_line\"><\/span><\/span><span class=\"vc_sep_holder vc_sep_holder_r\"><span class=\"vc_sep_line\"><\/span><\/span>\n<\/div>\n\t<div class=\"wpb_text_column wpb_content_element\" >\n\t\t<div class=\"wpb_wrapper\">\n\t\t\t<p><u><strong>Hinweise<\/strong><\/u><br \/>\n<strong>Treffpunkt<\/strong>: 11 Uhr, S-Bahnhof Nikolassee (Vorplatz Ost), S1, S7<br \/>\n<strong>R\u00fcckfahrt<\/strong>: S-Bahnhof Lichterfelde S\u00fcd, S 25, S26<br \/>\n<strong>Streckenl\u00e4nge<\/strong>: ca. 13 km (ca. 4 Std.)<br \/>\n<strong>Sprache<\/strong>: Deutsch und\/oder Englisch<br \/>\n<strong>Kosten<\/strong>: Die Teilnahme ist kostenlos.<\/p>\n<p><em>** Diese Veranstaltung ist Teil unseres Programms \u201a<strong><a href=\"http:\/\/wav.wearevillage.org\/village-quartiere\/addressing-queer-lonliness\" target=\"_blank\" rel=\"noopener\">Gemeinsam statt einsam<\/a><\/strong>\u201a, unterst\u00fctzt von der <strong><a href=\"https:\/\/www.berlin.de\/sen\/lads\/\" target=\"_blank\" rel=\"noopener\">LADS<\/a><\/strong>. <\/em><br \/>\n<em>Erfahre mehr \u00fcber das Programm <a href=\"http:\/\/wav.wearevillage.org\/village-quartiere\/addressing-queer-lonliness\" target=\"_blank\" rel=\"noopener\">hier<\/a>.<\/em><\/p>\n\n\t\t<\/div>\n\t<\/div>\n<\/div><\/div><\/div><\/div>\n<\/div>","protected":false},"excerpt":{"rendered":"<h5>Sonntags (einmal im Monat)<br \/>\n11:00 \u2013 15:00<br \/>\nKostenlos mit Anmeldung<br \/>\nTreffpunkt: S-Bahnhof Nikolassee<\/h5>\n<p><strong>| <span style=\"color: #ec6c23;\">LGBTQIA+\u00a0<\/span>|<\/strong><\/p>\n<p><strong>Abschnitt 11\u2013 vom S-Bahnhof Nikolassee bis zum S-Bahnhof Lichterfelde S\u00fcd<\/strong><br \/>\nBevor wir den eigentlichen Mauerweg erreichen, f\u00fchrt uns der Weg zun\u00e4chst durch eines der sch\u00f6nsten Wohnviertel Berlins An der Rehwiese..<\/p>\n","protected":false},"author":12,"featured_media":28645,"template":"","meta":{"pmpro_default_level":"","inline_featured_image":false},"product_brand":[],"product_cat":[77,791,769,79],"product_tag":[469],"class_list":{"0":"post-28637","1":"product","2":"type-product","3":"status-publish","4":"has-post-thumbnail","6":"product_cat-community-events","7":"product_cat-gemeinsam-statt-einsam","8":"product_cat-kostenloser-zugang","9":"product_cat-monatliche-events","10":"product_tag-lgbtqiaplus","11":"pmpro-has-access","13":"first","14":"instock","15":"sold-individually","16":"product-type-simple"},"wpml_current_locale":"de_DE","wpml_translations":{"en_US":{"locale":"en_US","id":28647,"slug":"village-outdoor-w39-2025","post_title":"Outdoor \u2013 Berlin Wall Trail \u2013 Section 11","href":"http:\/\/wav.wearevillage.org\/en\/shop\/village-outdoor-w39-2025\/"}},"language":{"code":"de","locale":"","name":"","is_rtl":false},"_links":{"self":[{"href":"http:\/\/wav.wearevillage.org\/wp-json\/wp\/v2\/product\/28637","targetHints":{"allow":["GET"]}}],"collection":[{"href":"http:\/\/wav.wearevillage.org\/wp-json\/wp\/v2\/product"}],"about":[{"href":"http:\/\/wav.wearevillage.org\/wp-json\/wp\/v2\/types\/product"}],"author":[{"embeddable":true,"href":"http:\/\/wav.wearevillage.org\/wp-json\/wp\/v2\/users\/12"}],"wp:featuredmedia":[{"embeddable":true,"href":"http:\/\/wav.wearevillage.org\/wp-json\/wp\/v2\/media\/28645"}],"wp:attachment":[{"href":"http:\/\/wav.wearevillage.org\/wp-json\/wp\/v2\/media?parent=28637"}],"wp:term":[{"taxonomy":"product_brand","embeddable":true,"href":"http:\/\/wav.wearevillage.org\/wp-json\/wp\/v2\/product_brand?post=28637"},{"taxonomy":"product_cat","embeddable":true,"href":"http:\/\/wav.wearevillage.org\/wp-json\/wp\/v2\/product_cat?post=28637"},{"taxonomy":"product_tag","embeddable":true,"href":"http:\/\/wav.wearevillage.org\/wp-json\/wp\/v2\/product_tag?post=28637"}],"curies":[{"name":"wp","href":"https:\/\/api.w.org\/{rel}","templated":true}]}}