{"id":33058,"date":"2025-10-11T11:24:18","date_gmt":"2025-10-11T09:24:18","guid":{"rendered":"http:\/\/wav.wearevillage.org\/?post_type=product&#038;p=33058"},"modified":"2025-12-01T17:20:45","modified_gmt":"2025-12-01T16:20:45","slug":"day-without-art-2024-red-reminds-me-copy","status":"publish","type":"product","link":"http:\/\/wav.wearevillage.org\/shop\/village-aids-day\/w49-2025\/","title":{"rendered":"Day With(out) Art 2025: Meet Us Where We\u2019re At\u2026"},"content":{"rendered":"<div class=\"wpb-content-wrapper\"><div class=\"vc_row wpb_row vc_row-fluid\"><div class=\"wpb_column vc_column_container vc_col-sm-12\"><div class=\"vc_column-inner\"><div class=\"wpb_wrapper\"><h4 style=\"text-align: left\" class=\"vc_custom_heading vc_do_custom_heading\" >World AIDS Day \/ Day With(out) Art 2025: Meet Us Where We\u2019re At\u2026<\/h4><h5 style=\"text-align: left\" class=\"vc_custom_heading vc_do_custom_heading\" >In Zusammenarbeit mit Visual AIDS* & moderiert von Marcelo Alves<\/h5>\n\t<div class=\"wpb_text_column wpb_content_element\" >\n\t\t<div class=\"wpb_wrapper\">\n\t\t\t<p>Am Welt-AIDS-Tag veranstaltet Village Berlin eine besondere Zeremonie, um sich um Themen im Zusammenhang mit HIV und AIDS zu vereinen. Die Veranstaltung umfasst das gemeinsame Erstellen eines Altars, das Abhalten einer kleinen Zeremonie, gefolgt von einem Filmprogramm von Visual AIDS.<\/p>\n<p>F\u00fcr den Altar werden die Teilnehmer ermutigt, alles mitzubringen, was mit dem Thema HIV\/AIDS, Krankheit, Genesung und Gedeihen in Bezug auf die Farbe Rot zu tun hat, ein von Visual AIDS initiiertes Thema. Dieser Altar soll jegliche pers\u00f6nliche Erfahrung mit HIV und AIDS zum Ausdruck bringen.<\/p>\n<p>Nach dem Altar werden wir als Gruppe einige Momente der Stille halten und dann den Raum f\u00fcr pers\u00f6nliche Reflexionen \u00f6ffnen. Die Teilnehmer werden ausdr\u00fccklich ermutigt, sich in jeder Kapazit\u00e4t zu beteiligen. Unter Bezugnahme auf das Thema von Visual AIDS zur Farbe Rot als Ausgangspunkt werden alle Stimmen gleichberechtigt behandelt. Sei es Verlust, Trauer, Wut, Aktivismus, Gleichg\u00fcltigkeit oder sogar historisches Interesse, keine Stimme soll ungeh\u00f6rt bleiben.<\/p>\n<p><span style=\"text-decoration: underline;\"><strong>PROGRAMM<\/strong><\/span><\/p>\n<p><strong>\u2022 open circle by Marcelo Alves<\/strong><\/p>\n<p><strong>\u2022 Screening Day With(out) Art 2025: Meet Us Where We\u2019re At\u2026<br \/>\n<\/strong><\/p>\n<p>Kenneth Idongesit Usoro, Voices of Resilience<\/p>\n<p>Ho\u00e0ng Th\u00e1i Anh, The Sister\u2019s Journey<\/p>\n<p>Gustavo Vinagre and Vinicius Couto, chempassion<\/p>\n<p>Camilo Tapia Flores, Realce (Highlight)<\/p>\n<p>Camila Flores-Fern\u00e1ndez, Ghost in the Park<\/p>\n<p>Jos\u00e9 Luis Cort\u00e9s, \u00bfPor qu\u00e9 tanto dolor? (Why so much pain?)<\/p>\n<p><strong>\u2022 Closing<\/strong><\/p>\n\n\t\t<\/div>\n\t<\/div>\n<div class=\"vc_separator wpb_content_element vc_separator_align_center vc_sep_width_100 vc_sep_pos_align_center vc_separator_no_text vc_sep_color_grey wpb_content_element  wpb_content_element\" ><span class=\"vc_sep_holder vc_sep_holder_l\"><span class=\"vc_sep_line\"><\/span><\/span><span class=\"vc_sep_holder vc_sep_holder_r\"><span class=\"vc_sep_line\"><\/span><\/span>\n<\/div>\n\t<div class=\"wpb_text_column wpb_content_element\" >\n\t\t<div class=\"wpb_wrapper\">\n\t\t\t<p><strong>Day With(out) Art 2025: Meet Us Where We\u2019re At\u2026<\/strong><\/p>\n<p><strong>we are village<\/strong> is proud to partner with <strong>Visual AIDS for Day With(out) Art 2025 by presenting Meet Us Where We\u2019re At<\/strong>, a program of six videos that forefront the experiences of drug users and harm reduction practices as they intersect with the ongoing HIV crisis.<\/p>\n<p><strong>Meet Us Where We\u2019re At\u2026<\/strong> will feature newly commissioned videos by Kenneth Idongesit Usoro (Nigeria), Ho\u00e0ng Th\u00e1i Anh (Vietnam), Gustavo Vinagre & Vinicius Couto (Brazil\/Portugal), Camilo Tapia Flores (Chile\/Brazil), Camila Flores-Fern\u00e1ndez (Peru\/Germany), and Jos\u00e9 Luis Cort\u00e9s (Puerto Rico)<\/p>\n<p>Commissioned videos by artists in Puerto Rico, Brazil, Nigeria, Germany, and Vietnam journey across a range of spaces revealing the complexity of drug use. Several videos document the visible world of drugs\u2014a harm reduction program in a Berlin park, a night out during Rio\u2019s Carnival\u2014while others reveal private, often hidden spaces where safety is found: bedrooms, underground clinics, and moments of connection between lovers.<\/p>\n<p><strong>Meet Us Where We\u2019re At\u2026\u00a0<\/strong> speaks not only to the variety of physical locations where contemporary harm reduction is practiced, but also to a broader shift: centering drug users as authors of their own experiences. Rooted in the philosophy of meeting people at their personal reality without judgment, the program affirms the full context of drug use\u2014its pleasures, its risks, and its role in how people survive, care, and connect.<\/p>\n<p>Harm reduction has long been central to the AIDS movement through practices like needle exchange and safe injection sites, and people who use drugs have been affected by HIV since the earliest days of the epidemic. This program brings their perspectives to the forefront, amplifying the voices of drug users as storytellers, cultural producers, and essential participants in the global response to HIV.<\/p>\n<p>** <a href=\"https:\/\/visualaids.org\/\" target=\"_blank\" rel=\"noopener\">Visual AIDS<\/a> is a New York-based non-profit that utilizes art to fight AIDS by provoking dialogue, supporting HIV+ artists, and preserving a legacy, because AIDS is not over.<\/p>\n\n\t\t<\/div>\n\t<\/div>\n\n\t<div class=\"wpb_text_column wpb_content_element\" >\n\t\t<div class=\"wpb_wrapper\">\n\t\t\t\n\t\t<\/div>\n\t<\/div>\n<\/div><\/div><\/div><\/div>\n<\/div>","protected":false},"excerpt":{"rendered":"<h5>World AIDS Day<br \/>\n20:00 \u2013 22:00<br \/>\nkostenlos mit Anmeldung<\/h5>\n<p class=\"p1\"><strong>| <span style=\"color: #ec6c23;\">LGBTQIA+<\/span>\u00a0|<\/strong><\/p>\n<p>Am Welt-AIDS-Tag veranstaltet Village Berlin eine besondere Zeremonie, um sich um Themen im Zusammenhang mit HIV und AIDS zu vereinen. Die Veranstaltung umfasst das gemeinsame Erstellen eines Altars, das Abhalten einer kleinen Zeremonie, gefolgt von einem Filmprogramm von Visual AIDS.<\/p>\n","protected":false},"author":12,"featured_media":33061,"template":"","meta":{"pmpro_default_level":"","inline_featured_image":false},"product_brand":[],"product_cat":[77,76,769],"product_tag":[469],"class_list":{"0":"post-33058","1":"product","2":"type-product","3":"status-publish","4":"has-post-thumbnail","6":"product_cat-community-events","7":"product_cat-ausstellung","8":"product_cat-kostenloser-zugang","9":"product_tag-lgbtqiaplus","10":"pmpro-has-access","12":"first","13":"instock","14":"purchasable","15":"product-type-simple"},"wpml_current_locale":"de_DE","wpml_translations":{"en_US":{"locale":"en_US","id":33059,"slug":"village-aids-day-w49-2025","post_title":"Day With(out) Art 2025: Meet Us Where We're At...","href":"http:\/\/wav.wearevillage.org\/en\/shop\/village-aids-day\/w49-2025"}},"language":{"code":"de","locale":"","name":"","is_rtl":false},"_links":{"self":[{"href":"http:\/\/wav.wearevillage.org\/wp-json\/wp\/v2\/product\/33058","targetHints":{"allow":["GET"]}}],"collection":[{"href":"http:\/\/wav.wearevillage.org\/wp-json\/wp\/v2\/product"}],"about":[{"href":"http:\/\/wav.wearevillage.org\/wp-json\/wp\/v2\/types\/product"}],"author":[{"embeddable":true,"href":"http:\/\/wav.wearevillage.org\/wp-json\/wp\/v2\/users\/12"}],"wp:featuredmedia":[{"embeddable":true,"href":"http:\/\/wav.wearevillage.org\/wp-json\/wp\/v2\/media\/33061"}],"wp:attachment":[{"href":"http:\/\/wav.wearevillage.org\/wp-json\/wp\/v2\/media?parent=33058"}],"wp:term":[{"taxonomy":"product_brand","embeddable":true,"href":"http:\/\/wav.wearevillage.org\/wp-json\/wp\/v2\/product_brand?post=33058"},{"taxonomy":"product_cat","embeddable":true,"href":"http:\/\/wav.wearevillage.org\/wp-json\/wp\/v2\/product_cat?post=33058"},{"taxonomy":"product_tag","embeddable":true,"href":"http:\/\/wav.wearevillage.org\/wp-json\/wp\/v2\/product_tag?post=33058"}],"curies":[{"name":"wp","href":"https:\/\/api.w.org\/{rel}","templated":true}]}}