{"id":33486,"date":"2025-10-15T09:12:45","date_gmt":"2025-10-15T07:12:45","guid":{"rendered":"http:\/\/wav.wearevillage.org\/?post_type=product&#038;p=33486"},"modified":"2025-10-17T15:12:50","modified_gmt":"2025-10-17T13:12:50","slug":"friend-multiprice","status":"publish","type":"product","link":"http:\/\/wav.wearevillage.org\/shop\/friend-stretch\/","title":{"rendered":"Friend Stretch"},"content":{"rendered":"<p>Mit deiner Mitgliedschaft machst Du das we.are.village Projekt m\u00f6glich.<\/p>\n<p><span data-ogsc=\"rgb(77, 77, 77)\">Die Mitgliedschaft beginnt am ersten Tag des Folgemonats und<\/span><span data-ogsc=\"rgb(77, 77, 77)\"> kann nach sechs Monaten Mindestlaufzeit jederzeit mit einer Frist von drei Monaten per Email an <a class=\"ms-outlook-linkify\" href=\"mailto:members@wearevillage.org\" data-ogsc=\"\">members@wearevillage.org<\/a> gek\u00fcndigt werden. Die Monate werde ab dem n\u00e4chsten 1. des Folgemonats nach K\u00fcndigungseingang gez\u00e4hlt. Durch das Abonnement erkl\u00e4rst du dich automatisch mit diesen Bedingungen einverstanden.<\/span><\/p>\n<p>Ein gro\u00dfes Dankesch\u00f6n!<\/p>\n","protected":false},"excerpt":{"rendered":"<p>Du wohnst nicht in Berlin, aber dieses Projekt liegt dir am Herzen und du m\u00f6chtest es regelm\u00e4\u00dfig unterst\u00fctzen?<br \/>\nAls <strong>we are village Freund<\/strong> bist du das Herzst\u00fcck des Projekts und tr\u00e4gst dazu bei, dass der Raum und die Community bl\u00fchen und sich entwickeln.<\/p>\n","protected":false},"author":10,"featured_media":14065,"template":"","meta":{"pmpro_default_level":"","inline_featured_image":false},"product_brand":[],"product_cat":[941],"product_tag":[],"class_list":{"0":"post-33486","1":"product","2":"type-product","3":"status-publish","4":"has-post-thumbnail","6":"product_cat-membershipstretch","7":"pmpro-has-access","9":"first","10":"instock","11":"taxable","12":"shipping-taxable","13":"purchasable","14":"product-type-simple"},"wpml_current_locale":"de_DE","wpml_translations":{"en_US":{"locale":"en_US","id":33487,"slug":"friend-multiprice","post_title":"Friend Stretch","href":"http:\/\/wav.wearevillage.org\/en\/shop\/friend-stretch"}},"language":{"code":"de","locale":"","name":"","is_rtl":false},"_links":{"self":[{"href":"http:\/\/wav.wearevillage.org\/wp-json\/wp\/v2\/product\/33486","targetHints":{"allow":["GET"]}}],"collection":[{"href":"http:\/\/wav.wearevillage.org\/wp-json\/wp\/v2\/product"}],"about":[{"href":"http:\/\/wav.wearevillage.org\/wp-json\/wp\/v2\/types\/product"}],"author":[{"embeddable":true,"href":"http:\/\/wav.wearevillage.org\/wp-json\/wp\/v2\/users\/10"}],"wp:featuredmedia":[{"embeddable":true,"href":"http:\/\/wav.wearevillage.org\/wp-json\/wp\/v2\/media\/14065"}],"wp:attachment":[{"href":"http:\/\/wav.wearevillage.org\/wp-json\/wp\/v2\/media?parent=33486"}],"wp:term":[{"taxonomy":"product_brand","embeddable":true,"href":"http:\/\/wav.wearevillage.org\/wp-json\/wp\/v2\/product_brand?post=33486"},{"taxonomy":"product_cat","embeddable":true,"href":"http:\/\/wav.wearevillage.org\/wp-json\/wp\/v2\/product_cat?post=33486"},{"taxonomy":"product_tag","embeddable":true,"href":"http:\/\/wav.wearevillage.org\/wp-json\/wp\/v2\/product_tag?post=33486"}],"curies":[{"name":"wp","href":"https:\/\/api.w.org\/{rel}","templated":true}]}}