{"id":33496,"date":"2025-10-15T09:42:08","date_gmt":"2025-10-15T07:42:08","guid":{"rendered":"http:\/\/wav.wearevillage.org\/?post_type=product&#038;p=33496"},"modified":"2025-10-27T13:25:35","modified_gmt":"2025-10-27T12:25:35","slug":"membership-promo","status":"publish","type":"product","link":"http:\/\/wav.wearevillage.org\/shop\/membership-special\/","title":{"rendered":"Membership Offer"},"content":{"rendered":"<div class=\"wpb-content-wrapper\"><div class=\"vc_row wpb_row vc_row-fluid\"><div class=\"wpb_column vc_column_container vc_col-sm-12\"><div class=\"vc_column-inner\"><div class=\"wpb_wrapper\">\n\t<div class=\"wpb_text_column wpb_content_element\" >\n\t\t<div class=\"wpb_wrapper\">\n\t\t\t<p><span style=\"font-weight: 400;\">Deine Mitgliedschaftsvorteile beginnen am<strong> 11. November 2025<\/strong>. Du kannst jederzeit vor dem <strong>7. Januar 2026<\/strong> k\u00fcndigen, indem du eine E-Mail an an <a href=\"mailto:members@wearevillage.org\">members@wearevillage.org<\/a> schickst. Wenn du nicht k\u00fcndigst, wird dir am 7. Januar der Betrag abgebucht, und deine Mitgliedschaft wird automatisch als monatlicher Mitgliedsplan unter unseren Standardbedingungen fortgesetzt<\/span><\/p>\n\n\t\t<\/div>\n\t<\/div>\n<\/div><\/div><\/div><\/div>\n<\/div>","protected":false},"excerpt":{"rendered":"<p><span style=\"font-weight: 400;\">Die Mitgliedschaft wird am ersten Tag jedes Monats abgerechnet und kann nach einer Mindestlaufzeit von sechs Monaten (<\/span><b>gerechnet ab dem Kaufdatum<\/b><span style=\"font-weight: 400;\">) mit einer K\u00fcndigungsfrist von drei Monaten per E-Mail an <a href=\"mailto:members@wearevillage.org\">members@wearevillage.org<\/a> gek\u00fcndigt werden. Die Monate werden ab dem 1. des Folgemonats nach Erhalt der K\u00fcndigung gez\u00e4hlt.<\/span><\/p>\n","protected":false},"author":10,"featured_media":24422,"template":"","meta":{"pmpro_default_level":"","inline_featured_image":false},"product_brand":[],"product_cat":[941],"product_tag":[],"class_list":{"0":"post-33496","1":"product","2":"type-product","3":"status-publish","4":"has-post-thumbnail","6":"product_cat-membershipstretch","7":"pmpro-has-access","9":"first","10":"instock","11":"purchasable","12":"product-type-simple"},"wpml_current_locale":"de_DE","wpml_translations":{"en_US":{"locale":"en_US","id":33497,"slug":"member-copy","post_title":"Membership Offer","href":"http:\/\/wav.wearevillage.org\/en\/shop\/membership-special"}},"language":{"code":"de","locale":"","name":"","is_rtl":false},"_links":{"self":[{"href":"http:\/\/wav.wearevillage.org\/wp-json\/wp\/v2\/product\/33496","targetHints":{"allow":["GET"]}}],"collection":[{"href":"http:\/\/wav.wearevillage.org\/wp-json\/wp\/v2\/product"}],"about":[{"href":"http:\/\/wav.wearevillage.org\/wp-json\/wp\/v2\/types\/product"}],"author":[{"embeddable":true,"href":"http:\/\/wav.wearevillage.org\/wp-json\/wp\/v2\/users\/10"}],"wp:featuredmedia":[{"embeddable":true,"href":"http:\/\/wav.wearevillage.org\/wp-json\/wp\/v2\/media\/24422"}],"wp:attachment":[{"href":"http:\/\/wav.wearevillage.org\/wp-json\/wp\/v2\/media?parent=33496"}],"wp:term":[{"taxonomy":"product_brand","embeddable":true,"href":"http:\/\/wav.wearevillage.org\/wp-json\/wp\/v2\/product_brand?post=33496"},{"taxonomy":"product_cat","embeddable":true,"href":"http:\/\/wav.wearevillage.org\/wp-json\/wp\/v2\/product_cat?post=33496"},{"taxonomy":"product_tag","embeddable":true,"href":"http:\/\/wav.wearevillage.org\/wp-json\/wp\/v2\/product_tag?post=33496"}],"curies":[{"name":"wp","href":"https:\/\/api.w.org\/{rel}","templated":true}]}}