{"id":1523,"date":"2022-09-07T13:16:09","date_gmt":"2022-09-07T11:16:09","guid":{"rendered":"http:\/\/wav.wearevillage.org\/?post_type=product&#038;p=1523"},"modified":"2026-01-30T19:42:56","modified_gmt":"2026-01-30T18:42:56","slug":"support-member","status":"publish","type":"product","link":"http:\/\/wav.wearevillage.org\/shop\/support-member\/","title":{"rendered":"Supporter"},"content":{"rendered":"<div class=\"wpb-content-wrapper\"><div class=\"vc_row wpb_row vc_row-fluid\"><div class=\"wpb_column vc_column_container vc_col-sm-12\"><div class=\"vc_column-inner\"><div class=\"wpb_wrapper\">\n\t<div class=\"wpb_text_column wpb_content_element\" >\n\t\t<div class=\"wpb_wrapper\">\n\t\t\t<p><span style=\"font-weight: 400;\">Als <\/span><b>Supporter<\/b><span style=\"font-weight: 400;\"> erh\u00e4ltst du:<\/span><\/p>\n<ul>\n<li style=\"font-weight: 400;\" aria-level=\"1\"><span style=\"font-weight: 400;\">Kostenlosen Zugang zu den ersten drei ausgew\u00e4hlten kostenpflichtigen Events (Events mit * gekennzeichnet) pro Monat<\/span><\/li>\n<li style=\"font-weight: 400;\" aria-level=\"1\"><span style=\"font-weight: 400;\">Member-Preise f\u00fcr weitere ausgew\u00e4hlte Workshops, darunter Massage Exchange, Naked Yoga for Men, Regenerative Touch, Sensual Touch<\/span><\/li>\n<li style=\"font-weight: 400;\" aria-level=\"1\"><span style=\"font-weight: 400;\">Erm\u00e4ssigungen auf gr\u00f6\u00dfere Events wie Soul of Skin, Authentic Eros und Stretch Festival<\/span><\/li>\n<\/ul>\n<p><span style=\"font-weight: 400;\">Au\u00dferdem kannst du eine Person kostenlos zu Member-Events* mitbringen.<\/span><\/p>\n<h4><b>Allgemeine Gesch\u00e4ftsbedingungen<\/b><\/h4>\n<p><span style=\"font-weight: 400;\">Die Mitgliedschaft beginnt am ersten Tag des Folgemonats und kann nach sechs Monaten Mindestlaufzeit jederzeit mit einer Frist von drei Monaten per Email an <a href=\"mailto:members@wearevillage.org\">members@wearevillage.org<\/a> gek\u00fcndigt werden. Die Monate werde ab dem n\u00e4chsten 1. des Folgemonats nach K\u00fcndigungseingang gez\u00e4hlt. Durch das Abonnement erkl\u00e4rst du dich automatisch mit diesen Bedingungen einverstanden.<\/span><\/p>\n<p><span style=\"font-weight: 400;\">Mit deiner Mitgliedschaft machst Du das we.are.village Projekt m\u00f6glich.<\/span><\/p>\n<p><span style=\"font-weight: 400;\">Ein gro\u00dfes Dankesch\u00f6n!<\/span><\/p>\n\n\t\t<\/div>\n\t<\/div>\n<\/div><\/div><\/div><\/div>\n<\/div>","protected":false},"excerpt":{"rendered":"<p><span style=\"font-weight: 400;\">Wenn du alle Vorteile der Standardmitgliedschaft nutzen und dazu beitragen willst, unsere Community zug\u00e4nglich zu halten, st\u00e4rkt die Supporter-Mitgliedschaft <\/span><b>we are village <\/b><span style=\"font-weight: 400;\">als Raum, Plattform und Community.<\/span><\/p>\n<p><span style=\"font-weight: 400;\">Jede Supporter-Mitgliedschaft erm\u00f6glicht drei verg\u00fcnstigte Concession-Mitgliedschaften.<\/span><\/p>\n","protected":false},"author":10,"featured_media":38800,"template":"","meta":{"pmpro_default_level":"","inline_featured_image":false},"product_brand":[],"product_cat":[712],"product_tag":[],"class_list":{"0":"post-1523","1":"product","2":"type-product","3":"status-publish","4":"has-post-thumbnail","6":"product_cat-mitgliedschaften","7":"pmpro-has-access","9":"first","10":"instock","11":"purchasable","12":"product-type-simple"},"wpml_current_locale":"de_DE","wpml_translations":{"en_US":{"locale":"en_US","id":3457,"slug":"support-member","post_title":"Supporter","href":"http:\/\/wav.wearevillage.org\/en\/shop\/support-member\/"}},"language":{"code":"de","locale":"","name":"","is_rtl":false},"_links":{"self":[{"href":"http:\/\/wav.wearevillage.org\/wp-json\/wp\/v2\/product\/1523","targetHints":{"allow":["GET"]}}],"collection":[{"href":"http:\/\/wav.wearevillage.org\/wp-json\/wp\/v2\/product"}],"about":[{"href":"http:\/\/wav.wearevillage.org\/wp-json\/wp\/v2\/types\/product"}],"author":[{"embeddable":true,"href":"http:\/\/wav.wearevillage.org\/wp-json\/wp\/v2\/users\/10"}],"wp:featuredmedia":[{"embeddable":true,"href":"http:\/\/wav.wearevillage.org\/wp-json\/wp\/v2\/media\/38800"}],"wp:attachment":[{"href":"http:\/\/wav.wearevillage.org\/wp-json\/wp\/v2\/media?parent=1523"}],"wp:term":[{"taxonomy":"product_brand","embeddable":true,"href":"http:\/\/wav.wearevillage.org\/wp-json\/wp\/v2\/product_brand?post=1523"},{"taxonomy":"product_cat","embeddable":true,"href":"http:\/\/wav.wearevillage.org\/wp-json\/wp\/v2\/product_cat?post=1523"},{"taxonomy":"product_tag","embeddable":true,"href":"http:\/\/wav.wearevillage.org\/wp-json\/wp\/v2\/product_tag?post=1523"}],"curies":[{"name":"wp","href":"https:\/\/api.w.org\/{rel}","templated":true}]}}