{"id":35300,"date":"2025-11-26T13:11:41","date_gmt":"2025-11-26T12:11:41","guid":{"rendered":"http:\/\/wav.wearevillage.org\/?post_type=product&#038;p=35300"},"modified":"2025-12-10T17:04:10","modified_gmt":"2025-12-10T16:04:10","slug":"queerer-tod-trauer-und-verlust-queer-bridges","status":"publish","type":"product","link":"http:\/\/wav.wearevillage.org\/shop\/queer-bridges-monday\/w02-2026\/","title":{"rendered":"Queerer Tod, Trauer und Verlust \u2013 Queer Bridges"},"content":{"rendered":"<div class=\"wpb-content-wrapper\"><div class=\"vc_row wpb_row vc_row-fluid\"><div class=\"wpb_column vc_column_container vc_col-sm-12\"><div class=\"vc_column-inner\"><div class=\"wpb_wrapper\"><h4 style=\"text-align: left\" class=\"vc_custom_heading vc_do_custom_heading\" >Queerer Tod, Trauer und Verlust<\/h4><h5 style=\"text-align: left\" class=\"vc_custom_heading vc_do_custom_heading\" >mit Raf Beck<\/h5>\n\t<div class=\"wpb_text_column wpb_content_element\" >\n\t\t<div class=\"wpb_wrapper\">\n\t\t\t<p>Dieser Workshop richtet sich speziell an junge queere Migranten\/innen und hat zum Ziel, unsere unterschiedlichen Erfahrungen mit Tod, Verlust und Trauer zu erforschen. Als queere Menschen haben wir vielleicht einige spezifische gemeinsame Erfahrungen mit Trauer und Verlust, aber als Migranten\/innen k\u00f6nnen diese Erfahrungen eine andere Resonanz haben. Migranten trauern m\u00f6glicherweise zus\u00e4tzlich um geliebte Menschen, die noch leben, die sie aber nicht sehen k\u00f6nnen, da sie sich in unserem Geburtsland befinden, von dem wir nun entfremdet sind und das wir nicht besuchen k\u00f6nnen. In diesem Workshop werden wir \u00fcber unsere Trauer und unsere Verluste sprechen, indem wir diejenigen, um die wir trauern, beim Namen nennen und ihnen Ehre erweisen.<\/p>\n\n\t\t<\/div>\n\t<\/div>\n<div class=\"vc_separator wpb_content_element vc_separator_align_center vc_sep_width_100 vc_sep_pos_align_center vc_separator_no_text vc_sep_color_grey wpb_content_element  wpb_content_element\" ><span class=\"vc_sep_holder vc_sep_holder_l\"><span class=\"vc_sep_line\"><\/span><\/span><span class=\"vc_sep_holder vc_sep_holder_r\"><span class=\"vc_sep_line\"><\/span><\/span>\n<\/div>\n\t<div class=\"wpb_text_column wpb_content_element\" >\n\t\t<div class=\"wpb_wrapper\">\n\t\t\t<p><strong><img loading=\"lazy\" decoding=\"async\" class=\"wp-image-35306 alignleft\" src=\"http:\/\/wav.wearevillage.org\/wp-content\/uploads\/2025\/11\/sPtOmmE0NFrEBaV6LYE5YWzworepB5YcM5DRRF4Ut68.jpeg\" alt=\"\" width=\"150\" height=\"156\" srcset=\"http:\/\/wav.wearevillage.org\/wp-content\/uploads\/2025\/11\/sPtOmmE0NFrEBaV6LYE5YWzworepB5YcM5DRRF4Ut68.jpeg 617w, http:\/\/wav.wearevillage.org\/wp-content\/uploads\/2025\/11\/sPtOmmE0NFrEBaV6LYE5YWzworepB5YcM5DRRF4Ut68-289x300.jpeg 289w, http:\/\/wav.wearevillage.org\/wp-content\/uploads\/2025\/11\/sPtOmmE0NFrEBaV6LYE5YWzworepB5YcM5DRRF4Ut68-145x150.jpeg 145w, http:\/\/wav.wearevillage.org\/wp-content\/uploads\/2025\/11\/sPtOmmE0NFrEBaV6LYE5YWzworepB5YcM5DRRF4Ut68-390x405.jpeg 390w, http:\/\/wav.wearevillage.org\/wp-content\/uploads\/2025\/11\/sPtOmmE0NFrEBaV6LYE5YWzworepB5YcM5DRRF4Ut68-600x622.jpeg 600w\" sizes=\"auto, (max-width: 150px) 100vw, 150px\" \/><\/strong><\/p>\n<p><strong>Raf<\/strong> ist ein queerer, transmasc, non-binary Kinkster, und lebt zwischen Berlin und London. Raf ist P\u00e4dagoge*, Moderator* und Coach* und arbeitet in den Bereichen Gesundheit, Sex und BDSM. Besonders stolz ist Raf auf die Erarbeitung eigener generationen\u00fcbergreifender Netzwerke und Beziehungen.<\/p>\n<p><strong>\u00a0<\/strong><\/p>\n\n\t\t<\/div>\n\t<\/div>\n<div class=\"vc_separator wpb_content_element vc_separator_align_center vc_sep_width_100 vc_sep_pos_align_center vc_separator_no_text vc_sep_color_grey wpb_content_element  wpb_content_element\" ><span class=\"vc_sep_holder vc_sep_holder_l\"><span class=\"vc_sep_line\"><\/span><\/span><span class=\"vc_sep_holder vc_sep_holder_r\"><span class=\"vc_sep_line\"><\/span><\/span>\n<\/div>\n\t<div class=\"wpb_text_column wpb_content_element\" >\n\t\t<div class=\"wpb_wrapper\">\n\t\t\t<p><strong>Queer Bridges: Verbindungen schaffen und Ressourcen f\u00fcr LGBTQIA+ Menschen mit Migrationserfahrung bereitstellen.<\/strong><\/p>\n<p>Queere Menschen mit Migrationserfahrung in Berlin sehen sich in ihrem t\u00e4glichen Leben oft mit besonderen Herausforderungen konfrontiert, die ihren Zugang zu unterst\u00fctzenden Gemeinschaften und integrativen Umgebungen einschr\u00e4nken k\u00f6nnen.<\/p>\n<p><img loading=\"lazy\" decoding=\"async\" class=\"wp-image-15170 alignleft\" src=\"http:\/\/wav.wearevillage.org\/wp-content\/uploads\/2024\/06\/stiftung-300x121.png\" alt=\"\" width=\"216\" height=\"87\" srcset=\"http:\/\/wav.wearevillage.org\/wp-content\/uploads\/2024\/06\/stiftung-300x121.png 300w, http:\/\/wav.wearevillage.org\/wp-content\/uploads\/2024\/06\/stiftung-1024x414.png 1024w, http:\/\/wav.wearevillage.org\/wp-content\/uploads\/2024\/06\/stiftung-150x61.png 150w, http:\/\/wav.wearevillage.org\/wp-content\/uploads\/2024\/06\/stiftung-768x310.png 768w, http:\/\/wav.wearevillage.org\/wp-content\/uploads\/2024\/06\/stiftung-1536x620.png 1536w, http:\/\/wav.wearevillage.org\/wp-content\/uploads\/2024\/06\/stiftung-2048x827.png 2048w, http:\/\/wav.wearevillage.org\/wp-content\/uploads\/2024\/06\/stiftung-624x252.png 624w, http:\/\/wav.wearevillage.org\/wp-content\/uploads\/2024\/06\/stiftung-390x158.png 390w, http:\/\/wav.wearevillage.org\/wp-content\/uploads\/2024\/06\/stiftung-600x242.png 600w\" sizes=\"auto, (max-width: 216px) 100vw, 216px\" \/>Mit Unterst\u00fctzung der<strong> Deutschen Fernsehlotterie Stiftung<\/strong>, haben wir das Programm Queer Bridges entwickelt, um diese H\u00fcrden zu \u00fcberwinden. Wir bieten Ressourcen, Vernetzung und Unterst\u00fctzung in einem einladenden Umfeld f\u00fcr queere Migrant*innen und Gefl\u00fcchtete durch unser spezielles Programm. Unser Ziel ist es, ein Gef\u00fchl der Zugeh\u00f6rigkeit zur lokalen LGBTQIA+ Community zu f\u00f6rdern und damit eine reibungslose Integration sowie eine verbesserte Lebensqualit\u00e4t f\u00fcr queere Menschen mit Migrations- und\/oder Fluchterfahrung zu erm\u00f6glichen.<\/p>\n<p><span style=\"vertical-align: inherit;\"><span style=\"vertical-align: inherit;\">\u2705 Unser <strong>Queer Bridges<\/strong> Programm wird sich stetig weiter entwickeln und wir freuen uns auch jederzeit von Euren Bedarfen zu h\u00f6ren. Bei Interesse k\u00f6nnt ihr uns eine E-Mail schicken, um \u00fcber weitere Aktualisierungen informiert zu bleiben.<\/span><\/span><\/p>\n\n\t\t<\/div>\n\t<\/div>\n<div class=\"vc_separator wpb_content_element vc_separator_align_center vc_sep_width_100 vc_sep_pos_align_center vc_separator_no_text vc_sep_color_grey wpb_content_element  wpb_content_element\" ><span class=\"vc_sep_holder vc_sep_holder_l\"><span class=\"vc_sep_line\"><\/span><\/span><span class=\"vc_sep_holder vc_sep_holder_r\"><span class=\"vc_sep_line\"><\/span><\/span>\n<\/div>\n\t<div class=\"wpb_text_column wpb_content_element\" >\n\t\t<div class=\"wpb_wrapper\">\n\t\t\t<p><span style=\"text-decoration: underline;\"><strong>Hinweise<\/strong><\/span><br \/>\n<strong>Teilnehmende<\/strong>: Dieser Workshop richtet sich an alle, die sich als LGBTQIA+ identifizieren und Migrations- und\/oder Fluchterfahrung erlebt haben. Wenn ihr diese Erfahrungen nicht teilt, aber dennoch an einer Teilnahme interessiert seid, meldet euch bitte zuerst bei uns, um zu kl\u00e4ren, ob ein Platz frei ist. Wir bitten alle Teilnehmenden, den Schwerpunkt des Programms zu respektieren und dazu beizutragen, einen offenen, respektvollen Raum zu schaffen.<br \/>\n<strong>Anmeldung<\/strong>: F\u00fcr dieses Event stehen begrenzte Pl\u00e4tze zur Verf\u00fcgung. Eine Registrierung \u00fcber unsere Website ist daher erforderlich.<br \/>\n<strong>Sprache<\/strong>: Englisch<br \/>\n<strong>Kosten<\/strong>: Die Teilnahme ist kostenlos.<\/p>\n\n\t\t<\/div>\n\t<\/div>\n<\/div><\/div><\/div><\/div>\n<\/div>","protected":false},"excerpt":{"rendered":"<h5>Montag<br \/>\n18:00-19:30<br \/>\nKostenlos mit Anmeldung<\/h5>\n<p><strong> | <span style=\"color: #ec6c23;\"> LGBTQIA+ <\/span> | <\/strong><\/p>\n<p>Dieser Workshop richtet sich speziell an junge queere Migranten\/innen und hat zum Ziel, unsere unterschiedlichen Erfahrungen mit Tod, Verlust und Trauer zu erforschen, einschlie\u00dflich des Verlusts von geliebten Menschen, die zwar noch leben, aber nicht gesehen werden k\u00f6nnen, da sie in einem Land leben, von dem wir uns mittlerweile entfremdet haben und das wir nicht besuchen k\u00f6nnen. In diesem Workshop werden wir \u00fcber unsere Trauer und unsere Verluste sprechen, indem wir diejenigen, um die wir trauern, beim Namen nennen und ihnen Ehre erweisen.<\/p>\n","protected":false},"author":12,"featured_media":35444,"template":"","meta":{"pmpro_default_level":"","inline_featured_image":false},"product_brand":[],"product_cat":[769,797],"product_tag":[469],"class_list":{"0":"post-35300","1":"product","2":"type-product","3":"status-publish","4":"has-post-thumbnail","6":"product_cat-kostenloser-zugang","7":"product_cat-queer-bridges-events-2","8":"product_tag-lgbtqiaplus","9":"pmpro-has-access","11":"first","12":"instock","13":"sold-individually","14":"product-type-simple"},"wpml_current_locale":"de_DE","wpml_translations":{"en_US":{"locale":"en_US","id":35308,"slug":"queerer-tod-trauer-und-verlust-queer-bridges","post_title":"Queer grief and loss - Queer Bridges","href":"http:\/\/wav.wearevillage.org\/en\/shop\/queer-bridges-monday\/w02-2026"}},"language":{"code":"de","locale":"","name":"","is_rtl":false},"_links":{"self":[{"href":"http:\/\/wav.wearevillage.org\/wp-json\/wp\/v2\/product\/35300","targetHints":{"allow":["GET"]}}],"collection":[{"href":"http:\/\/wav.wearevillage.org\/wp-json\/wp\/v2\/product"}],"about":[{"href":"http:\/\/wav.wearevillage.org\/wp-json\/wp\/v2\/types\/product"}],"author":[{"embeddable":true,"href":"http:\/\/wav.wearevillage.org\/wp-json\/wp\/v2\/users\/12"}],"wp:featuredmedia":[{"embeddable":true,"href":"http:\/\/wav.wearevillage.org\/wp-json\/wp\/v2\/media\/35444"}],"wp:attachment":[{"href":"http:\/\/wav.wearevillage.org\/wp-json\/wp\/v2\/media?parent=35300"}],"wp:term":[{"taxonomy":"product_brand","embeddable":true,"href":"http:\/\/wav.wearevillage.org\/wp-json\/wp\/v2\/product_brand?post=35300"},{"taxonomy":"product_cat","embeddable":true,"href":"http:\/\/wav.wearevillage.org\/wp-json\/wp\/v2\/product_cat?post=35300"},{"taxonomy":"product_tag","embeddable":true,"href":"http:\/\/wav.wearevillage.org\/wp-json\/wp\/v2\/product_tag?post=35300"}],"curies":[{"name":"wp","href":"https:\/\/api.w.org\/{rel}","templated":true}]}}