{"id":36369,"date":"2025-12-11T11:24:10","date_gmt":"2025-12-11T10:24:10","guid":{"rendered":"http:\/\/wav.wearevillage.org\/?post_type=product&#038;p=36369"},"modified":"2026-03-31T10:42:06","modified_gmt":"2026-03-31T08:42:06","slug":"buchklub-7","status":"publish","type":"product","link":"http:\/\/wav.wearevillage.org\/shop\/book-club\/w02-2026\/","title":{"rendered":"Buchklub"},"content":{"rendered":"<div class=\"wpb-content-wrapper\"><div class=\"vc_row wpb_row vc_row-fluid\"><div class=\"wpb_column vc_column_container vc_col-sm-12\"><div class=\"vc_column-inner\"><div class=\"wpb_wrapper\"><h4 style=\"text-align: left\" class=\"vc_custom_heading vc_do_custom_heading\" >Village Buchklub - Ozan Zakariya Keskink\u0131l\u0131\u00e7, Hundesohn (2025)<\/h4><h5 style=\"text-align: left\" class=\"vc_custom_heading vc_do_custom_heading\" >Gast: Nils Philipp<\/h5>\n\t<div class=\"wpb_text_column wpb_content_element\" >\n\t\t<div class=\"wpb_wrapper\">\n\t\t\t<p>Dies ist eine Liebesgeschichte. Sie spielt im Juni, im Juli, im August in Adana, dreitausend Kilometer weit weg von Berlin. In Berlin lebt Zeko. Hier trifft er M\u00e4nner in Parks und Caf\u00e9s, auf Dating-Apps und vor der Moschee. Doch jedes Mal, wenn sich ihre Lippen ber\u00fchren, rei\u00dfen ihn die Gedanken zur\u00fcck zu Hassan, dem Nachbarsjungen in Adana, den Dede, sein Gro\u00dfvater, immer nur \u00bbHundesohn\u00ab nennt. Zeko kennt das laute Viertel, den Staub in den Gassen nur aus den Sommerferien. Dann stirbt Dede an einem Herzinfarkt. Aber Zeko will nicht vergessen, nicht den Gro\u00dfvater, der alten M\u00e4nnern die Sorgen aus dem Bart schnitt und auf Arabisch sang, nicht die religi\u00f6sen Rituale und den Geschmack von Bamya. Und vor allem nicht Hassan.<br \/>\n\u00bbIn neun Tagen werde ich Hassan wiedersehen\u00ab, wiederholt er wie ein Mantra: beim Freitagsgebet, in der Therapiesitzung, im Prinzenbad, beim Mittagessen mit seiner besten Freundin Pari. Aber etwas ist geschehen, als Zeko und Hassan sich das letzte Mal sahen. Etwas, das immer heftiger heraufdr\u00e4ngt, je n\u00e4her der Tag seiner Abreise kommt.<\/p>\n<p>Hundesohn erz\u00e4hlt radikal und poetisch von Liebe und Begehren. Von der Euphorie und Verletzlichkeit, der Angst und dem Gl\u00fcck, wenn man liebt. Vom leisen Schrei und lauten Fl\u00fcstern: am K\u00fcchentisch, in fremden Betten und im Gebet. Und vermisst dabei unsere zerrissene Gegenwart, \u00fcber alle Grenzen von L\u00e4ndern, Sprache und K\u00f6rper hinweg.<\/p>\n\n\t\t<\/div>\n\t<\/div>\n<div class=\"vc_separator wpb_content_element vc_separator_align_center vc_sep_width_100 vc_sep_pos_align_center vc_separator_no_text vc_sep_color_grey wpb_content_element  wpb_content_element\" ><span class=\"vc_sep_holder vc_sep_holder_l\"><span class=\"vc_sep_line\"><\/span><\/span><span class=\"vc_sep_holder vc_sep_holder_r\"><span class=\"vc_sep_line\"><\/span><\/span>\n<\/div>\n\t<div class=\"wpb_text_column wpb_content_element\" >\n\t\t<div class=\"wpb_wrapper\">\n\t\t\t<p><img loading=\"lazy\" decoding=\"async\" class=\"wp-image-16166 alignleft\" src=\"http:\/\/wav.wearevillage.org\/wp-content\/uploads\/2024\/08\/wav-team-Nils-Philipp2.png\" alt=\"\" width=\"160\" height=\"178\" srcset=\"http:\/\/wav.wearevillage.org\/wp-content\/uploads\/2024\/08\/wav-team-Nils-Philipp2.png 900w, http:\/\/wav.wearevillage.org\/wp-content\/uploads\/2024\/08\/wav-team-Nils-Philipp2-270x300.png 270w, http:\/\/wav.wearevillage.org\/wp-content\/uploads\/2024\/08\/wav-team-Nils-Philipp2-135x150.png 135w, http:\/\/wav.wearevillage.org\/wp-content\/uploads\/2024\/08\/wav-team-Nils-Philipp2-768x853.png 768w, http:\/\/wav.wearevillage.org\/wp-content\/uploads\/2024\/08\/wav-team-Nils-Philipp2-624x693.png 624w, http:\/\/wav.wearevillage.org\/wp-content\/uploads\/2024\/08\/wav-team-Nils-Philipp2-390x433.png 390w, http:\/\/wav.wearevillage.org\/wp-content\/uploads\/2024\/08\/wav-team-Nils-Philipp2-600x667.png 600w\" sizes=\"auto, (max-width: 160px) 100vw, 160px\" \/> <strong>Nils Philipp<\/strong> ist Kunst- und Architekturvermittler und bet\u00e4tigt sich zudem als Dichter, Fotograf und Dekofee. Nach Erfahrungen als Hausmeister, Feinkostverk\u00e4ufer und Bademeister arbeitet er u.a. als Buchh\u00e4ndler. W\u00e4hrend er auf seinen Durchbruch wahlweise als Schriftsteller oder Dekorateur wartet, liest er viel und gerne.<\/p>\n\n\t\t<\/div>\n\t<\/div>\n<div class=\"vc_separator wpb_content_element vc_separator_align_center vc_sep_width_100 vc_sep_pos_align_center vc_separator_no_text vc_sep_color_grey vc_custom_1723801636502 wpb_content_element  vc_custom_1723801636502 wpb_content_element\" ><span class=\"vc_sep_holder vc_sep_holder_l\"><span class=\"vc_sep_line\"><\/span><\/span><span class=\"vc_sep_holder vc_sep_holder_r\"><span class=\"vc_sep_line\"><\/span><\/span>\n<\/div>\n\t<div class=\"wpb_text_column wpb_content_element\" >\n\t\t<div class=\"wpb_wrapper\">\n\t\t\t<p><span style=\"text-decoration: underline;\"><strong>\u00dcber den Village Book Club<\/strong><\/span><br \/>\n\u2022 B\u00fccherliebhaber und Leseratten treffen sich jeden Monat, um Literatur und Sachb\u00fccher (Romane, Biografien und Essays) zu besprechen, die sich mit LGBTQIA+-Themen und -Pers\u00f6nlichkeiten befassen oder damit in Zusammenhang stehen.<br \/>\n\u2022 In Voraussicht auf aufschlussreiche Diskussionen w\u00e4hlen wir das n\u00e4chste Buch zwei Monate im Voraus aus.<br \/>\n\u2022 Die Diskussionen am Abend finden auf Deutsch statt, aber die Teilnehmenden k\u00f6nnen die B\u00fccher in ihrer Lieblingssprache lesen.<br \/>\n\u2022 Die Veranstaltung ist kostenlos und ohne Anmeldung<\/p>\n<p><em>** Diese Veranstaltung ist Teil unseres Programms \u201a<strong><a href=\"http:\/\/wav.wearevillage.org\/village-quartiere\/addressing-queer-lonliness\" target=\"_blank\" rel=\"noopener\">Gemeinsam statt einsam<\/a><\/strong>\u201a, unterst\u00fctzt von der <strong><a href=\"https:\/\/www.berlin.de\/sen\/lads\/\" target=\"_blank\" rel=\"noopener\">LADS<\/a><\/strong>. <\/em><br \/>\n<em>Erfahre mehr \u00fcber das Programm <a href=\"http:\/\/wav.wearevillage.org\/village-quartiere\/addressing-queer-lonliness\" target=\"_blank\" rel=\"noopener\">hier<\/a>.<\/em><\/p>\n\n\t\t<\/div>\n\t<\/div>\n<\/div><\/div><\/div><\/div>\n<\/div>","protected":false},"excerpt":{"rendered":"<h5>Dienstag (jeden zweiten Monat)<br \/>\n20:00 \u2013 22:30<br \/>\nkostenlos<br \/>\nAuf Deutsch<\/h5>\n<p class=\"p1\"><strong>| <span style=\"color: #ec6c23;\">LGBTQIA+<\/span>\u00a0|<\/strong><\/p>\n<h5><strong>Ozan Zakariya Keskink\u0131l\u0131\u00e7, Hundesohn (2025)<\/strong><\/h5>\n<p><strong>Hundesohn<\/strong>\u00a0erz\u00e4hlt radikal und poetisch von Liebe und Begehren. Von der Euphorie und Verletzlichkeit, der Angst und dem Gl\u00fcck, wenn man liebt. Vom leisen Schrei und lauten Fl\u00fcstern: am K\u00fcchentisch, in fremden Betten und im Gebet.\u00a0Und vermisst dabei unsere zerrissene\u00a0Gegenwart, \u00fcber alle Grenzen von L\u00e4ndern, Sprache und K\u00f6rper hinweg.<\/p>\n","protected":false},"author":12,"featured_media":36627,"template":"","meta":{"pmpro_default_level":"","inline_featured_image":false},"product_brand":[],"product_cat":[791,769,79],"product_tag":[469],"class_list":{"0":"post-36369","1":"product","2":"type-product","3":"status-publish","4":"has-post-thumbnail","6":"product_cat-gemeinsam-statt-einsam","7":"product_cat-kostenloser-zugang","8":"product_cat-monatliche-events","9":"product_tag-lgbtqiaplus","10":"pmpro-has-access","12":"first","13":"instock","14":"product-type-simple"},"wpml_current_locale":"de_DE","wpml_translations":{"en_US":{"locale":"en_US","id":36370,"slug":"book-club-in-german-copy","post_title":"Book Club in German","href":"http:\/\/wav.wearevillage.org\/en\/shop\/book-club\/w02-2026"}},"language":{"code":"de","locale":"","name":"","is_rtl":false},"_links":{"self":[{"href":"http:\/\/wav.wearevillage.org\/wp-json\/wp\/v2\/product\/36369","targetHints":{"allow":["GET"]}}],"collection":[{"href":"http:\/\/wav.wearevillage.org\/wp-json\/wp\/v2\/product"}],"about":[{"href":"http:\/\/wav.wearevillage.org\/wp-json\/wp\/v2\/types\/product"}],"author":[{"embeddable":true,"href":"http:\/\/wav.wearevillage.org\/wp-json\/wp\/v2\/users\/12"}],"wp:featuredmedia":[{"embeddable":true,"href":"http:\/\/wav.wearevillage.org\/wp-json\/wp\/v2\/media\/36627"}],"wp:attachment":[{"href":"http:\/\/wav.wearevillage.org\/wp-json\/wp\/v2\/media?parent=36369"}],"wp:term":[{"taxonomy":"product_brand","embeddable":true,"href":"http:\/\/wav.wearevillage.org\/wp-json\/wp\/v2\/product_brand?post=36369"},{"taxonomy":"product_cat","embeddable":true,"href":"http:\/\/wav.wearevillage.org\/wp-json\/wp\/v2\/product_cat?post=36369"},{"taxonomy":"product_tag","embeddable":true,"href":"http:\/\/wav.wearevillage.org\/wp-json\/wp\/v2\/product_tag?post=36369"}],"curies":[{"name":"wp","href":"https:\/\/api.w.org\/{rel}","templated":true}]}}