{"id":37106,"date":"2025-12-28T20:20:54","date_gmt":"2025-12-28T19:20:54","guid":{"rendered":"http:\/\/wav.wearevillage.org\/?post_type=product&#038;p=37106"},"modified":"2026-01-20T15:41:03","modified_gmt":"2026-01-20T14:41:03","slug":"community-finden-wege-aus-der-einsamkeit","status":"publish","type":"product","link":"http:\/\/wav.wearevillage.org\/shop\/einsamkeitserien1\/w04-2026\/","title":{"rendered":"Verbindungen schaffen | Wege aus der Einsamkeit"},"content":{"rendered":"<div class=\"wpb-content-wrapper\"><div class=\"vc_row wpb_row vc_row-fluid\"><div class=\"wpb_column vc_column_container vc_col-sm-12\"><div class=\"vc_column-inner\"><div class=\"wpb_wrapper\"><h4 style=\"text-align: left\" class=\"vc_custom_heading vc_do_custom_heading\" >Verbindungen schaffen | Wege aus der Einsamkeit<\/h4><h5 style=\"text-align: left\" class=\"vc_custom_heading vc_do_custom_heading\" >mit Marco Oberm\u00fcller<\/h5>\n\t<div class=\"wpb_text_column wpb_content_element\" >\n\t\t<div class=\"wpb_wrapper\">\n\t\t\t<p>Einsamkeit kann entstehen, wenn Menschen wenig Gelegenheit haben, eine echte Verbindung zu anderen zu erleben. Hier setzt die Gruppe an, indem sie R\u00e4ume schafft, in denen Zugeh\u00f6rigkeit aktiv erfahrbar wird.<br \/>\nIm gemeinsamen Arbeiten an pers\u00f6nlichen Themen entsteht ein sozialer Resonanzraum, der Isolation durch Beziehung und Kontakt ersetzt. Durch das strukturierte Teilen von Erfahrungen wird Einsamkeit sichtbar, besprechbar und damit ver\u00e4nderbar.<br \/>\nDurch moderierte Interaktion, Perspektivwechsel, kleine Experimente des Kontakterlebens und dem gemeinsamen Reflektieren, entwickeln Teilnehmende neue Formen von Verbundenheit und Strategien f\u00fcr soziale Wirksamkeit. Die Gruppe fungiert nicht nur als Unterst\u00fctzung, sondern als Lernfeld f\u00fcr Beziehungsgestaltung. So entstehen tragf\u00e4hige Verbindungen, die \u00fcber das einzelne Treffen hinaus wirken und helfen, Einsamkeit nachhaltig zu reduzieren.<\/p>\n\n\t\t<\/div>\n\t<\/div>\n<div class=\"vc_separator wpb_content_element vc_separator_align_center vc_sep_width_100 vc_sep_pos_align_center vc_separator_no_text vc_sep_color_grey wpb_content_element  wpb_content_element\" ><span class=\"vc_sep_holder vc_sep_holder_l\"><span class=\"vc_sep_line\"><\/span><\/span><span class=\"vc_sep_holder vc_sep_holder_r\"><span class=\"vc_sep_line\"><\/span><\/span>\n<\/div>\n\t<div class=\"wpb_text_column wpb_content_element\" >\n\t\t<div class=\"wpb_wrapper\">\n\t\t\t<p><img loading=\"lazy\" decoding=\"async\" class=\"wp-image-36709 alignleft\" src=\"http:\/\/wav.wearevillage.org\/wp-content\/uploads\/2025\/12\/wav-team-Marco-Obermuller-2-270x300.png\" alt=\"\" width=\"163\" height=\"181\" srcset=\"http:\/\/wav.wearevillage.org\/wp-content\/uploads\/2025\/12\/wav-team-Marco-Obermuller-2-270x300.png 270w, http:\/\/wav.wearevillage.org\/wp-content\/uploads\/2025\/12\/wav-team-Marco-Obermuller-2-135x150.png 135w, http:\/\/wav.wearevillage.org\/wp-content\/uploads\/2025\/12\/wav-team-Marco-Obermuller-2-768x853.png 768w, http:\/\/wav.wearevillage.org\/wp-content\/uploads\/2025\/12\/wav-team-Marco-Obermuller-2-624x693.png 624w, http:\/\/wav.wearevillage.org\/wp-content\/uploads\/2025\/12\/wav-team-Marco-Obermuller-2-390x433.png 390w, http:\/\/wav.wearevillage.org\/wp-content\/uploads\/2025\/12\/wav-team-Marco-Obermuller-2-600x667.png 600w, http:\/\/wav.wearevillage.org\/wp-content\/uploads\/2025\/12\/wav-team-Marco-Obermuller-2.png 900w\" sizes=\"auto, (max-width: 163px) 100vw, 163px\" \/>Mit einem Hintergrund in Islamwissenschaften und Stadtplanung war <strong>Marco<\/strong> 20 Jahre lang als F\u00fchrungskraft in NGOs und Regierungsberatung t\u00e4tig, mit Schwerpunkt auf internationaler Zusammenarbeit in Konfliktgebieten wie Afghanistan, Pakistan und Sudan. Er lehrte zu den Themen Konflikt und Fragilit\u00e4t an der RMIT und der Universit\u00e4t St. Gallen. Als systemischer Coach am Artop-Institut der Humboldt-Universit\u00e4t ausgebildet, integriert Marco somatische Praktiken wie K\u00f6rperarbeit und Atemtechniken in seine Arbeit. Derzeit vertieft er seine F\u00e4higkeiten in Gestalttherapie am IGG Berlin. In seiner Freizeit tanzt und improvisiert Marco gerne.<\/p>\n\n\t\t<\/div>\n\t<\/div>\n<div class=\"vc_separator wpb_content_element vc_separator_align_center vc_sep_width_100 vc_sep_pos_align_center vc_separator_no_text vc_sep_color_grey wpb_content_element  wpb_content_element\" ><span class=\"vc_sep_holder vc_sep_holder_l\"><span class=\"vc_sep_line\"><\/span><\/span><span class=\"vc_sep_holder vc_sep_holder_r\"><span class=\"vc_sep_line\"><\/span><\/span>\n<\/div>\n\t<div class=\"wpb_text_column wpb_content_element\" >\n\t\t<div class=\"wpb_wrapper\">\n\t\t\t<p class=\"vc_custom_heading\"><strong>Gemeinsam statt einsam: jede*r f\u00fchlt sich manchmal einsam<\/strong><br \/>\nAls Menschen haben wir eine nat\u00fcrliche Sehnsucht nach sozialer Verbindung und Unterst\u00fctzung durch andere.\u00a0Queere Menschen haben aufgrund individueller und struktureller Formen der\u00a0Diskriminierung\u00a0ein noch h\u00f6heres Risiko, unter chronischer\u00a0Einsamkeit\u00a0zu leiden.<br \/>\nIn Zusammenarbeit mit der <strong>Landesstelle f\u00fcr Gleichbehandlung<\/strong> \u2013 gegen Diskriminierung hat sich <strong>we are village | queer matters<\/strong> zum Ziel gesetzt, das Thema Einsamkeit in der queeren Community anzugehen.<\/p>\n<p><img loading=\"lazy\" decoding=\"async\" class=\"wp-image-7522 alignleft\" src=\"http:\/\/wav.wearevillage.org\/wp-content\/uploads\/2023\/06\/image001.jpg\" alt=\"\" width=\"218\" height=\"37\" srcset=\"http:\/\/wav.wearevillage.org\/wp-content\/uploads\/2023\/06\/image001.jpg 242w, http:\/\/wav.wearevillage.org\/wp-content\/uploads\/2023\/06\/image001-150x25.jpg 150w\" sizes=\"auto, (max-width: 218px) 100vw, 218px\" \/>Wir haben auch einen <strong><a href=\"https:\/\/forms.gle\/BZkLsma3sRX2vdRb8\" target=\"_blank\" rel=\"noopener\">Fragebogen<\/a><\/strong> erstellt, um mehr \u00fcber Ihre Erfahrungen mit Einsamkeit zu erfahren. Mit eurer Hilfe k\u00f6nnen wir ein besseres Programm erstellen, das euren Bed\u00fcrfnissen entspricht und mit dem wir mehr Zugeh\u00f6rigkeit schaffen k\u00f6nnen!<\/p>\n\n\t\t<\/div>\n\t<\/div>\n<div class=\"vc_separator wpb_content_element vc_separator_align_center vc_sep_width_100 vc_sep_pos_align_center vc_separator_no_text vc_sep_color_grey wpb_content_element  wpb_content_element\" ><span class=\"vc_sep_holder vc_sep_holder_l\"><span class=\"vc_sep_line\"><\/span><\/span><span class=\"vc_sep_holder vc_sep_holder_r\"><span class=\"vc_sep_line\"><\/span><\/span>\n<\/div>\n\t<div class=\"wpb_text_column wpb_content_element\" >\n\t\t<div class=\"wpb_wrapper\">\n\t\t\t<p><strong>Hinweise<\/strong><br \/>\nDiese Serie ist offen f\u00fcr alle.<br \/>\nDiese Gruppe besteht aus maximal 15 Teilnehmern.<br \/>\n<strong>Sprache:<\/strong> Dieses Reihe wird auf Deutsch sein. Dein Deutsch sollte flie\u00dfend genug sein, um eine Veranstaltung auf Deutsch zu folgen.<br \/>\n<strong>Wichtig<\/strong>: Du musst dich f\u00fcr die 6 Termine verpflichten.<br \/>\n<strong>Termine<\/strong>: 22.\/01, 12.\/02, 26.\/02, 12.\/03, 09.\/04, and 23.\/04.<br \/>\n<strong>Geschlossene Gruppe<\/strong>: Diese Struktur schafft eine vertrauensvolle Umgebung, in der Teilnehmer tiefergehende Verbindungen aufbauen k\u00f6nnen.<br \/>\n<strong>Kosten<\/strong>: kostenlos mit Anmeldung<\/p>\n<p><em>** Diese Veranstaltung ist Teil unseres Programms \u201a<strong><a href=\"http:\/\/wav.wearevillage.org\/village-quartiere\/addressing-queer-lonliness\" target=\"_blank\" rel=\"noopener\">Gemeinsam statt einsam<\/a><\/strong>\u201a, unterst\u00fctzt von der <strong><a href=\"https:\/\/www.berlin.de\/sen\/lads\/\" target=\"_blank\" rel=\"noopener\">LADS<\/a><\/strong>. <\/em><br \/>\n<em>Erfahre mehr \u00fcber das Programm <a href=\"http:\/\/wav.wearevillage.org\/village-quartiere\/addressing-queer-lonliness\" target=\"_blank\" rel=\"noopener\">hier<\/a>.<\/em><\/p>\n\n\t\t<\/div>\n\t<\/div>\n<\/div><\/div><\/div><\/div>\n<\/div>","protected":false},"excerpt":{"rendered":"<h5><strong>Geschlossene Gruppe | 6 Mal donnerstags | auf Deutsch*<\/strong><br \/>\nam 22.\/01, 12.\/02, 26.\/02, 12.\/03, 09.\/04, und 23.\/04.<br \/>\nkostenlos mit Anmeldung<\/h5>\n<p><strong>Die erste Gruppe ist bereits ausgebucht.<\/strong><\/p>\n<p><strong style=\"font-size: 16px;\">|<span style=\"color: #ec6c23;\"> LGBTQIA+ <\/span>|<\/strong><\/p>\n<p>In unserer Gruppenarbeit entstehen R\u00e4ume, in denen Zugeh\u00f6rigkeit und Austausch direkt erfahrbar werden. Pers\u00f6nliche Themen werden gemeinsam bearbeitet und Erfahrungen geteilt, wodurch neue Wege aus der Isolation erlebbar werden. Moderierte \u00dcbungen, Perspektivwechsel und gemeinsames Reflektieren f\u00f6rdern Verbundenheit, st\u00e4rken soziale Wirksamkeit und schaffen Strategien f\u00fcr tragf\u00e4hige Beziehungen, die \u00fcber die einzelnen Treffen hinaus wirken.<\/p>\n","protected":false},"author":12,"featured_media":37108,"template":"","meta":{"pmpro_default_level":"","inline_featured_image":false},"product_brand":[],"product_cat":[791,769,79],"product_tag":[469],"class_list":{"0":"post-37106","1":"product","2":"type-product","3":"status-publish","4":"has-post-thumbnail","6":"product_cat-gemeinsam-statt-einsam","7":"product_cat-kostenloser-zugang","8":"product_cat-monatliche-events","9":"product_tag-lgbtqiaplus","10":"pmpro-has-access","12":"first","13":"outofstock","14":"sold-individually","15":"purchasable","16":"product-type-variable"},"wpml_current_locale":"de_DE","wpml_translations":{"en_US":{"locale":"en_US","id":37107,"slug":"einsamkeitserien1-w04-2026","post_title":"Finding Community: Pathways Out of Loneliness","href":"http:\/\/wav.wearevillage.org\/en\/shop\/einsamkeitserien1\/w04-2026\/"}},"language":{"code":"de","locale":"","name":"","is_rtl":false},"_links":{"self":[{"href":"http:\/\/wav.wearevillage.org\/wp-json\/wp\/v2\/product\/37106","targetHints":{"allow":["GET"]}}],"collection":[{"href":"http:\/\/wav.wearevillage.org\/wp-json\/wp\/v2\/product"}],"about":[{"href":"http:\/\/wav.wearevillage.org\/wp-json\/wp\/v2\/types\/product"}],"author":[{"embeddable":true,"href":"http:\/\/wav.wearevillage.org\/wp-json\/wp\/v2\/users\/12"}],"wp:featuredmedia":[{"embeddable":true,"href":"http:\/\/wav.wearevillage.org\/wp-json\/wp\/v2\/media\/37108"}],"wp:attachment":[{"href":"http:\/\/wav.wearevillage.org\/wp-json\/wp\/v2\/media?parent=37106"}],"wp:term":[{"taxonomy":"product_brand","embeddable":true,"href":"http:\/\/wav.wearevillage.org\/wp-json\/wp\/v2\/product_brand?post=37106"},{"taxonomy":"product_cat","embeddable":true,"href":"http:\/\/wav.wearevillage.org\/wp-json\/wp\/v2\/product_cat?post=37106"},{"taxonomy":"product_tag","embeddable":true,"href":"http:\/\/wav.wearevillage.org\/wp-json\/wp\/v2\/product_tag?post=37106"}],"curies":[{"name":"wp","href":"https:\/\/api.w.org\/{rel}","templated":true}]}}