{"id":40333,"date":"2026-02-26T11:56:23","date_gmt":"2026-02-26T10:56:23","guid":{"rendered":"http:\/\/wav.wearevillage.org\/?post_type=product&#038;p=40333"},"modified":"2026-03-11T10:27:50","modified_gmt":"2026-03-11T09:27:50","slug":"sex-ist-peinlich-eine-einladung","status":"publish","type":"product","link":"http:\/\/wav.wearevillage.org\/shop\/sex-is-awkward\/w19-2026\/","title":{"rendered":"Sex ist Peinlich \u2013 eine Einladung"},"content":{"rendered":"<div class=\"wpb-content-wrapper\"><div class=\"vc_row wpb_row vc_row-fluid\"><div class=\"wpb_column vc_column_container vc_col-sm-12\"><div class=\"vc_column-inner\"><div class=\"wpb_wrapper\"><h4 style=\"text-align: left\" class=\"vc_custom_heading vc_do_custom_heading\" >Sex ist Peinlich - eine Einladung<\/h4><h5 style=\"text-align: left\" class=\"vc_custom_heading vc_do_custom_heading\" >Sex ist Peinlich - eine Einladung mit Raf und Jespa<\/h5>\n\t<div class=\"wpb_text_column wpb_content_element\" >\n\t\t<div class=\"wpb_wrapper\">\n\t\t\t<p>Raf und Jespa nehmen euch mit auf eine Reise durch die Unbeholfenheit, einander mit unseren K\u00f6rpern und all ihren Unterschieden zu begegnen, und durch unsere Annahmen dar\u00fcber, was das f\u00fcr unsere sexuellen Begegnungen bedeutet. Wir werden reden, spielen und mit unseren Annahmen und Unwissenheiten experimentieren, geleitet von unserer gemeinsamen Neugier.<\/p>\n<p>Dies ist eine Einladung an alle K\u00f6rper, ihre Schutzhaltung (und Scham) abzulegen und euch selbst aus einer queeren Perspektive zu erkunden.<\/p>\n<p>Dieser zweit\u00e4gige Workshop basiert auf somatischen und kreativen Methoden, die von Sexological Bodywork, Kink und Performance beeinflusst sind. Er beinhaltet m\u00f6glicherweise Nacktheit, Ber\u00fchrungen und viel Gel\u00e4chter.<\/p>\n\n\t\t<\/div>\n\t<\/div>\n<div class=\"vc_separator wpb_content_element vc_separator_align_center vc_sep_width_100 vc_sep_pos_align_center vc_separator_no_text vc_sep_color_grey wpb_content_element  wpb_content_element\" ><span class=\"vc_sep_holder vc_sep_holder_l\"><span class=\"vc_sep_line\"><\/span><\/span><span class=\"vc_sep_holder vc_sep_holder_r\"><span class=\"vc_sep_line\"><\/span><\/span>\n<\/div>\n\t<div class=\"wpb_text_column wpb_content_element\" >\n\t\t<div class=\"wpb_wrapper\">\n\t\t\t<p><img loading=\"lazy\" decoding=\"async\" class=\"wp-image-17583 alignleft\" src=\"http:\/\/wav.wearevillage.org\/wp-content\/uploads\/2024\/09\/bio_Raf-B.jpg\" alt=\"\" width=\"150\" height=\"167\" srcset=\"http:\/\/wav.wearevillage.org\/wp-content\/uploads\/2024\/09\/bio_Raf-B.jpg 409w, http:\/\/wav.wearevillage.org\/wp-content\/uploads\/2024\/09\/bio_Raf-B-270x300.jpg 270w, http:\/\/wav.wearevillage.org\/wp-content\/uploads\/2024\/09\/bio_Raf-B-135x150.jpg 135w, http:\/\/wav.wearevillage.org\/wp-content\/uploads\/2024\/09\/bio_Raf-B-390x433.jpg 390w\" sizes=\"auto, (max-width: 150px) 100vw, 150px\" \/> <strong>Raf<\/strong> (dey) ist ein_e wei\u00dfe_r, britische_r, transmaskuline_r, nicht-bin\u00e4re_r und queere_r, P\u00e4dagog_in, Moderator_in und Coach in den Bereichen Sexualit\u00e4t, Beziehungen, BDSM und Gesundheit in Berlin und London. Raf moderiert au\u00dferdem regelm\u00e4\u00dfig Gruppen in Berlin, unter anderem zu den Themen Tod und queeres Altern sowie praktische, kinkbezogene Workshops.<\/p>\n<p><img loading=\"lazy\" decoding=\"async\" class=\"wp-image-41247 alignleft\" src=\"http:\/\/wav.wearevillage.org\/wp-content\/uploads\/2026\/02\/wav-jespa.jpeg\" alt=\"\" width=\"150\" height=\"167\" srcset=\"http:\/\/wav.wearevillage.org\/wp-content\/uploads\/2026\/02\/wav-jespa.jpeg 481w, http:\/\/wav.wearevillage.org\/wp-content\/uploads\/2026\/02\/wav-jespa-270x300.jpeg 270w, http:\/\/wav.wearevillage.org\/wp-content\/uploads\/2026\/02\/wav-jespa-135x150.jpeg 135w, http:\/\/wav.wearevillage.org\/wp-content\/uploads\/2026\/02\/wav-jespa-390x433.jpeg 390w\" sizes=\"auto, (max-width: 150px) 100vw, 150px\" \/><strong>Jespa<\/strong> (er\/-) erlebt die Welt aus einer wei\u00dfen, neuro-spicy, weitgehend k\u00f6rperlich gesunden und schwulen, transmaskulinen Perspektive. Er arbeitet als Curiosity Coach rund um Sexualit\u00e4t und Somatik und als Performancek\u00fcnstler_, leitet Work\/Playshops und entwickelt kreative Rituale zu Verbindung, Kommunikation und sexueller Energie.<\/p>\n\n\t\t<\/div>\n\t<\/div>\n<div class=\"vc_separator wpb_content_element vc_separator_align_center vc_sep_width_100 vc_sep_pos_align_center vc_separator_no_text vc_sep_color_grey vc_custom_1731929558679 wpb_content_element  vc_custom_1731929558679 wpb_content_element\" ><span class=\"vc_sep_holder vc_sep_holder_l\"><span class=\"vc_sep_line\"><\/span><\/span><span class=\"vc_sep_holder vc_sep_holder_r\"><span class=\"vc_sep_line\"><\/span><\/span>\n<\/div>\n\t<div class=\"wpb_text_column wpb_content_element\" >\n\t\t<div class=\"wpb_wrapper\">\n\t\t\t<p><u><b>Hinweise<\/b><\/u><br \/>\n\u25cf Dieses Format ist f\u00fcr alle queeren LGBTQIA+, die Ber\u00fchrung in einer einvernehmlichen, unterst\u00fctzenden Atmosph\u00e4re erfahren m\u00f6chten.<br \/>\n\u25cf Bitte lege Wert auf pers\u00f6nliche Hygiene.<br \/>\n\u25cf Du solltest einen relativ entspannten Umgang mit Nacktheit haben. Diese Veranstaltung ist sinnlich und kann genitale Ber\u00fchrungen beinhalten, aber es geht nicht um Sex.<br \/>\n\u25cf Das Event wird je nach Teilnehmer*bed\u00fcrfnissen auf Englisch und\/oder Deutsch sein.<br \/>\n\u25cf Dieses Event ist auch zu einem erm\u00e4\u00dfigten Mitgliederpreis erh\u00e4ltlich \u2013 aber kein Bestandteil der kostenlosen monatlichen Mitgliederveranstaltungen.<br \/>\n\u25cf Erm\u00e4\u00dfigter Zugang m\u00f6glich auf schriftliche Anfrage an events@wearevillage.org<\/p>\n\n\t\t<\/div>\n\t<\/div>\n<\/div><\/div><\/div><\/div>\n<\/div>","protected":false},"excerpt":{"rendered":"<h5>Samstag und Sonntag<br \/>\n10:00 \u2013 17:00<\/h5>\n<p class=\"p1\"><strong>| <span style=\"color: #ec6c23;\">LGBTQIA+<\/span>\u00a0|<\/strong><\/p>\n<p>Raf und Jespa nehmen euch mit auf eine Reise durch die Unbeholfenheit, einander mit unseren K\u00f6rpern und all ihren Unterschieden zu begegnen, und durch unsere Annahmen dar\u00fcber, was das f\u00fcr unsere sexuellen Begegnungen bedeutet. Dieser zweit\u00e4gige Workshop basiert auf somatischen und kreativen Methoden, die von Sexological Bodywork, Kink und Performance beeinflusst sind.<\/p>\n","protected":false},"author":14,"featured_media":41245,"template":"","meta":{"pmpro_default_level":"","inline_featured_image":false},"product_brand":[],"product_cat":[83],"product_tag":[469],"class_list":{"0":"post-40333","1":"product","2":"type-product","3":"status-publish","4":"has-post-thumbnail","6":"product_cat-workshops","7":"product_tag-lgbtqiaplus","8":"pmpro-has-access","10":"first","11":"instock","12":"purchasable","13":"product-type-variable","14":"has-default-attributes"},"wpml_current_locale":"de_DE","wpml_translations":{"en_US":{"locale":"en_US","id":40336,"slug":"sex-ist-peinlich-eine-einladung","post_title":"Sex is Awkward - let's embrace it!","href":"http:\/\/wav.wearevillage.org\/en\/shop\/sex-is-awkward\/w19-2026"}},"language":{"code":"de","locale":"","name":"","is_rtl":false},"_links":{"self":[{"href":"http:\/\/wav.wearevillage.org\/wp-json\/wp\/v2\/product\/40333","targetHints":{"allow":["GET"]}}],"collection":[{"href":"http:\/\/wav.wearevillage.org\/wp-json\/wp\/v2\/product"}],"about":[{"href":"http:\/\/wav.wearevillage.org\/wp-json\/wp\/v2\/types\/product"}],"author":[{"embeddable":true,"href":"http:\/\/wav.wearevillage.org\/wp-json\/wp\/v2\/users\/14"}],"wp:featuredmedia":[{"embeddable":true,"href":"http:\/\/wav.wearevillage.org\/wp-json\/wp\/v2\/media\/41245"}],"wp:attachment":[{"href":"http:\/\/wav.wearevillage.org\/wp-json\/wp\/v2\/media?parent=40333"}],"wp:term":[{"taxonomy":"product_brand","embeddable":true,"href":"http:\/\/wav.wearevillage.org\/wp-json\/wp\/v2\/product_brand?post=40333"},{"taxonomy":"product_cat","embeddable":true,"href":"http:\/\/wav.wearevillage.org\/wp-json\/wp\/v2\/product_cat?post=40333"},{"taxonomy":"product_tag","embeddable":true,"href":"http:\/\/wav.wearevillage.org\/wp-json\/wp\/v2\/product_tag?post=40333"}],"curies":[{"name":"wp","href":"https:\/\/api.w.org\/{rel}","templated":true}]}}