{"id":40355,"date":"2026-02-26T14:02:32","date_gmt":"2026-02-26T13:02:32","guid":{"rendered":"http:\/\/wav.wearevillage.org\/?post_type=product&#038;p=40355"},"modified":"2026-04-14T23:53:43","modified_gmt":"2026-04-14T21:53:43","slug":"extend-3","status":"publish","type":"product","link":"http:\/\/wav.wearevillage.org\/shop\/extend\/w16-2026\/","title":{"rendered":"e*xtend"},"content":{"rendered":"<div class=\"wpb-content-wrapper\"><div class=\"vc_row wpb_row vc_row-fluid\"><\/div><div class=\"wpb_column vc_column_container vc_col-sm-12\"><div class=\"vc_column-inner\"><div class=\"wpb_wrapper\"><\/div><\/div><\/div>\n\t<div class=\"wpb_text_column wpb_content_element\" >\n\t\t<div class=\"wpb_wrapper\">\n\t\t\t<p><span style=\"font-weight: 400;\">Wir schaffen einen Raum, in dem Pr\u00e4senz wichtiger ist als Performance (einen Meerjungfrauentanz oder einen Schreibworkshop kann man nicht halbherzig machen \u2013 man muss wirklich da sein).<\/span><br \/>\n<b>e*xtend<\/b><span style=\"font-weight: 400;\"> ist eine Initiative f\u00fcr Queere Menschen, die nicht so einfach an Pr\u00e4senzveranstaltungen teilnehmen k\u00f6nnen. Das schlie\u00dft Menschen in kleineren St\u00e4dten, l\u00e4ndlichen Gebieten und unterversorgten Regionen ein, sowie alle, denen es schwerf\u00e4llt, nach Berlin zu reisen, um das Village pers\u00f6nlich zu erleben.<br \/>\n<\/span>F\u00fcr diejenigen, die bereits Teil der Community sind, bietet <b>e*xtend<\/b> eine M\u00f6glichkeit, zwischen den Festivals und \u00fcber Grenzen hinweg in Verbindung zu bleiben, sowie Workshops aus dem Herzen der Stretch- und Village-Communities anzubieten oder zu erleben.<\/p>\n\n\t\t<\/div>\n\t<\/div>\n<div class=\"vc_separator wpb_content_element vc_separator_align_center vc_sep_width_100 vc_sep_pos_align_center vc_separator_no_text vc_sep_color_grey wpb_content_element  wpb_content_element\" ><span class=\"vc_sep_holder vc_sep_holder_l\"><span class=\"vc_sep_line\"><\/span><\/span><span class=\"vc_sep_holder vc_sep_holder_r\"><span class=\"vc_sep_line\"><\/span><\/span>\n<\/div><div class=\"vc_row wpb_row vc_row-fluid\"><div class=\"wpb_column vc_column_container vc_col-sm-12\"><div class=\"vc_column-inner\"><div class=\"wpb_wrapper\"><h4 style=\"text-align: left\" class=\"vc_custom_heading vc_do_custom_heading\" >Programm<\/h4>\n\t<div class=\"wpb_text_column wpb_content_element\" >\n\t\t<div class=\"wpb_wrapper\">\n\t\t\t<p><span style=\"font-weight: 400;\">Es wird bis zu 6 Livestream-Workshops \u00fcber den Tag verteilt geben. Du kannst bei einem workshop vorbeischauen oder am gesamten Programm teilnehmen.<br \/>\n<\/span><\/p>\n\n\t\t<\/div>\n\t<\/div>\n\n\t<div class=\"wpb_raw_code wpb_raw_html wpb_content_element\" >\n\t\t<div class=\"wpb_wrapper\">\n\t\t\t<iframe loading=\"lazy\" class=\"airtable-embed\" src=\"https:\/\/airtable.com\/embed\/apprJ1lpOPSvQPxtM\/shrqe4Pe85cVYWGa5\" frameborder=\"0\" onmousewheel=\"\" width=\"100%\" height=\"600\" style=\"background: transparent; border: 1px solid #ccc;\"><\/iframe>\n\t\t<\/div>\n\t<\/div>\n<div class=\"vc_separator wpb_content_element vc_separator_align_center vc_sep_width_100 vc_sep_pos_align_center vc_separator_no_text vc_sep_color_grey wpb_content_element  wpb_content_element\" ><span class=\"vc_sep_holder vc_sep_holder_l\"><span class=\"vc_sep_line\"><\/span><\/span><span class=\"vc_sep_holder vc_sep_holder_r\"><span class=\"vc_sep_line\"><\/span><\/span>\n<\/div><\/div><\/div><\/div><\/div><div class=\"vc_row wpb_row vc_row-fluid\"><div class=\"wpb_column vc_column_container vc_col-sm-12\"><div class=\"vc_column-inner\"><div class=\"wpb_wrapper\"><h4 style=\"text-align: left\" class=\"vc_custom_heading vc_do_custom_heading\" >Praktische Infos<\/h4>\n\t<div class=\"wpb_text_column wpb_content_element\" >\n\t\t<div class=\"wpb_wrapper\">\n\t\t\t<p><span style=\"font-weight: 400;\">e*xtend findet am Samstag, 18. April 2026 von 9:00 bis 17:00 Uhr MEZ (Berliner Zeit) statt.<\/span><span style=\"font-weight: 400;\"><br \/>\n<\/span><span style=\"font-weight: 400;\"> Um teilzunehmen, brauchst du eine stabile Internetverbindung, einen Laptop oder ein Smartphone \u2013 und Neugier.<\/span><\/p>\n\n\t\t<\/div>\n\t<\/div>\n<div class=\"vc_separator wpb_content_element vc_separator_align_center vc_sep_width_100 vc_sep_pos_align_center vc_separator_no_text vc_sep_color_grey wpb_content_element  wpb_content_element\" ><span class=\"vc_sep_holder vc_sep_holder_l\"><span class=\"vc_sep_line\"><\/span><\/span><span class=\"vc_sep_holder vc_sep_holder_r\"><span class=\"vc_sep_line\"><\/span><\/span>\n<\/div><\/div><\/div><\/div><\/div><div class=\"vc_row wpb_row vc_row-fluid\"><div class=\"wpb_column vc_column_container vc_col-sm-12\"><div class=\"vc_column-inner\"><div class=\"wpb_wrapper\"><h4 style=\"text-align: left\" class=\"vc_custom_heading vc_do_custom_heading\" >Als Facilitator*in bewerben<\/h4>\n\t<div class=\"wpb_text_column wpb_content_element\" >\n\t\t<div class=\"wpb_wrapper\">\n\t\t\t<p><span style=\"font-weight: 400;\">Hast du eine Workshop-Idee, die du schon l\u00e4nger mit Dir herumtr\u00e4gst? Hier ist ein guter Ort, sie auszuprobieren.<br \/>\n<\/span>Wir suchen Facilitators f\u00fcr Sessions und legen Wert auf eine vielf\u00e4ltige Mischung aus Hintergr\u00fcnden, Geschlechtsidentit\u00e4ten und Kulturen. Die Verg\u00fctung basiert auf Spenden und wird unter allen Facilitatorinnen geteilt. F\u00fclle hier unser <a href=\"https:\/\/airtable.com\/apprJ1lpOPSvQPxtM\/shr9GjMY1LRBrGPto\"><b>Bewerbungsformular<\/b><\/a> aus.<\/p>\n\n\t\t<\/div>\n\t<\/div>\n<div class=\"vc_separator wpb_content_element vc_separator_align_center vc_sep_width_100 vc_sep_pos_align_center vc_separator_no_text vc_sep_color_grey wpb_content_element  wpb_content_element\" ><span class=\"vc_sep_holder vc_sep_holder_l\"><span class=\"vc_sep_line\"><\/span><\/span><span class=\"vc_sep_holder vc_sep_holder_r\"><span class=\"vc_sep_line\"><\/span><\/span>\n<\/div><\/div><\/div><\/div><\/div><div class=\"vc_row wpb_row vc_row-fluid\"><div class=\"wpb_column vc_column_container vc_col-sm-12\"><div class=\"vc_column-inner\"><div class=\"wpb_wrapper\"><h4 style=\"text-align: left\" class=\"vc_custom_heading vc_do_custom_heading\" >Zahlungsbedingungen<\/h4>\n\t<div class=\"wpb_text_column wpb_content_element\" >\n\t\t<div class=\"wpb_wrapper\">\n\t\t\t<p><span style=\"font-weight: 400;\">Wir m\u00f6chten, dass alle queeren Menschen teilnehmen k\u00f6nnen, unabh\u00e4ngig von ihrer finanziellen Situation. e*xtend finanziert sich durch Spenden \u2013 zahle, was Dir m\u00f6glich ist. Dein Beitrag unterst\u00fctzt queere Moderator*innen und h\u00e4lt diesen Raum am Laufen.<\/span><\/p>\n<p><span style=\"font-weight: 400;\">e*xtend basiert auf Spenden: Zahle, was du kannst.<br \/>\n<\/span>Empfehlung: 25 \u20ac f\u00fcr den ganzen Tag oder 5\u201310 \u20ac pro Workshop.<br \/>\nDein Beitrag unterst\u00fctzt queere Facilitator*innen und h\u00e4lt den Raum von we are village am Leben.<br \/>\n<span style=\"font-weight: 400;\"><strong><a href=\"https:\/\/www.paypal.com\/donate\/?hosted_button_id=KC98QY4EE9VGA\" target=\"_blank\" rel=\"noopener\">Spende<\/a>\u00a0<\/strong><\/span><\/p>\n\n\t\t<\/div>\n\t<\/div>\n<\/div><\/div><\/div><\/div>\n<\/div>","protected":false},"excerpt":{"rendered":"<p><strong>von 09:00 bis 18:00 Uhr MEZ statt<\/strong><\/p>\n<p><strong>| <span style=\"color: #ec6c23;\">LGBTQIA+<\/span>\u00a0|<\/strong><\/p>\n<p><span style=\"font-weight: 400;\">Ein Tag online mit queeren Menschen aus aller Welt, um miteinander in Verbindung zu treten, Neues zu schaffen und etwas zu bewegen.<\/span><span style=\"font-weight: 400;\"><br \/>\n<\/span><span style=\"font-weight: 400;\"> e*xtend ist ein eint\u00e4giges Online-Treffen, das den Geist des Stretch Festivals von we are village weiterf\u00fchrt.<\/span><\/p>\n<p><strong>Die Teilnahme an diesem Event is spendenbasiert.<\/strong><\/p>\n<h6><span style=\"font-weight: 400;\"><strong><a href=\"https:\/\/www.paypal.com\/donate\/?hosted_button_id=KC98QY4EE9VGA\" target=\"_blank\" rel=\"noopener\">Spende<\/a>\u00a0<\/strong><\/span><\/h6>\n","protected":false},"author":12,"featured_media":40359,"template":"","meta":{"pmpro_default_level":"","inline_featured_image":false},"product_brand":[],"product_cat":[951,83],"product_tag":[469],"class_list":{"0":"post-40355","1":"product","2":"type-product","3":"status-publish","4":"has-post-thumbnail","6":"product_cat-online-event","7":"product_cat-workshops","8":"product_tag-lgbtqiaplus","9":"pmpro-has-access","11":"first","12":"instock","13":"purchasable","14":"product-type-simple"},"wpml_current_locale":"de_DE","wpml_translations":{"en_US":{"locale":"en_US","id":40356,"slug":"extend","post_title":"e*xtend","href":"http:\/\/wav.wearevillage.org\/en\/shop\/extend\/w16-2026"}},"language":{"code":"de","locale":"","name":"","is_rtl":false},"_links":{"self":[{"href":"http:\/\/wav.wearevillage.org\/wp-json\/wp\/v2\/product\/40355","targetHints":{"allow":["GET"]}}],"collection":[{"href":"http:\/\/wav.wearevillage.org\/wp-json\/wp\/v2\/product"}],"about":[{"href":"http:\/\/wav.wearevillage.org\/wp-json\/wp\/v2\/types\/product"}],"author":[{"embeddable":true,"href":"http:\/\/wav.wearevillage.org\/wp-json\/wp\/v2\/users\/12"}],"wp:featuredmedia":[{"embeddable":true,"href":"http:\/\/wav.wearevillage.org\/wp-json\/wp\/v2\/media\/40359"}],"wp:attachment":[{"href":"http:\/\/wav.wearevillage.org\/wp-json\/wp\/v2\/media?parent=40355"}],"wp:term":[{"taxonomy":"product_brand","embeddable":true,"href":"http:\/\/wav.wearevillage.org\/wp-json\/wp\/v2\/product_brand?post=40355"},{"taxonomy":"product_cat","embeddable":true,"href":"http:\/\/wav.wearevillage.org\/wp-json\/wp\/v2\/product_cat?post=40355"},{"taxonomy":"product_tag","embeddable":true,"href":"http:\/\/wav.wearevillage.org\/wp-json\/wp\/v2\/product_tag?post=40355"}],"curies":[{"name":"wp","href":"https:\/\/api.w.org\/{rel}","templated":true}]}}