{"id":41363,"date":"2026-03-17T10:02:56","date_gmt":"2026-03-17T09:02:56","guid":{"rendered":"http:\/\/wav.wearevillage.org\/?post_type=product&#038;p=41363"},"modified":"2026-03-27T08:17:55","modified_gmt":"2026-03-27T07:17:55","slug":"instinct-22-i-feel-you-like-the-moon-feels-the-earth","status":"publish","type":"product","link":"http:\/\/wav.wearevillage.org\/shop\/instinct-performance\/w14-2026\/","title":{"rendered":"Instinct #20 | I feel you like the moon feels the earth"},"content":{"rendered":"<div class=\"wpb-content-wrapper\"><div class=\"vc_row wpb_row vc_row-fluid\"><div class=\"wpb_column vc_column_container vc_col-sm-12\"><div class=\"vc_column-inner\"><div class=\"wpb_wrapper\"><h4 style=\"text-align: left\" class=\"vc_custom_heading vc_do_custom_heading\" >Instinct #20 | I feel you like the moon feels the earth<\/h4><h5 style=\"text-align: left\" class=\"vc_custom_heading vc_do_custom_heading\" >Performance by Ahmed El Gendy<\/h5>\n\t<div class=\"wpb_text_column wpb_content_element\" >\n\t\t<div class=\"wpb_wrapper\">\n\t\t\t\n\t\t<\/div>\n\t<\/div>\n\n\t<div class=\"wpb_text_column wpb_content_element\" >\n\t\t<div class=\"wpb_wrapper\">\n\t\t\t<p><strong>I feel you like the moon feels the earth<\/strong><br \/>\nPerformance \u2013 20 Minuten<br \/>\nEnglisch<\/p>\n<p>\u201eIch wollte nicht oben schlafen, weil es kalt war, und ich wagte nicht, neben ihm zu schlafen.\u201c<br \/>\nW\u00e4hrend das Publikum mich von Hand zu Hand weitergibt, erz\u00e4hle ich von meiner Erinnerung an eine lange Begegnung mit einem Fremden in Amsterdam. Ich verbrachte 24 Stunden schweigend mit ihm, lie\u00df ihn den Tag bestimmen \u2013 bei ihm zu Hause und drau\u00dfen \u2013 w\u00e4hrend ich still folgte.<\/p>\n\n\t\t<\/div>\n\t<\/div>\n<div class=\"vc_separator wpb_content_element vc_separator_align_center vc_sep_width_100 vc_sep_pos_align_center vc_separator_no_text vc_sep_color_grey wpb_content_element  wpb_content_element\" ><span class=\"vc_sep_holder vc_sep_holder_l\"><span class=\"vc_sep_line\"><\/span><\/span><span class=\"vc_sep_holder vc_sep_holder_r\"><span class=\"vc_sep_line\"><\/span><\/span>\n<\/div>\n\t<div class=\"wpb_text_column wpb_content_element\" >\n\t\t<div class=\"wpb_wrapper\">\n\t\t\t<article class=\"text-token-text-primary w-full focus:outline-none [--shadow-height:45px] has-data-writing-block:pointer-events-none has-data-writing-block:-mt-(--shadow-height) has-data-writing-block:pt-(--shadow-height) [&:has([data-writing-block])>*]:pointer-events-auto scroll-mt-(--header-height)\" dir=\"auto\" tabindex=\"-1\" data-turn-id=\"6efc39cc-7bb6-49b3-8804-119e73299d72\" data-testid=\"conversation-turn-1\" data-scroll-anchor=\"false\" data-turn=\"user\"><\/article>\n<article class=\"text-token-text-primary w-full focus:outline-none [--shadow-height:45px] has-data-writing-block:pointer-events-none has-data-writing-block:-mt-(--shadow-height) has-data-writing-block:pt-(--shadow-height) [&:has([data-writing-block])>*]:pointer-events-auto scroll-mt-[calc(var(--header-height)+min(200px,max(70px,20svh)))]\" dir=\"auto\" tabindex=\"-1\" data-turn-id=\"request-WEB:68761bd9-85e7-4276-bcb0-9991ad15c63e-0\" data-testid=\"conversation-turn-2\" data-scroll-anchor=\"true\" data-turn=\"assistant\">\n<div class=\"text-base my-auto mx-auto pb-10 [--thread-content-margin:var(--thread-content-margin-xs,calc(var(--spacing)*4))] @w-sm\/main:[--thread-content-margin:var(--thread-content-margin-sm,calc(var(--spacing)*6))] @w-lg\/main:[--thread-content-margin:var(--thread-content-margin-lg,calc(var(--spacing)*16))] px-(--thread-content-margin)\">\n<div class=\"[--thread-content-max-width:40rem] @w-lg\/main:[--thread-content-max-width:48rem] mx-auto max-w-(--thread-content-max-width) flex-1 group\/turn-messages focus-visible:outline-hidden relative flex w-full min-w-0 flex-col agent-turn\" tabindex=\"-1\">\n<div class=\"flex max-w-full flex-col gap-4 grow\">\n<div class=\"min-h-8 text-message relative flex w-full flex-col items-end gap-2 text-start break-words whitespace-normal [.text-message+&]:mt-1\" dir=\"auto\" data-message-author-role=\"assistant\" data-message-id=\"0b2c28c2-0dd0-429f-8c09-261fd7f86e3c\" data-message-model-slug=\"gpt-5-3\">\n<div class=\"flex w-full flex-col gap-1 empty:hidden\">\n<div class=\"markdown prose dark:prose-invert w-full wrap-break-word light markdown-new-styling\">\n<p><img loading=\"lazy\" decoding=\"async\" class=\"wp-image-41366 alignleft\" src=\"http:\/\/wav.wearevillage.org\/wp-content\/uploads\/2026\/03\/bio_Ahmed-El-Gendy-e1773738584580.jpg\" alt=\"\" width=\"150\" height=\"150\" srcset=\"http:\/\/wav.wearevillage.org\/wp-content\/uploads\/2026\/03\/bio_Ahmed-El-Gendy-e1773738584580.jpg 455w, http:\/\/wav.wearevillage.org\/wp-content\/uploads\/2026\/03\/bio_Ahmed-El-Gendy-e1773738584580-300x300.jpg 300w, http:\/\/wav.wearevillage.org\/wp-content\/uploads\/2026\/03\/bio_Ahmed-El-Gendy-e1773738584580-150x150.jpg 150w, http:\/\/wav.wearevillage.org\/wp-content\/uploads\/2026\/03\/bio_Ahmed-El-Gendy-e1773738584580-390x390.jpg 390w, http:\/\/wav.wearevillage.org\/wp-content\/uploads\/2026\/03\/bio_Ahmed-El-Gendy-e1773738584580-100x100.jpg 100w\" sizes=\"auto, (max-width: 150px) 100vw, 150px\" \/><\/p>\n<p data-start=\"0\" data-end=\"342\"><strong>Ahmed El Gendy<\/strong> (Kairo, 1987) ist eine \u00e4gyptisch-niederl\u00e4ndische k\u00fcnstlerisch t\u00e4tige Person mit Sitz in Amsterdam. Sie arbeiten mit Performance, Video und Text und erforschen dabei die Wunder und Lasten von Verflechtung und Begegnung. In ihrer Praxis, die sozial engagiert ist, bewegen sie sich an den R\u00e4ndern von Intimit\u00e4t, N\u00e4he und Ausdauer.<\/p>\n<p data-start=\"344\" data-end=\"586\" data-is-last-node=\"\" data-is-only-node=\"\">Ahmed hat einen Masterabschluss in Choreografie von der Amsterdam University of the Arts. Ihre Arbeiten wurden unter anderem auf der Mediterranea Biennale in Italien sowie beim Festifreak Festival f\u00fcr unabh\u00e4ngigen Film in Argentinien gezeigt.<\/p>\n<p><a href=\"https:\/\/ahmedelgendy.nl\/\">https:\/\/ahmedelgendy.nl\/<\/a><\/p>\n<\/div>\n<\/div>\n<\/div>\n<\/div>\n<\/div>\n<\/div>\n<\/article>\n\n\t\t<\/div>\n\t<\/div>\n<div class=\"vc_separator wpb_content_element vc_separator_align_center vc_sep_width_100 vc_sep_pos_align_center vc_separator_no_text vc_sep_color_grey wpb_content_element  wpb_content_element\" ><span class=\"vc_sep_holder vc_sep_holder_l\"><span class=\"vc_sep_line\"><\/span><\/span><span class=\"vc_sep_holder vc_sep_holder_r\"><span class=\"vc_sep_line\"><\/span><\/span>\n<\/div>\n\t<div class=\"wpb_text_column wpb_content_element\" >\n\t\t<div class=\"wpb_wrapper\">\n\t\t\t<p><strong>\u00dcber Instinct<br \/>\n<\/strong>Instinct.berlin ist eine Kunstorganisation, die zweimal j\u00e4hrlich Ausstellungen mit queeren K\u00fcnstler:innen im Village, einem Community Center f\u00fcr queere Menschen in Berlin, pr\u00e4sentiert. Diese Ausstellungen, zusammen mit Performances und Gespr\u00e4chen, f\u00f6rdern die Interaktion zwischen K\u00fcnstler:innen und der lokalen Community.<\/p>\n<p>Das Residenzprogramm erm\u00f6glicht es den K\u00fcnstler:innen, sich intensiv mit der lebendigen Atmosph\u00e4re des Village auseinanderzusetzen und eine Br\u00fccke zwischen ihrer Arbeit und der breiteren queeren Community zu schlagen. Diese Zusammenarbeit bereichert den kulturellen Dialog und unterst\u00fctzt die Entwicklung queerer Kunstprojekte, was sowohl den K\u00fcnstlerinnen als auch der Gemeinschaft insgesamt zugutekommt.<\/p>\n\n\t\t<\/div>\n\t<\/div>\n<div class=\"vc_separator wpb_content_element vc_separator_align_center vc_sep_width_100 vc_sep_pos_align_center vc_separator_no_text vc_sep_color_grey wpb_content_element  wpb_content_element\" ><span class=\"vc_sep_holder vc_sep_holder_l\"><span class=\"vc_sep_line\"><\/span><\/span><span class=\"vc_sep_holder vc_sep_holder_r\"><span class=\"vc_sep_line\"><\/span><\/span>\n<\/div>\n\t<div class=\"wpb_text_column wpb_content_element\" >\n\t\t<div class=\"wpb_wrapper\">\n\t\t\t<div class=\"page\" title=\"Page 1\">\n<div class=\"section\">\n<div class=\"layoutArea\">\n<div class=\"column\">\n<div class=\"page\" title=\"Page 1\">\n<div class=\"section\">\n<div class=\"layoutArea\">\n<div class=\"column\">\n<p>Schau auf <strong><a href=\"https:\/\/www.instinct.berlin\/\">www.instinct.berlin<\/a><\/strong> vorbei, um die K\u00fcnstler, Programmdetails und \u00d6ffnungszeiten zu finden.<\/p>\n<\/div>\n<\/div>\n<\/div>\n<\/div>\n<\/div>\n<\/div>\n<\/div>\n<\/div>\n\n\t\t<\/div>\n\t<\/div>\n<\/div><\/div><\/div><\/div>\n<\/div>","protected":false},"excerpt":{"rendered":"<p><strong>Instinct #20<br \/>\n20:00 \u2013 20:30<\/strong><\/p>\n<p class=\"p1\"><strong>| <span style=\"color: #ec6c23;\">LGBTQI+ <\/span>|<\/strong><\/p>\n<p>F\u00fcr Instinct #20 pr\u00e4sentiert Ahmed El Gendy <em><strong>I feel you like the moon feels the earth<\/strong><\/em>, eine 20-min\u00fctige Performance (auf Englisch gesprochen), die einer Erinnerung an N\u00e4he, Stille und der aufgeladenen Z\u00e4rtlichkeit des Sich-F\u00fchren-Lassens nachsp\u00fcrt.<\/p>\n<p>Die Arbeit beginnt mit einer einfachen Feststellung: \u201eIch wollte nicht oben schlafen, weil es kalt war, und ich wagte nicht, neben ihm zu schlafen.\u201c\u2014und \u00f6ffnet sich zu einer Erz\u00e4hlung einer 24-st\u00fcndigen Begegnung mit einem Fremden in Amsterdam, die ohne Worte gelebt wurde.<\/p>\n","protected":false},"author":12,"featured_media":41631,"template":"","meta":{"pmpro_default_level":"","inline_featured_image":false},"product_brand":[],"product_cat":[769],"product_tag":[469],"class_list":{"0":"post-41363","1":"product","2":"type-product","3":"status-publish","4":"has-post-thumbnail","6":"product_cat-kostenloser-zugang","7":"product_tag-lgbtqiaplus","8":"pmpro-has-access","10":"first","11":"outofstock","12":"product-type-simple"},"wpml_current_locale":"de_DE","wpml_translations":{"en_US":{"locale":"en_US","id":41364,"slug":"instinct-22-i-feel-you-like-the-moon-feels-the-earth","post_title":"Instinct #20 | I feel you like the moon feels the earth","href":"http:\/\/wav.wearevillage.org\/en\/shop\/instinct-performance\/w14-2026"}},"language":{"code":"de","locale":"","name":"","is_rtl":false},"_links":{"self":[{"href":"http:\/\/wav.wearevillage.org\/wp-json\/wp\/v2\/product\/41363","targetHints":{"allow":["GET"]}}],"collection":[{"href":"http:\/\/wav.wearevillage.org\/wp-json\/wp\/v2\/product"}],"about":[{"href":"http:\/\/wav.wearevillage.org\/wp-json\/wp\/v2\/types\/product"}],"author":[{"embeddable":true,"href":"http:\/\/wav.wearevillage.org\/wp-json\/wp\/v2\/users\/12"}],"wp:featuredmedia":[{"embeddable":true,"href":"http:\/\/wav.wearevillage.org\/wp-json\/wp\/v2\/media\/41631"}],"wp:attachment":[{"href":"http:\/\/wav.wearevillage.org\/wp-json\/wp\/v2\/media?parent=41363"}],"wp:term":[{"taxonomy":"product_brand","embeddable":true,"href":"http:\/\/wav.wearevillage.org\/wp-json\/wp\/v2\/product_brand?post=41363"},{"taxonomy":"product_cat","embeddable":true,"href":"http:\/\/wav.wearevillage.org\/wp-json\/wp\/v2\/product_cat?post=41363"},{"taxonomy":"product_tag","embeddable":true,"href":"http:\/\/wav.wearevillage.org\/wp-json\/wp\/v2\/product_tag?post=41363"}],"curies":[{"name":"wp","href":"https:\/\/api.w.org\/{rel}","templated":true}]}}