{"id":41549,"date":"2026-03-18T14:50:34","date_gmt":"2026-03-18T13:50:34","guid":{"rendered":"http:\/\/wav.wearevillage.org\/?post_type=product&#038;p=41549"},"modified":"2026-03-31T20:33:15","modified_gmt":"2026-03-31T18:33:15","slug":"film-night-totally-fed-up","status":"publish","type":"product","link":"http:\/\/wav.wearevillage.org\/shop\/village-film\/w18-2026\/","title":{"rendered":"Film Night \u2013 Totally F***ed Up"},"content":{"rendered":"<div class=\"wpb-content-wrapper\"><div class=\"vc_row wpb_row vc_row-fluid\"><div class=\"wpb_column vc_column_container vc_col-sm-12\"><div class=\"vc_column-inner\"><div class=\"wpb_wrapper\"><h4 style=\"text-align: left\" class=\"vc_custom_heading vc_do_custom_heading\" >Village Film Night - Totally F***ed Up<\/h4><h5 style=\"text-align: left\" class=\"vc_custom_heading vc_do_custom_heading\" >Gast: Pierre Em\u00f6<\/h5>\n\t<div class=\"wpb_text_column wpb_content_element\" >\n\t\t<div class=\"wpb_wrapper\">\n\t\t\t<p><strong>Totally F***ed Up<br \/>\n<\/strong>Regie: <strong>Gregg Araki<br \/>\n<\/strong><strong>USA<\/strong>, 1993 \u2013 78 Min.<br \/>\n<strong>Englisch mit franz\u00f6sischen Untertiteln<\/strong><\/p>\n<p>In f\u00fcnfzehn kantigen Episoden st\u00fcrzt sich <strong>TOTALLY F***ED UP<\/strong> kopf\u00fcber in das Leben einer Gruppe queerer, entfremdeter Teenager aus Los Angeles, die eine Art improvisierte Familie bilden, w\u00e4hrend sie sich durch Begehren und Herzschmerz, gesellschaftliche und famili\u00e4re Zur\u00fcckweisung sowie die Entfremdung des schwulen Erwachsenwerdens in einer \u00c4ra unabl\u00e4ssiger Moralisierung bewegen.<\/p>\n<p>Sowohl eine trotzig rohe Hymne auf das Au\u00dfenseitertum als auch eine w\u00fctende Abrechnung mit der zutiefst amerikanischen Homophobie: Arakis Antwort auf die Teenie-Kom\u00f6dien der 1980er-Jahre f\u00e4ngt jugendliche Verzweiflung mit einer Unmittelbarkeit ein, die noch immer nachhallt.<\/p>\n<p>Auf Super-8 gedreht und dann auf 35mm-Film \u00fcbertragen, ergibt der einzigartige technische Ansatz eine beeindruckende \u00c4sthetik. Der vertr\u00e4umte Soundtrack von Coil vollendet den berauschenden Effekt. Dieser Film ist ein Meilenstein im experimentellen Kino und wird f\u00fcr seine traumhafte Qualit\u00e4t und k\u00fcnstlerische Innovation gefeiert.<\/p>\n\n\t\t<\/div>\n\t<\/div>\n<div class=\"vc_separator wpb_content_element vc_separator_align_center vc_sep_width_100 vc_sep_pos_align_center vc_separator_no_text vc_sep_color_grey wpb_content_element  wpb_content_element\" ><span class=\"vc_sep_holder vc_sep_holder_l\"><span class=\"vc_sep_line\"><\/span><\/span><span class=\"vc_sep_holder vc_sep_holder_r\"><span class=\"vc_sep_line\"><\/span><\/span>\n<\/div>\n\t<div class=\"wpb_text_column wpb_content_element\" >\n\t\t<div class=\"wpb_wrapper\">\n\t\t\t<p><strong>\u00dcber die Filmnacht am Village<\/strong><br \/>\nDie monatliche Filmnacht von we are village hat sich zu einem Muss f\u00fcr Cineasten entwickelt, die eine Auswahl an beliebten Klassikern genie\u00dfen wollen. Das Programm umfasst eine breite Erkundung queerer und nicht-normativer Perspektiven in verschiedenen Genres und k\u00fcnstlerischen Stilen, die \u00fcber LGBTQIA+Themen hinausgehen. Nach jeder Vorf\u00fchrung werden die G\u00e4ste zum Verweilen und zur Teilnahme an entspannten Gruppendiskussionen \u00fcber die Filme und damit verbundene Themen eingeladen.<\/p>\n\n\t\t<\/div>\n\t<\/div>\n<div class=\"vc_separator wpb_content_element vc_separator_align_center vc_sep_width_100 vc_sep_pos_align_center vc_separator_no_text vc_sep_color_grey wpb_content_element  wpb_content_element\" ><span class=\"vc_sep_holder vc_sep_holder_l\"><span class=\"vc_sep_line\"><\/span><\/span><span class=\"vc_sep_holder vc_sep_holder_r\"><span class=\"vc_sep_line\"><\/span><\/span>\n<\/div>\n\t<div class=\"wpb_text_column wpb_content_element\" >\n\t\t<div class=\"wpb_wrapper\">\n\t\t\t<p><img loading=\"lazy\" decoding=\"async\" class=\" wp-image-2218 alignleft\" src=\"http:\/\/wav.wearevillage.org\/wp-content\/uploads\/2022\/12\/Pierre_Emoe-271x300.jpg\" alt=\"\" width=\"162\" height=\"179\" srcset=\"http:\/\/wav.wearevillage.org\/wp-content\/uploads\/2022\/12\/Pierre_Emoe-271x300.jpg 271w, http:\/\/wav.wearevillage.org\/wp-content\/uploads\/2022\/12\/Pierre_Emoe-136x150.jpg 136w, http:\/\/wav.wearevillage.org\/wp-content\/uploads\/2022\/12\/Pierre_Emoe-624x690.jpg 624w, http:\/\/wav.wearevillage.org\/wp-content\/uploads\/2022\/12\/Pierre_Emoe-390x431.jpg 390w, http:\/\/wav.wearevillage.org\/wp-content\/uploads\/2022\/12\/Pierre_Emoe-600x663.jpg 600w, http:\/\/wav.wearevillage.org\/wp-content\/uploads\/2022\/12\/Pierre_Emoe.jpg 700w\" sizes=\"auto, (max-width: 162px) 100vw, 162px\" \/><strong>Pierre Em\u00f6<\/strong>, urspr\u00fcnglich aus Frankreich, lebt in Berlin und arbeitet in Film, Theater, Performance und Modeling. Er spielte in Filmen wie Yann Gonzalez\u2019 Knife + Heart, Bruce La Bruce\u2019s It Is Not the Pornographer That Is Perverse\u2026 und Henrika Kulls Bliss. Auf der B\u00fchne trat er in Decameron und The Valkyrie auf. Er war Teil der Ausstellung Fenster zum Klo im Schwulen Museum Berlin und tourt derzeit mit Matthieu Hocquemillers Performance The Ethics. Em\u00f6 ist auch Mitglied des Kollektivs Pornceptual.<\/p>\n\n\t\t<\/div>\n\t<\/div>\n<div class=\"vc_separator wpb_content_element vc_separator_align_center vc_sep_width_100 vc_sep_pos_align_center vc_separator_no_text vc_sep_color_grey vc_custom_1724778095340 wpb_content_element  vc_custom_1724778095340 wpb_content_element\" ><span class=\"vc_sep_holder vc_sep_holder_l\"><span class=\"vc_sep_line\"><\/span><\/span><span class=\"vc_sep_holder vc_sep_holder_r\"><span class=\"vc_sep_line\"><\/span><\/span>\n<\/div>\n\t<div class=\"wpb_text_column wpb_content_element\" >\n\t\t<div class=\"wpb_wrapper\">\n\t\t\t<p><b>Hinweise:<br \/>\n<\/b><strong>Sprache<\/strong>: Die Veranstaltung wird auf Englisch abgehalten.<br \/>\n<strong>Kosten<\/strong>: Die Veranstaltung ist f\u00fcr alle zug\u00e4nglich und kostenlos.<\/p>\n<p><em>** Diese Veranstaltung ist Teil unseres Programms \u201a<strong><a href=\"http:\/\/wav.wearevillage.org\/village-quartiere\/addressing-queer-lonliness\" target=\"_blank\" rel=\"noopener\">Gemeinsam statt einsam<\/a><\/strong>\u201a, unterst\u00fctzt von der <strong><a href=\"https:\/\/www.berlin.de\/sen\/lads\/\" target=\"_blank\" rel=\"noopener\">LADS<\/a><\/strong>. <\/em><br \/>\n<em>Erfahre mehr \u00fcber das Programm <a href=\"http:\/\/wav.wearevillage.org\/village-quartiere\/addressing-queer-lonliness\" target=\"_blank\" rel=\"noopener\">hier<\/a>.<\/em><\/p>\n\n\t\t<\/div>\n\t<\/div>\n<\/div><\/div><\/div><\/div>\n<\/div>","protected":false},"excerpt":{"rendered":"<h5>Dienstags (einmal im Monat)<br \/>\n20:00 \u2013 22:30<br \/>\nEintritt frei<\/h5>\n<p class=\"p1\"><strong>| <span style=\"color: #ec6c23;\">LGBTQIA+<\/span> |<\/strong><\/p>\n<p><strong>Totally F***ed Up<br \/>\n<\/strong>Regie: <strong>Gregg Araki<br \/>\n<\/strong><strong>USA<\/strong>, 1993 \u2013 78 Min.<br \/>\n<strong>Englisch mit franz\u00f6sischen Untertiteln<\/strong><\/p>\n<p>In f\u00fcnfzehn kantigen Episoden st\u00fcrzt sich <strong>TOTALLY F***ED UP<\/strong> kopf\u00fcber in das Leben einer Gruppe queerer, entfremdeter Teenager aus Los Angeles, die eine Art improvisierte Familie bilden, w\u00e4hrend sie sich durch Begehren und Herzschmerz, gesellschaftliche und famili\u00e4re Zur\u00fcckweisung sowie die Entfremdung des schwulen Erwachsenwerdens in einer \u00c4ra unabl\u00e4ssiger Moralisierung bewegen.<\/p>\n","protected":false},"author":12,"featured_media":41620,"template":"","meta":{"pmpro_default_level":"","inline_featured_image":false},"product_brand":[],"product_cat":[77,76,769,79],"product_tag":[469],"class_list":{"0":"post-41549","1":"product","2":"type-product","3":"status-publish","4":"has-post-thumbnail","6":"product_cat-community-events","7":"product_cat-ausstellung","8":"product_cat-kostenloser-zugang","9":"product_cat-monatliche-events","10":"product_tag-lgbtqiaplus","11":"pmpro-has-access","13":"first","14":"instock","15":"sold-individually","16":"purchasable","17":"product-type-simple"},"wpml_current_locale":"de_DE","wpml_translations":{"en_US":{"locale":"en_US","id":41550,"slug":"film-night-totally-fed-up","post_title":"Film Night - Totally F***ed Up","href":"http:\/\/wav.wearevillage.org\/en\/shop\/village-film\/w18-2026"}},"language":{"code":"de","locale":"","name":"","is_rtl":false},"_links":{"self":[{"href":"http:\/\/wav.wearevillage.org\/wp-json\/wp\/v2\/product\/41549","targetHints":{"allow":["GET"]}}],"collection":[{"href":"http:\/\/wav.wearevillage.org\/wp-json\/wp\/v2\/product"}],"about":[{"href":"http:\/\/wav.wearevillage.org\/wp-json\/wp\/v2\/types\/product"}],"author":[{"embeddable":true,"href":"http:\/\/wav.wearevillage.org\/wp-json\/wp\/v2\/users\/12"}],"wp:featuredmedia":[{"embeddable":true,"href":"http:\/\/wav.wearevillage.org\/wp-json\/wp\/v2\/media\/41620"}],"wp:attachment":[{"href":"http:\/\/wav.wearevillage.org\/wp-json\/wp\/v2\/media?parent=41549"}],"wp:term":[{"taxonomy":"product_brand","embeddable":true,"href":"http:\/\/wav.wearevillage.org\/wp-json\/wp\/v2\/product_brand?post=41549"},{"taxonomy":"product_cat","embeddable":true,"href":"http:\/\/wav.wearevillage.org\/wp-json\/wp\/v2\/product_cat?post=41549"},{"taxonomy":"product_tag","embeddable":true,"href":"http:\/\/wav.wearevillage.org\/wp-json\/wp\/v2\/product_tag?post=41549"}],"curies":[{"name":"wp","href":"https:\/\/api.w.org\/{rel}","templated":true}]}}