{"id":41595,"date":"2026-03-20T11:10:06","date_gmt":"2026-03-20T10:10:06","guid":{"rendered":"http:\/\/wav.wearevillage.org\/?post_type=product&#038;p=41595"},"modified":"2026-03-21T12:35:47","modified_gmt":"2026-03-21T11:35:47","slug":"open-writing-circle-26","status":"publish","type":"product","link":"http:\/\/wav.wearevillage.org\/shop\/writing-circle\/w12-2026\/","title":{"rendered":"Open writing circle"},"content":{"rendered":"<div class=\"wpb-content-wrapper\"><div class=\"vc_row wpb_row vc_row-fluid\"><div class=\"wpb_column vc_column_container vc_col-sm-12\"><div class=\"vc_column-inner\"><div class=\"wpb_wrapper\"><h4 style=\"text-align: left\" class=\"vc_custom_heading vc_do_custom_heading\" >Open writing circle<\/h4><h5 style=\"text-align: left\" class=\"vc_custom_heading vc_do_custom_heading\" >Gast: Gugulethu Duma (aka Dumama)<\/h5>\n\t<div class=\"wpb_text_column wpb_content_element\" >\n\t\t<div class=\"wpb_wrapper\">\n\t\t\t<p><strong>Softening, Observing, Allowing: Schreiben mit dem K\u00f6rper<br \/>\n<\/strong>Dieser Workshop l\u00e4dt Sie zu einem sanften, verk\u00f6rperten Zugang zur Sprache ein. Verwurzelt in somatischer Praxis und Gugulethus Body-Noise-Methodik f\u00fchren wir Sie durch Atemarbeit, Stimmaktivierung und angeleitete Reflexion. Durch Bewegung, Wortassoziationen sowie das Schreiben als Antwort auf Impulse und poetische Anker entstehen neue Texte.<\/p>\n<p>Als Facilitatorin interessiert sich Dumama daf\u00fcr, wie wir in unserer Ganzheit erscheinen k\u00f6nnen \u2013 ohne Scham oder Urteil \u2013 und wie mehrdimensionale Texte in Beziehung zum gegenw\u00e4rtigen Moment entstehen d\u00fcrfen. Dieser Workshop bewegt sich wie eine Art Care-Labor: ein Raum, in dem wir kollektiv mit dem sein k\u00f6nnen, was gerade da ist \u2013 sanft, gemeinsam. Durch Impulse, Freewriting und optionales Teilen h\u00e4lt Gugu den Raum f\u00fcr Schreiben als Praxis von F\u00fcrsorge, Loslassen und Selbstabstimmung.<\/p>\n<p>Dieser Workshop ist kostenlos. Die Teilnehmenden sind eingeladen, eine Spende mitzubringen, um die K\u00fcnstlerin zu unterst\u00fctzen.<\/p>\n\n\t\t<\/div>\n\t<\/div>\n<div class=\"vc_separator wpb_content_element vc_separator_align_center vc_sep_width_100 vc_sep_pos_align_center vc_separator_no_text vc_sep_color_grey wpb_content_element  wpb_content_element\" ><span class=\"vc_sep_holder vc_sep_holder_l\"><span class=\"vc_sep_line\"><\/span><\/span><span class=\"vc_sep_holder vc_sep_holder_r\"><span class=\"vc_sep_line\"><\/span><\/span>\n<\/div>\n\t<div class=\"wpb_text_column wpb_content_element\" >\n\t\t<div class=\"wpb_wrapper\">\n\t\t\t<p><strong>Worte und Geschichten wohnen in uns allen und warten darauf, entdeckt zu werden.<\/strong><\/p>\n<ul>\n<li>Unser monatlicher offener Schreibkreis l\u00e4dt Menschen mit allen Erfahrungsstufen im Schreiben ein, ihre Kreativit\u00e4t und Fantasie zu erforschen.In jeder Sitzung wird eine der vielen au\u00dfergew\u00f6hnlichen schreibenden, dichtenden oder k\u00fcnstlerisch t\u00e4tigen Personen Berlins ein lebendiges und kollektives Lernerlebnis gestalten.<\/li>\n<li>Ob du dich f\u00fcr Fiktion, Memoiren, Sachb\u00fccher oder Poesie interessierst, dieser unterst\u00fctzende Raum ermutigt dich, die Worte in deinem Inneren zu entdecken. Wir werden Techniken aus Schreibworkshops nutzen, um dein angeborenes Talent in einer kollaborativen Umgebung zu entfesseln, die einen dynamischen Austausch von Ideen und Einsichten erm\u00f6glicht.<\/li>\n<li>Dieser Workshop zielt darauf ab, einen best\u00e4rkenden, spielerischen und erm\u00e4chtigenden Raum f\u00fcr queere Menschen zu schaffen, um ihre Identit\u00e4ten zu erforschen, auszudr\u00fccken und zu feiern, sowie eine Plattform zu bieten, auf der die Geschichten der LGBTQIA+-Gemeinschaft geteilt, geh\u00f6rt und wertgesch\u00e4tzt werden k\u00f6nnen.<\/li>\n<\/ul>\n\n\t\t<\/div>\n\t<\/div>\n<div class=\"vc_separator wpb_content_element vc_separator_align_center vc_sep_width_100 vc_sep_pos_align_center vc_separator_no_text vc_sep_color_grey wpb_content_element  wpb_content_element\" ><span class=\"vc_sep_holder vc_sep_holder_l\"><span class=\"vc_sep_line\"><\/span><\/span><span class=\"vc_sep_holder vc_sep_holder_r\"><span class=\"vc_sep_line\"><\/span><\/span>\n<\/div>\n\t<div class=\"wpb_text_column wpb_content_element\" >\n\t\t<div class=\"wpb_wrapper\">\n\t\t\t<p><img loading=\"lazy\" decoding=\"async\" class=\"wp-image-41600 alignleft\" src=\"http:\/\/wav.wearevillage.org\/wp-content\/uploads\/2026\/03\/wav-team-Gugulethu-Duma-270x300.png\" alt=\"\" width=\"143\" height=\"159\" srcset=\"http:\/\/wav.wearevillage.org\/wp-content\/uploads\/2026\/03\/wav-team-Gugulethu-Duma-270x300.png 270w, http:\/\/wav.wearevillage.org\/wp-content\/uploads\/2026\/03\/wav-team-Gugulethu-Duma-135x150.png 135w, http:\/\/wav.wearevillage.org\/wp-content\/uploads\/2026\/03\/wav-team-Gugulethu-Duma-768x853.png 768w, http:\/\/wav.wearevillage.org\/wp-content\/uploads\/2026\/03\/wav-team-Gugulethu-Duma-624x693.png 624w, http:\/\/wav.wearevillage.org\/wp-content\/uploads\/2026\/03\/wav-team-Gugulethu-Duma-390x433.png 390w, http:\/\/wav.wearevillage.org\/wp-content\/uploads\/2026\/03\/wav-team-Gugulethu-Duma-600x667.png 600w, http:\/\/wav.wearevillage.org\/wp-content\/uploads\/2026\/03\/wav-team-Gugulethu-Duma.png 900w\" sizes=\"auto, (max-width: 143px) 100vw, 143px\" \/><strong>Gugulethu Duma<\/strong> (aka Dumama) ist eine Musikerin, Komponistin, Klangpoetin und kreative Produzentin aus der Provinz Ostkap in S\u00fcdafrika. In ihrer k\u00fcnstlerischen Praxis spielt sie mit der Dekonstruktion und Kritik archaischer Darstellungsformen in der s\u00fcdafrikanischen und afrikanischen Klang- und Performancekultur, w\u00e4hrend sie gleichzeitig Musik f\u00fcr sich selbst und andere komponiert. Als Geschichtenerz\u00e4hlerin und Texterin verwebt sie Kindheitslieder, Erz\u00e4hlungen und pers\u00f6nliche Erinnerungen mit elektronischen Nuancen und Gesten. Dabei experimentiert sie mit der Grenze zwischen traditioneller m\u00fcndlicher \u00dcberlieferung und einer futuristischen, global orientierten Poetik \u2013 eine Verk\u00f6rperung eines afrikanischen technologischen Bewusstseins. <strong>www.dumamamusic.com<\/strong><\/p>\n\n\t\t<\/div>\n\t<\/div>\n<div class=\"vc_separator wpb_content_element vc_separator_align_center vc_sep_width_100 vc_sep_pos_align_center vc_separator_no_text vc_sep_color_grey vc_custom_1731067047055 wpb_content_element  vc_custom_1731067047055 wpb_content_element\" ><span class=\"vc_sep_holder vc_sep_holder_l\"><span class=\"vc_sep_line\"><\/span><\/span><span class=\"vc_sep_holder vc_sep_holder_r\"><span class=\"vc_sep_line\"><\/span><\/span>\n<\/div>\n\t<div class=\"wpb_text_column wpb_content_element\" >\n\t\t<div class=\"wpb_wrapper\">\n\t\t\t<p><span style=\"text-decoration: underline;\"><strong>Hinweise<\/strong><\/span><br \/>\n<strong>Level<\/strong>: Es sind keine Vorkenntnisse erforderlich.<br \/>\n<strong>Sprache<\/strong>: W\u00e4hrend die Gruppe haupts\u00e4chlich auf Englisch durchgef\u00fchrt wird, bist du herzlich eingeladen, in jeder Sprache zu schreiben, in der du dich wohlf\u00fchlst.<br \/>\n<strong>Kosten<\/strong>: Diese Veranstaltung ist kostenlos.<br \/>\nWir laden au\u00dferdem alle Schreibenden ein, eine zuk\u00fcnftige Sitzung zu leiten \u2013 bitte kontaktiere uns f\u00fcr weitere Informationen.<\/p>\n<p><em>** Diese Veranstaltung ist Teil unseres Programms \u2018<strong><a href=\"http:\/\/wav.wearevillage.org\/village-quartiere\/addressing-queer-lonliness\" target=\"_blank\" rel=\"noopener\">Gemeinsam statt einsam<\/a><\/strong>\u2018, unterst\u00fctzt von der <strong><a href=\"https:\/\/www.berlin.de\/sen\/lads\/en\/\" target=\"_blank\" rel=\"noopener\">LADS<\/a><\/strong>. <\/em><br \/>\n<em>Erfahre mehr \u00fcber das Programm <a href=\"http:\/\/wav.wearevillage.org\/village-quartiere\/addressing-queer-lonliness\" target=\"_blank\" rel=\"noopener\">hier<\/a>.<\/em><\/p>\n\n\t\t<\/div>\n\t<\/div>\n<\/div><\/div><\/div><\/div>\n<\/div>","protected":false},"excerpt":{"rendered":"<h5>(einmal pro Monat)<br \/>\n19:00 \u2013 21:00<br \/>\nKostenlos mit Anmeldung<\/h5>\n<p class=\"p1\"><strong>|<span style=\"color: #ec6c23;\"> LGBTQIA+ <\/span>|<\/strong><\/p>\n<p><strong>Gast in diesem Monat:\u00a0<\/strong><strong> Gugulethu Duma (aka Dumama)<br \/>\n<\/strong><strong>Softening, Observing, Allowing: Schreiben mit dem K\u00f6rper<\/strong><\/p>\n<p>Dieser Workshop l\u00e4dt Sie zu einem sanften, verk\u00f6rperten Zugang zur Sprache ein. Verwurzelt in somatischer Praxis und Gugulethus Body-Noise-Methodik f\u00fchren wir Sie durch Atemarbeit, Stimmaktivierung und angeleitete Reflexion. Durch Bewegung, Wortassoziationen sowie das Schreiben als Antwort auf Impulse und poetische Anker entstehen neue Texte.<\/p>\n","protected":false},"author":12,"featured_media":41598,"template":"","meta":{"pmpro_default_level":"","inline_featured_image":false},"product_brand":[],"product_cat":[791,769,79],"product_tag":[469],"class_list":{"0":"post-41595","1":"product","2":"type-product","3":"status-publish","4":"has-post-thumbnail","6":"product_cat-gemeinsam-statt-einsam","7":"product_cat-kostenloser-zugang","8":"product_cat-monatliche-events","9":"product_tag-lgbtqiaplus","10":"pmpro-has-access","12":"first","13":"instock","14":"product-type-simple"},"wpml_current_locale":"de_DE","wpml_translations":{"en_US":{"locale":"en_US","id":41596,"slug":"open-writing-circle-copy","post_title":"Open writing circle","href":"http:\/\/wav.wearevillage.org\/en\/shop\/writing-circle\/w12-2026"}},"language":{"code":"de","locale":"","name":"","is_rtl":false},"_links":{"self":[{"href":"http:\/\/wav.wearevillage.org\/wp-json\/wp\/v2\/product\/41595","targetHints":{"allow":["GET"]}}],"collection":[{"href":"http:\/\/wav.wearevillage.org\/wp-json\/wp\/v2\/product"}],"about":[{"href":"http:\/\/wav.wearevillage.org\/wp-json\/wp\/v2\/types\/product"}],"author":[{"embeddable":true,"href":"http:\/\/wav.wearevillage.org\/wp-json\/wp\/v2\/users\/12"}],"wp:featuredmedia":[{"embeddable":true,"href":"http:\/\/wav.wearevillage.org\/wp-json\/wp\/v2\/media\/41598"}],"wp:attachment":[{"href":"http:\/\/wav.wearevillage.org\/wp-json\/wp\/v2\/media?parent=41595"}],"wp:term":[{"taxonomy":"product_brand","embeddable":true,"href":"http:\/\/wav.wearevillage.org\/wp-json\/wp\/v2\/product_brand?post=41595"},{"taxonomy":"product_cat","embeddable":true,"href":"http:\/\/wav.wearevillage.org\/wp-json\/wp\/v2\/product_cat?post=41595"},{"taxonomy":"product_tag","embeddable":true,"href":"http:\/\/wav.wearevillage.org\/wp-json\/wp\/v2\/product_tag?post=41595"}],"curies":[{"name":"wp","href":"https:\/\/api.w.org\/{rel}","templated":true}]}}