{"id":41636,"date":"2026-03-21T20:01:32","date_gmt":"2026-03-21T19:01:32","guid":{"rendered":"http:\/\/wav.wearevillage.org\/?post_type=product&#038;p=41636"},"modified":"2026-03-31T14:52:27","modified_gmt":"2026-03-31T12:52:27","slug":"instinct-20-film-screening","status":"publish","type":"product","link":"http:\/\/wav.wearevillage.org\/shop\/village-instinct-film\/w15-2026\/","title":{"rendered":"Instinct #20 | Film screening"},"content":{"rendered":"<div class=\"wpb-content-wrapper\"><div class=\"vc_row wpb_row vc_row-fluid\"><div class=\"wpb_column vc_column_container vc_col-sm-10\"><div class=\"vc_column-inner\"><div class=\"wpb_wrapper\"><\/div><\/div><\/div><div class=\"wpb_column vc_column_container vc_col-sm-2\"><div class=\"vc_column-inner\"><div class=\"wpb_wrapper\"><\/div><\/div><\/div><\/div><div class=\"vc_row wpb_row vc_row-fluid\"><div class=\"wpb_column vc_column_container vc_col-sm-12\"><div class=\"vc_column-inner\"><div class=\"wpb_wrapper\"><h4 style=\"text-align: left\" class=\"vc_custom_heading vc_do_custom_heading\" >Instinct #20 | Prinz in H\u00f6lleland<\/h4><h5 style=\"text-align: left\" class=\"vc_custom_heading vc_do_custom_heading\" >Instinct #20: Radical Empathy<\/h5>\n\t<div class=\"wpb_text_column wpb_content_element\" >\n\t\t<div class=\"wpb_wrapper\">\n\t\t\t<p><strong>Prinz in H\u00f6lleland<\/strong><br \/>\n<strong>Regie<\/strong>: Michael Stock<br \/>\n<strong>1993 \u2013 90 Min.<\/strong><br \/>\nDeutsch mit englischen Untertiteln<\/p>\n<p><strong>KKuratorischer Hinweis<br \/>\n<\/strong>Im Rahmen von Instinct #20: Radical Empathy pr\u00e4sentieren wir Prinz in H\u00f6lleland \u2013 einen Film, der keine Distanz zul\u00e4sst: Er blickt unmittelbar auf Abh\u00e4ngigkeit, Intimit\u00e4t und Zerfall und fragt, was es hei\u00dft, hinzusehen, ohne zu urteilen. Der Film wurde in die Berlinale\u2011Retrospektive \u201eLost in the 90s\u201c (2026) aufgenommen. Im Anschluss an die Vorf\u00fchrung findet ein Q&A mit Regisseur Michael Stock statt.<\/p>\n<p><strong>Synopsis<br \/>\n<\/strong>Kurz nach der Wiedervereinigung von West- und Ostdeutschland erz\u00e4hlt der Film vom Zerbrechen der Beziehung zwischen Jockel, einem politischen Aktivisten, und Stefan, einem heroinabh\u00e4ngigen Junkie, sowie von ihrer Verstrickung mit Micha, einem bisexuellen Mann. Eine zweite Handlungslinie folgt Sascha, Michas jungem Sohn, der in einer heruntergekommenen Welt aus Drogen und Armut aufw\u00e4chst. Sascha f\u00fchlt sich von dem unheimlichen, exhibitionistischen Puppenspieler Firlefanz angezogen, dessen groteske Puppen ein schwules M\u00e4rchen auff\u00fchren \u2013 als Spiegel der Beziehung zwischen Stefan und Jockel. Im Zentrum des Zerfalls steht der Dealer Ingolf, der die Figuren nicht mit Puppendr\u00e4hten, sondern mit Heroin \u201ean den F\u00e4den\u201c h\u00e4lt.<\/p>\n\n\t\t<\/div>\n\t<\/div>\n<\/div><\/div><\/div><\/div>\n<\/div>","protected":false},"excerpt":{"rendered":"<h5>Sonntag<br \/>\n17:00 \u2013 20:00<br \/>\nkostenlos mit Anmeldung<\/h5>\n<p class=\"p1\"><strong>| <span style=\"color: #ec6c23;\">LGBTQIA+<\/span>\u00a0|<\/strong><\/p>\n<p><strong>Prinz in H\u00f6lleland<\/strong><br \/>\n<strong>Regie<\/strong>: Michael Stock<br \/>\n<strong>1993 \u2013 90 Min.<\/strong><br \/>\nDeutsch mit englischen Untertiteln<\/p>\n<p>Kurz nach der Wiedervereinigung von West- und Ostdeutschland erz\u00e4hlt der Film vom Zerbrechen der Beziehung zwischen Jockel, einem politischen Aktivisten, und Stefan, einem heroinabh\u00e4ngigen Junkie, sowie von ihrer Verstrickung mit Micha, einem bisexuellen Mann.Eine zweite Handlungslinie folgt Sascha, Michas jungem Sohn, der in einer heruntergekommenen Welt aus Drogen und Armut aufw\u00e4chst. Sascha f\u00fchlt sich von dem unheimlichen, exhibitionistischen Puppenspieler Firlefanz angezogen, dessen groteske Puppen ein schwules M\u00e4rchen auff\u00fchren \u2013 als Spiegel der Beziehung zwischen Stefan und Jockel. Im Zentrum des Zerfalls steht der Dealer Ingolf, der die Figuren nicht mit Puppendr\u00e4hten, sondern mit Heroin \u201ean den F\u00e4den\u201c h\u00e4lt.<\/p>\n","protected":false},"author":12,"featured_media":41638,"template":"","meta":{"pmpro_default_level":"","inline_featured_image":false},"product_brand":[],"product_cat":[952,954,77,76],"product_tag":[469],"class_list":{"0":"post-41636","1":"product","2":"type-product","3":"status-publish","4":"has-post-thumbnail","6":"product_cat-radical-empathy","7":"product_cat-queer-connect","8":"product_cat-community-events","9":"product_cat-ausstellung","10":"product_tag-lgbtqiaplus","11":"pmpro-has-access","13":"first","14":"instock","15":"product-type-simple"},"wpml_current_locale":"de_DE","wpml_translations":{"en_US":{"locale":"en_US","id":41637,"slug":"instinct-14-film-screening-copy","post_title":"Instinct #20 | Film screening","href":"http:\/\/wav.wearevillage.org\/en\/shop\/village-instinct-film\/w15-2026"}},"language":{"code":"de","locale":"","name":"","is_rtl":false},"_links":{"self":[{"href":"http:\/\/wav.wearevillage.org\/wp-json\/wp\/v2\/product\/41636","targetHints":{"allow":["GET"]}}],"collection":[{"href":"http:\/\/wav.wearevillage.org\/wp-json\/wp\/v2\/product"}],"about":[{"href":"http:\/\/wav.wearevillage.org\/wp-json\/wp\/v2\/types\/product"}],"author":[{"embeddable":true,"href":"http:\/\/wav.wearevillage.org\/wp-json\/wp\/v2\/users\/12"}],"wp:featuredmedia":[{"embeddable":true,"href":"http:\/\/wav.wearevillage.org\/wp-json\/wp\/v2\/media\/41638"}],"wp:attachment":[{"href":"http:\/\/wav.wearevillage.org\/wp-json\/wp\/v2\/media?parent=41636"}],"wp:term":[{"taxonomy":"product_brand","embeddable":true,"href":"http:\/\/wav.wearevillage.org\/wp-json\/wp\/v2\/product_brand?post=41636"},{"taxonomy":"product_cat","embeddable":true,"href":"http:\/\/wav.wearevillage.org\/wp-json\/wp\/v2\/product_cat?post=41636"},{"taxonomy":"product_tag","embeddable":true,"href":"http:\/\/wav.wearevillage.org\/wp-json\/wp\/v2\/product_tag?post=41636"}],"curies":[{"name":"wp","href":"https:\/\/api.w.org\/{rel}","templated":true}]}}