{"id":41744,"date":"2026-03-24T16:09:55","date_gmt":"2026-03-24T15:09:55","guid":{"rendered":"http:\/\/wav.wearevillage.org\/?post_type=product&#038;p=41744"},"modified":"2026-03-26T21:14:24","modified_gmt":"2026-03-26T20:14:24","slug":"instinct-20-zwischen-fuersorge-und-konfrontation-queere-raeume-fragile-solidaritaeten-und-die-kunst-des-widerspruch","status":"publish","type":"product","link":"http:\/\/wav.wearevillage.org\/shop\/instinct-panel\/w15-2026\/","title":{"rendered":"Instinct #20 | Podiumsdiskussion"},"content":{"rendered":"<div class=\"wpb-content-wrapper\"><div class=\"vc_row wpb_row vc_row-fluid\"><div class=\"wpb_column vc_column_container vc_col-sm-12\"><div class=\"vc_column-inner\"><div class=\"wpb_wrapper\"><h4 style=\"text-align: left\" class=\"vc_custom_heading vc_do_custom_heading\" >Instinct #20 | Podiumsdiskussion Zwischen F\u00fcrsorge und Konfrontation: Queere R\u00e4ume, fragile Solidarit\u00e4ten und die Kunst des Widerspruch<\/h4><h5 style=\"text-align: left\" class=\"vc_custom_heading vc_do_custom_heading\" >Mit Joshua\u202fAmissah, Antke\u202fAntek Engel, Jan\u202fGro\u00dfer, Mati\u202fKlitg\u00e5rd und Eric\u202fLe\u202fRouge, moderiert von Neo\u202fSeefried.<\/h5>\n\t<div class=\"wpb_text_column wpb_content_element\" >\n\t\t<div class=\"wpb_wrapper\">\n\t\t\t\n\t\t<\/div>\n\t<\/div>\n\n\t<div class=\"wpb_text_column wpb_content_element\" >\n\t\t<div class=\"wpb_wrapper\">\n\t\t\t<p>Unsere Podiumsdiskussion untersucht, warum Konflikte in queeren R\u00e4umen oft so schwer auszutragen sind \u2013 und wie das Bed\u00fcrfnis nach Harmonie, Praktiken der F\u00fcrsorge und politische Erwartungen diese Dynamiken pr\u00e4gen.<\/p>\n<p>F\u00fcr dieses Gespr\u00e4ch laden wir Joshua\u202fAmissah, Autor und Kurator mit Fokus auf Black\u202fQueer\u202fPerspectives; Antke\u202fAntek\u202fEngel, Philosoph*in und Gr\u00fcnder*in des <em>Institute for Queer Theory<\/em> in Berlin; Jan\u202fGro\u00dfer, Psychiater und Psychotherapeut; Mati\u202fKlitg\u00e5rd, Facilitator und Gr\u00fcnder*in des <em>Gay\u202fConsent.Lab<\/em>; sowie Eric\u202fLe\u202fRouge, Leiter von Instinct\u202fArt sowie Mitbegr\u00fcnder von we\u202fare\u202fvillage, ein.<\/p>\n<p>Moderiert wird die Diskussion von Neo\u202fSeefried, Facilitator der Workshop\u2011Reihe <em>Radical\u202fEmpathy\u202f\u2013\u202fQueer\u202fStorytelling\u202ffor\u202fConnection<\/em> und Co\u2011Kurator*in von <em>Instinct\u202fArt<\/em>.<\/p>\n<p>Zwischen dem Bed\u00fcrfnis nach Sicherheit und der Forderung nach Sichtbarkeit stellen wir die Frage, was queere Identit\u00e4t heute bedeutet: gelebte Erfahrung, politisches Projekt \u2013 oder beides zugleich?<\/p>\n\n\t\t<\/div>\n\t<\/div>\n<div class=\"vc_separator wpb_content_element vc_separator_align_center vc_sep_width_100 vc_sep_pos_align_center vc_separator_no_text vc_sep_color_grey wpb_content_element  wpb_content_element\" ><span class=\"vc_sep_holder vc_sep_holder_l\"><span class=\"vc_sep_line\"><\/span><\/span><span class=\"vc_sep_holder vc_sep_holder_r\"><span class=\"vc_sep_line\"><\/span><\/span>\n<\/div>\n\t<div class=\"wpb_text_column wpb_content_element\" >\n\t\t<div class=\"wpb_wrapper\">\n\t\t\t<p><strong>\u00dcber Instinct<br \/>\n<\/strong>Instinct.berlin ist eine Kunstorganisation, die zweimal j\u00e4hrlich Ausstellungen mit queeren K\u00fcnstler:innen im Village, einem Community Center f\u00fcr queere Menschen in Berlin, pr\u00e4sentiert. Diese Ausstellungen, zusammen mit Performances und Gespr\u00e4chen, f\u00f6rdern die Interaktion zwischen K\u00fcnstler:innen und der lokalen Community.<\/p>\n<p>Das Residenzprogramm erm\u00f6glicht es den K\u00fcnstler:innen, sich intensiv mit der lebendigen Atmosph\u00e4re des Village auseinanderzusetzen und eine Br\u00fccke zwischen ihrer Arbeit und der breiteren queeren Community zu schlagen. Diese Zusammenarbeit bereichert den kulturellen Dialog und unterst\u00fctzt die Entwicklung queerer Kunstprojekte, was sowohl den K\u00fcnstlerinnen als auch der Gemeinschaft insgesamt zugutekommt.<\/p>\n\n\t\t<\/div>\n\t<\/div>\n<div class=\"vc_separator wpb_content_element vc_separator_align_center vc_sep_width_100 vc_sep_pos_align_center vc_separator_no_text vc_sep_color_grey wpb_content_element  wpb_content_element\" ><span class=\"vc_sep_holder vc_sep_holder_l\"><span class=\"vc_sep_line\"><\/span><\/span><span class=\"vc_sep_holder vc_sep_holder_r\"><span class=\"vc_sep_line\"><\/span><\/span>\n<\/div>\n\t<div class=\"wpb_text_column wpb_content_element\" >\n\t\t<div class=\"wpb_wrapper\">\n\t\t\t<div class=\"page\" title=\"Page 1\">\n<div class=\"section\">\n<div class=\"layoutArea\">\n<div class=\"column\">\n<div class=\"page\" title=\"Page 1\">\n<div class=\"section\">\n<div class=\"layoutArea\">\n<div class=\"column\">\n<p>Schau auf <strong><a href=\"https:\/\/www.instinct.berlin\/\">www.instinct.berlin<\/a><\/strong> vorbei, um die K\u00fcnstler, Programmdetails und \u00d6ffnungszeiten zu finden.<\/p>\n<\/div>\n<\/div>\n<\/div>\n<\/div>\n<\/div>\n<\/div>\n<\/div>\n<\/div>\n\n\t\t<\/div>\n\t<\/div>\n<\/div><\/div><\/div><\/div>\n<\/div>","protected":false},"excerpt":{"rendered":"<p><strong>Instinct #20<br \/>\nPodiumsdiskussion Zwischen F\u00fcrsorge und Konfrontation<br \/>\n19:00 \u2013 21:00<\/strong><\/p>\n<p class=\"p1\"><strong>| <span style=\"color: #ec6c23;\">LGBTQI+ <\/span>|<\/strong><\/p>\n<p>Unsere Podiumsdiskussion <strong>\u201eBetween\u202fCare\u202fand\u202fConfrontation\u201c<\/strong> fragt, warum Konflikte in queeren R\u00e4umen oft so schwer auszutragen sind \u2013 und wie Harmoniebed\u00fcrfnis, F\u00fcrsorge und politische Erwartungen dabei zusammenwirken.<\/p>\n<p>Mit <strong>Joshua\u202fAmissah, Antke\u202fAntek Engel<\/strong>, <strong>Jan\u202fGro\u00dfer<\/strong>, <strong>Mati\u202fKlitg\u00e5rd<\/strong> und <strong>Eric\u202fLe\u202fRouge<\/strong>,<br \/>\nModeration: <strong>Neo\u202fSeefried.<\/strong><\/p>\n","protected":false},"author":12,"featured_media":41887,"template":"","meta":{"pmpro_default_level":"","inline_featured_image":false},"product_brand":[],"product_cat":[769],"product_tag":[469],"class_list":{"0":"post-41744","1":"product","2":"type-product","3":"status-publish","4":"has-post-thumbnail","6":"product_cat-kostenloser-zugang","7":"product_tag-lgbtqiaplus","8":"pmpro-has-access","10":"first","11":"outofstock","12":"product-type-simple"},"wpml_current_locale":"de_DE","wpml_translations":{"en_US":{"locale":"en_US","id":41745,"slug":"instinct-20-zwischen-fuersorge-und-konfrontation-queere-raeume-fragile-solidaritaeten-und-die-kunst-des-widerspruch","post_title":"Instinct #20 | Panel Discussion","href":"http:\/\/wav.wearevillage.org\/en\/shop\/instinct-panel\/w15-2026"}},"language":{"code":"de","locale":"","name":"","is_rtl":false},"_links":{"self":[{"href":"http:\/\/wav.wearevillage.org\/wp-json\/wp\/v2\/product\/41744","targetHints":{"allow":["GET"]}}],"collection":[{"href":"http:\/\/wav.wearevillage.org\/wp-json\/wp\/v2\/product"}],"about":[{"href":"http:\/\/wav.wearevillage.org\/wp-json\/wp\/v2\/types\/product"}],"author":[{"embeddable":true,"href":"http:\/\/wav.wearevillage.org\/wp-json\/wp\/v2\/users\/12"}],"wp:featuredmedia":[{"embeddable":true,"href":"http:\/\/wav.wearevillage.org\/wp-json\/wp\/v2\/media\/41887"}],"wp:attachment":[{"href":"http:\/\/wav.wearevillage.org\/wp-json\/wp\/v2\/media?parent=41744"}],"wp:term":[{"taxonomy":"product_brand","embeddable":true,"href":"http:\/\/wav.wearevillage.org\/wp-json\/wp\/v2\/product_brand?post=41744"},{"taxonomy":"product_cat","embeddable":true,"href":"http:\/\/wav.wearevillage.org\/wp-json\/wp\/v2\/product_cat?post=41744"},{"taxonomy":"product_tag","embeddable":true,"href":"http:\/\/wav.wearevillage.org\/wp-json\/wp\/v2\/product_tag?post=41744"}],"curies":[{"name":"wp","href":"https:\/\/api.w.org\/{rel}","templated":true}]}}