{"id":6588,"date":"2023-06-15T15:33:15","date_gmt":"2023-06-15T13:33:15","guid":{"rendered":"http:\/\/wav.wearevillage.org\/?post_type=product&#038;p=6588"},"modified":"2023-06-15T15:42:17","modified_gmt":"2023-06-15T13:42:17","slug":"village-book-club-2","status":"publish","type":"product","link":"http:\/\/wav.wearevillage.org\/shop\/book-club\/w31\/","title":{"rendered":"Village Book Club"},"content":{"rendered":"<div class=\"wpb-content-wrapper\"><div class=\"vc_row wpb_row vc_row-fluid\"><div class=\"wpb_column vc_column_container vc_col-sm-10\"><div class=\"vc_column-inner\"><div class=\"wpb_wrapper\"><\/div><\/div><\/div><div class=\"wpb_column vc_column_container vc_col-sm-2\"><div class=\"vc_column-inner\"><div class=\"wpb_wrapper\"><\/div><\/div><\/div><\/div><div class=\"vc_row wpb_row vc_row-fluid\"><div class=\"wpb_column vc_column_container vc_col-sm-12\"><div class=\"vc_column-inner\"><div class=\"wpb_wrapper\"><h4 style=\"text-align: left\" class=\"vc_custom_heading vc_do_custom_heading\" >Village Book Club \u2013 \u201cDetransition, Baby\u201d by Torrey Peters (2021)<\/p>\n<p><\/h4><h5 style=\"text-align: left\" class=\"vc_custom_heading vc_do_custom_heading\" >Moderator: Marco Astolfi<\/h5>\n\t<div class=\"wpb_text_column wpb_content_element\" >\n\t\t<div class=\"wpb_wrapper\">\n\t\t\t<div class=\"page\" title=\"Page 1\">\n<div class=\"section\">\n<div class=\"layoutArea\">\n<div class=\"column\">\n<div class=\"page\" title=\"Page 1\">\n<div class=\"section\">\n<div class=\"layoutArea\">\n<div class=\"column\">\n<p>Buch-Club \u201eBekenntnisse einer Maske\u201c von Yukio Mishima (1949)<\/p>\n<p>New York. Das Leben als Transfrau war f\u00fcr Amy letztlich zu schwierig, und so beschloss sie nach sechs Jahren, zu \u201edetransition\u201c und wieder zu Ames zu werden.<br \/>\nAls Katrina, Ames\u2018 aktuelle Geliebte, entdeckt, dass sie mit seinem Kind schwanger ist, ist das ein Schock. Ames glaubte, aufgrund seiner Hormonersatztherapie unfruchtbar zu sein, und zweifelt daran, dass er die m\u00e4nnliche Rolle eines Vaters erf\u00fcllen kann.<\/p>\n<p>Er trifft sich wieder mit Reese, seiner ehemaligen transsexuellen Geliebten, die sich schon lange ein eigenes Kind w\u00fcnscht, und glaubt, dass die drei das Kind gemeinsam gro\u00dfziehen k\u00f6nnen. Ames, Reese und Katrina bezweifeln ihre Identit\u00e4t, ihre Beziehungen zueinander und ob sie eine stabile, wenn auch unkonventionelle Familie bilden k\u00f6nnen. Der Roman ist im Stil einer Seifenoper geschrieben. Autorin Torrey Peters sagt, sie wolle Trans-Personen nicht als eine bedr\u00e4ngte Gruppe darstellen, sondern einfach als allt\u00e4gliche, langweilige, fehlerhafte Menschen.<\/p>\n<\/div>\n<\/div>\n<\/div>\n<\/div>\n<\/div>\n<\/div>\n<\/div>\n<\/div>\n\n\t\t<\/div>\n\t<\/div>\n\n\t<div class=\"wpb_text_column wpb_content_element\" >\n\t\t<div class=\"wpb_wrapper\">\n\t\t\t<div class=\"page\" title=\"Page 1\">\n<div class=\"section\">\n<div class=\"layoutArea\">\n<div class=\"column\">\n<div class=\"page\" title=\"Page 1\">\n<div class=\"section\">\n<div class=\"layoutArea\">\n<div class=\"column\">\n<p>Die Diskussion werden wir auf Englisch f\u00fchren (mit \u00dcbersetzung vom und ins Deutsche, wenn n\u00f6tig).<br \/>\nViel Freude beim Lesen!<\/p>\n<p>Der Village Book Club lief im September 2017 auf mit einer Diskussion \u00fcber \u201eThe Velvet Rage\u201c. Seitdem treffen sich B\u00fccherliebhaber und B\u00fcchernarren alle zwei Monate live oder online und diskutieren sie \u00fcber Belletristik und Sachb\u00fccher (Romane, Biografien und Essays) die mit GBTQ-Themen und -Pers\u00f6nlichkeiten zu tun haben. Die B\u00fccher sind sowohl in englischer als auch in deutscher Sprache erh\u00e4ltlich.<\/p>\n<\/div>\n<\/div>\n<\/div>\n<\/div>\n<\/div>\n<\/div>\n<\/div>\n<\/div>\n\n\t\t<\/div>\n\t<\/div>\n<\/div><\/div><\/div><\/div>\n<\/div>","protected":false},"excerpt":{"rendered":"<h5>Dienstags (jeden zweiten Monat)<br \/>\n20:00 \u2013 22:00<br \/>\nEintritt frei<\/h5>\n<p class=\"p1\"><strong>| <span style=\"color: #ec6c23;\">GBTQ men*<\/span>\u00a0|<\/strong><\/p>\n<p class=\"x11i5rnm xat24cr x1mh8g0r x1vvkbs xtlvy1s\">New York. Das Leben als Transfrau war f\u00fcr Amy letztlich zu schwierig, und so beschloss sie nach sechs Jahren, zu \u201edetransition\u201c und wieder zu Ames zu werden. Als Katrina, Ames\u2018 aktuelle Geliebte, entdeckt, dass sie mit seinem Kind schwanger ist, ist das ein Schock.<\/p>\n<p>\u201cDetransition, Baby\u201d<br \/>\nby Torrey Peters (2021)<\/p>\n","protected":false},"author":14,"featured_media":6598,"template":"","meta":{"pmpro_default_level":"","inline_featured_image":false},"product_brand":[],"product_cat":[77,79],"product_tag":[256],"class_list":{"0":"post-6588","1":"product","2":"type-product","3":"status-publish","4":"has-post-thumbnail","6":"product_cat-community-events","7":"product_cat-monatliche-events","8":"product_tag-gbtq-men","9":"pmpro-has-access","11":"first","12":"outofstock","13":"purchasable","14":"product-type-variable"},"wpml_current_locale":"de_DE","wpml_translations":{"en_US":{"locale":"en_US","id":6589,"slug":"village-book-club-kopie","post_title":"Village Book Club","href":"http:\/\/wav.wearevillage.org\/en\/shop\/book-club\/w31"}},"language":{"code":"de","locale":"","name":"","is_rtl":false},"_links":{"self":[{"href":"http:\/\/wav.wearevillage.org\/wp-json\/wp\/v2\/product\/6588","targetHints":{"allow":["GET"]}}],"collection":[{"href":"http:\/\/wav.wearevillage.org\/wp-json\/wp\/v2\/product"}],"about":[{"href":"http:\/\/wav.wearevillage.org\/wp-json\/wp\/v2\/types\/product"}],"author":[{"embeddable":true,"href":"http:\/\/wav.wearevillage.org\/wp-json\/wp\/v2\/users\/14"}],"wp:featuredmedia":[{"embeddable":true,"href":"http:\/\/wav.wearevillage.org\/wp-json\/wp\/v2\/media\/6598"}],"wp:attachment":[{"href":"http:\/\/wav.wearevillage.org\/wp-json\/wp\/v2\/media?parent=6588"}],"wp:term":[{"taxonomy":"product_brand","embeddable":true,"href":"http:\/\/wav.wearevillage.org\/wp-json\/wp\/v2\/product_brand?post=6588"},{"taxonomy":"product_cat","embeddable":true,"href":"http:\/\/wav.wearevillage.org\/wp-json\/wp\/v2\/product_cat?post=6588"},{"taxonomy":"product_tag","embeddable":true,"href":"http:\/\/wav.wearevillage.org\/wp-json\/wp\/v2\/product_tag?post=6588"}],"curies":[{"name":"wp","href":"https:\/\/api.w.org\/{rel}","templated":true}]}}