{"id":7609,"date":"2023-06-27T16:19:29","date_gmt":"2023-06-27T14:19:29","guid":{"rendered":"http:\/\/wav.wearevillage.org\/?post_type=product&#038;p=7609"},"modified":"2023-11-21T14:18:23","modified_gmt":"2023-11-21T13:18:23","slug":"village-film-night-3","status":"publish","type":"product","link":"http:\/\/wav.wearevillage.org\/shop\/village-film\/w48\/","title":{"rendered":"Village Film Night \u2013 \u201eLes Rencontres d\u2019apr\u00e8s minuit\u201c"},"content":{"rendered":"<div class=\"wpb-content-wrapper\"><div class=\"vc_row wpb_row vc_row-fluid\"><div class=\"wpb_column vc_column_container vc_col-sm-10\"><div class=\"vc_column-inner\"><div class=\"wpb_wrapper\"><\/div><\/div><\/div><div class=\"wpb_column vc_column_container vc_col-sm-2\"><div class=\"vc_column-inner\"><div class=\"wpb_wrapper\"><\/div><\/div><\/div><\/div><div class=\"vc_row wpb_row vc_row-fluid\"><div class=\"wpb_column vc_column_container vc_col-sm-12\"><div class=\"vc_column-inner\"><div class=\"wpb_wrapper\"><h4 style=\"text-align: left\" class=\"vc_custom_heading vc_do_custom_heading\" >Village Film Night \u2013 \"Les Rencontres d\u2019apr\u00e8s minuit\" (\"Begegnungen nach Mitternacht\" ), Yann Gonzalez, 2013 - 91 mins, franz\u00f6sisch mit englischen Untertiteln<\/h4><h5 style=\"text-align: left\" class=\"vc_custom_heading vc_do_custom_heading\" >David Le Guillermic<\/h5>\n\t<div class=\"wpb_text_column wpb_content_element\" >\n\t\t<div class=\"wpb_wrapper\">\n\t\t\t<p>Ein junges Paar l\u00e4dt um Mitternacht Fremde zu einer erotischen Party ein. Ihr l\u00fcsternes Dienstm\u00e4dchen serviert Whiskey und Poppers, eine Jukebox spielt die passende Musik zur Stimmung der G\u00e4ste. Nach und nach erscheinen: die uners\u00e4ttliche \u201eSchlampe\u201c, der \u00fcberdurchschnittlich ausgestattete \u201eHengst\u201c, der von zuhause ausgerissene \u201eTeenager\u201c und der unnahbare \u201eStar\u201c.\u00a0Um sich kennen zu lernen, erz\u00e4hlen sich die G\u00e4ste aus ihrem Leben, von ihren Tr\u00e4umen und Sehns\u00fcchten. Dann taucht ein letzter, unerwarteter Gast auf.<\/p>\n<p>Die monatliche Filmnacht von Village.Berlin hat sich zu einem Muss f\u00fcr Cineasten entwickelt, die eine Auswahl an beliebten Klassikern genie\u00dfen wollen. Das Programm umfasst eine breite Erkundung queerer und nicht-normativer Perspektiven in verschiedenen Genres und k\u00fcnstlerischen Stilen, die \u00fcber LGBTQI+Themen hinausgehen. Nach jeder Vorf\u00fchrung werden die G\u00e4ste zum Verweilen und zur Teilnahme an entspannten Gruppendiskussionen \u00fcber die Filme und damit verbundene Themen eingeladen.<\/p>\n\n\t\t<\/div>\n\t<\/div>\n<\/div><\/div><\/div><\/div>\n<\/div>","protected":false},"excerpt":{"rendered":"<h5>Dienstag (einmal im Monat)<br \/>\n19:30 \u2013 22:30<br \/>\nEintritt frei<\/h5>\n<p class=\"p1\"><strong>| <span style=\"color: #ec6c23;\">LGBTQIA+<\/span>|<\/strong><\/p>\n<p>Die monatliche Filmnacht von Village.Berlin hat sich zu einem Muss f\u00fcr Cineasten entwickelt, die eine Auswahl an beliebten Klassikern genie\u00dfen wollen. Das Programm umfasst eine breite Erkundung queerer und nicht-normativer Perspektiven in verschiedenen Genres und k\u00fcnstlerischen Stilen, die \u00fcber LGBTQI+Themen hinausgehen.<\/p>\n","protected":false},"author":12,"featured_media":9209,"template":"","meta":{"pmpro_default_level":"","inline_featured_image":false},"product_brand":[],"product_cat":[77,769,79],"product_tag":[469],"class_list":{"0":"post-7609","1":"product","2":"type-product","3":"status-publish","4":"has-post-thumbnail","6":"product_cat-community-events","7":"product_cat-kostenloser-zugang","8":"product_cat-monatliche-events","9":"product_tag-lgbtqiaplus","10":"pmpro-has-access","12":"first","13":"outofstock","14":"purchasable","15":"product-type-variable"},"wpml_current_locale":"de_DE","wpml_translations":{"en_US":{"locale":"en_US","id":7610,"slug":"village-film-night-kopie","post_title":"Village Film Night \u2013 Les Rencontres d\u2019apr\u00e8s minuit","href":"http:\/\/wav.wearevillage.org\/en\/shop\/village-film\/w48"}},"language":{"code":"de","locale":"","name":"","is_rtl":false},"_links":{"self":[{"href":"http:\/\/wav.wearevillage.org\/wp-json\/wp\/v2\/product\/7609","targetHints":{"allow":["GET"]}}],"collection":[{"href":"http:\/\/wav.wearevillage.org\/wp-json\/wp\/v2\/product"}],"about":[{"href":"http:\/\/wav.wearevillage.org\/wp-json\/wp\/v2\/types\/product"}],"author":[{"embeddable":true,"href":"http:\/\/wav.wearevillage.org\/wp-json\/wp\/v2\/users\/12"}],"wp:featuredmedia":[{"embeddable":true,"href":"http:\/\/wav.wearevillage.org\/wp-json\/wp\/v2\/media\/9209"}],"wp:attachment":[{"href":"http:\/\/wav.wearevillage.org\/wp-json\/wp\/v2\/media?parent=7609"}],"wp:term":[{"taxonomy":"product_brand","embeddable":true,"href":"http:\/\/wav.wearevillage.org\/wp-json\/wp\/v2\/product_brand?post=7609"},{"taxonomy":"product_cat","embeddable":true,"href":"http:\/\/wav.wearevillage.org\/wp-json\/wp\/v2\/product_cat?post=7609"},{"taxonomy":"product_tag","embeddable":true,"href":"http:\/\/wav.wearevillage.org\/wp-json\/wp\/v2\/product_tag?post=7609"}],"curies":[{"name":"wp","href":"https:\/\/api.w.org\/{rel}","templated":true}]}}